{"id":919,"date":"2018-03-15T12:01:46","date_gmt":"2018-03-15T11:01:46","guid":{"rendered":"https:\/\/aletlesbains.com\/site\/?page_id=919"},"modified":"2018-04-09T23:29:51","modified_gmt":"2018-04-09T21:29:51","slug":"histoire-dalet-les-bains","status":"publish","type":"page","link":"https:\/\/aletlesbains.com\/site\/histoire-dalet-les-bains\/?lang=fr","title":{"rendered":"Histoire d&rsquo;Alet Les Bains"},"content":{"rendered":"[et_pb_section bb_built=\u00a0\u00bb1&Prime;][et_pb_row][et_pb_column type=\u00a0\u00bb4_4&Prime;][et_pb_text _builder_version=\u00a0\u00bb3.0.106&Prime; background_layout=\u00a0\u00bblight\u00a0\u00bb]\n<h2>L\u2019histoire d\u2019Alet<\/h2>\n<p>Le village d&rsquo;Alet, dont l\u2019\u00e9tymologie \u00e9tait \u00ab Electus \u00bb, ce qui veut dire \u00ab lieu choisi \u00bb, fut remarqu\u00e9 tr\u00e8s t\u00f4t par les Romains pour ses sources thermales. Il semblerait d\u2019ailleurs que le sanctuaire primitif de l\u2019abbaye ait \u00e9t\u00e9 \u00e9difi\u00e9 sur un antique Fanum* de Diane.<\/p>\n<p>Mais les premi\u00e8res manifestations de l\u2019\u00e9glise des Gaules se traduisent par la fondation d\u2019un couvent au 6\u00b0 si\u00e8cle. Ses d\u00e9buts s\u2019av\u00e8rent modestes et difficiles. Il faudra, 2 si\u00e8cles plus tard, le soutien de Charlemagne et de Bera comte du RAZES pour d\u00e9velopper l\u2019abbaye plac\u00e9e sous la r\u00e8gle de Saint Beno\u00eet. Les abb\u00e9s s\u2019y succ\u00e9deront sans qu\u2019aucun \u00e9v\u00e9nement vienne rehausser leur minist\u00e8re. On retiendra cependant le passage \u00e0 Alet du pape Urbain II qui fit offrir \u00e0 l\u2019abbaye la relique d\u2019un fragment de la Vraie Croix. L\u2019abbaye devenait alors un lieu de p\u00e8lerinage qui conna\u00eetra son apog\u00e9e jusqu\u2019en 1318, ann\u00e9e o\u00f9 elle fut \u00e9rig\u00e9e en \u00e9v\u00each\u00e9. En effet, Jean XXII dans sa politique de cr\u00e9ation de villes \u00e9piscopales \u00e9tait soucieux de ma\u00eetriser ce pays montagneux favorable au Catharisme et proche des forteresses h\u00e9r\u00e9tiques. Ce nouveau dioc\u00e8se \u00e9tait alors form\u00e9 de quatre vingt paroisses allant de Saint-Paul-de-Fenouillet \u00e0 Formigu\u00e8res.<\/p>\n<p>Trente cinq \u00e9v\u00eaques se succ\u00e9deront \u00e0 Alet. Durant leur minist\u00e8re, nous retiendrons deux \u00e9v\u00e8nements importants :<\/p>\n<p>Au XVI\u00b0 si\u00e8cle un drame vient noircir \u00e0 jamais l\u2019histoire de ce dioc\u00e8se. Le 6 janvier 1577 les huguenots s\u2019emparent d\u2019Alet qu\u2019ils d\u00e9vastent et d\u00e9truisent la cath\u00e9drale. Ce magnifique \u00e9difice roman ne sera jamais reconstruit et les \u00e9v\u00eaques am\u00e9nageront en lieu de culte l\u2019ancien r\u00e9fectoire des b\u00e9n\u00e9dictins d\u00e9di\u00e9 \u00e0 saint Beno\u00eet. Cette petite cath\u00e9drale d\u2019emprunt sera saisie \u00e0 la R\u00e9volution et d\u00e9molie l\u2019ann\u00e9e suivante tandis que les restes du ch\u0153ur gothique seront vendus comme biens nationaux.<\/p>\n<p>Parmi ces trente cinq \u00e9v\u00eaques, une grande figure au XVII\u00b0 si\u00e8cle marquera au del\u00e0 de son dioc\u00e8se l\u2019histoire de France. Nicolas Pavillon 29\u00b0 \u00e9v\u00eaque d\u2019Alet de1637 \u00e0 1677, homme de rigueur qu\u2019on disait proche du Jans\u00e9nisme et de Port-Royal, sera au temps de Louis XIV, par son ind\u00e9pendance et sa vertu, un des \u00e9v\u00eaques les plus marquants de l\u2019\u00e9glise de France.<\/p>\n<p>Bien abrit\u00e9 entre des collines qui ont des pr\u00e9tentions de montagnes, Alet au bord de l\u2019Aude est l\u2019image m\u00eame de ces villages languedociens que les si\u00e8cles n\u2019ont gu\u00e8re entam\u00e9s.<\/p>\n<p>Le village m\u00e9di\u00e9val enserr\u00e9 dans ses remparts du XII\u00b0 si\u00e8cle s\u2019organise autour de la place en \u00e9toile d\u2019o\u00f9 s\u2019\u00e9chappent des ruelles pittoresques bord\u00e9es de demeures du XIII\u00b0, XIV\u00b0 et XV\u00b0 si\u00e8cles \u00e0 colombages et encorbellements.<\/p>\n<p>La cath\u00e9drale visible par sa haute tour ruin\u00e9e r\u00e9v\u00e8le une architecture romane des plus fouill\u00e9e et digne d\u2019int\u00e9r\u00eat. Toute de gr\u00e8s jaune et rouge, on remarquera au del\u00e0 de la nef centrale et des bas c\u00f4t\u00e9s de six trav\u00e9es, le ch\u0153ur et son chevet d\u00e9cor\u00e9 \u00e0 \u00ab l\u2019antique \u00bb de magnifiques chapiteaux d\u2019acanthes. La fa\u00e7ade m\u00e9ridionale accessible par le cimeti\u00e8re m\u00e9rite une visite. On voit 3 figures animales : un f\u00e9lin, un taureau et un lion chevauch\u00e9 par un cavalier dont on n\u2019aper\u00e7oit plus que la jambe. Au portail se trouve un ange thurif\u00e9raire et un orant prostern\u00e9. Avant de quitter le cimeti\u00e8re \u00e0 noter la dalle fun\u00e9raire sans inscription au pied d\u2019une croix de pierre de Nicolas Pavillon et contre la paroi, la tombe de Roger PEYREFITTE, auteur des \u00ab Amiti\u00e9s Particuli\u00e8res \u00bb.<br \/>\nA noter la vue d\u00e9gag\u00e9e de la fa\u00e7ade sud de la cath\u00e9drale,sur laquelle apparaissent quelques signes du zodiaque.<\/p>\n<p>Sur le flanc nord de la nef, la salle capitulaire qui jouxte le clocher fut utilis\u00e9e par les \u00e9v\u00eaques en remplacement de la cath\u00e9drale en ruine. Dat\u00e9e du 12\u00b0 si\u00e8cle elle s\u2019ouvre par trois arcades \u00e0 l\u2019origine galerie orientale du clo\u00eetre. Ses chapiteaux romans sont dignes d\u2019int\u00e9r\u00eat (fuite en \u00c9gypte, cavalier, bouquetins, annonciation, chasse \u00e0 l\u2019ours, ange d\u00e9signant la croix, oiseaux).<\/p>\n<p>Avant de p\u00e9n\u00e9trer dans l&rsquo;\u00e9glise St-Andr\u00e9, observez sur la placette un calvaire int\u00e9ressant du XVII\u00b0.<\/p>\n<p>Jouxtant Notre-Dame d&rsquo;Alet les bains, l&rsquo;ancienne cath\u00e9drale,l&rsquo;\u00e9glise paroissiale St-Andr\u00e9, qui date de la fin du XIV\u00b0 si\u00e8cle, poss\u00e8de des fresques b\u00e9n\u00e9dictines et un portail renaissance du XV\u00b0. De style gothique m\u00e9ridional ,le clocher en forme de fl\u00e8che octogonale ainsi que les rosaces r\u00e9alis\u00e9es r\u00e9cemment, \u00e0 la fin XIX\u00b0.<\/p>\n<p>*(petit temple gallo-romain)<\/p>\n[\/et_pb_text][\/et_pb_column][\/et_pb_row][\/et_pb_section]","protected":false},"excerpt":{"rendered":"<p><div class=\"et_pb_row et_pb_row_0 et_pb_row_empty\">\n\t\t\t\t\n\t\t\t\t\n\t\t\t\t\n\t\t\t<\/div> L\u2019histoire d\u2019Alet Le village d&rsquo;Alet, dont l\u2019\u00e9tymologie \u00e9tait \u00ab Electus \u00bb, ce qui veut dire \u00ab lieu choisi \u00bb, fut remarqu\u00e9 tr\u00e8s t\u00f4t par les Romains pour ses sources thermales. Il semblerait d\u2019ailleurs que le sanctuaire primitif de l\u2019abbaye ait \u00e9t\u00e9 \u00e9difi\u00e9 sur un antique Fanum* de Diane. Mais les premi\u00e8res manifestations de l\u2019\u00e9glise [&hellip;]<\/p>\n","protected":false},"author":2,"featured_media":0,"parent":0,"menu_order":0,"comment_status":"closed","ping_status":"closed","template":"","meta":{"_et_pb_use_builder":"on","_et_pb_old_content":"","_et_gb_content_width":"","footnotes":""},"categories":[],"tags":[],"class_list":["post-919","page","type-page","status-publish","hentry"],"yoast_head":"<!-- This site is optimized with the Yoast SEO plugin v27.1.1 - https:\/\/yoast.com\/product\/yoast-seo-wordpress\/ -->\n<title>Histoire d&#039;Alet Les Bains - Mairie d&#039;Alet les bains - site Officiel<\/title>\n<meta name=\"robots\" content=\"index, follow, max-snippet:-1, max-image-preview:large, max-video-preview:-1\" \/>\n<link rel=\"canonical\" href=\"https:\/\/aletlesbains.com\/site\/histoire-dalet-les-bains\/\" \/>\n<meta property=\"og:locale\" content=\"fr_FR\" \/>\n<meta property=\"og:type\" content=\"article\" \/>\n<meta property=\"og:title\" content=\"[:fr]Histoire d&#039;Alet Les Bains[:en]His[:es]His[:] - Mairie d&#039;Alet les bains - site Officiel\" \/>\n<meta property=\"og:description\" content=\"L\u2019histoire d\u2019Alet Le village d&#039;Alet, dont l\u2019\u00e9tymologie \u00e9tait \u00ab Electus \u00bb, ce qui veut dire \u00ab lieu choisi \u00bb, fut remarqu\u00e9 tr\u00e8s t\u00f4t par les Romains pour ses sources thermales. Il semblerait d\u2019ailleurs que le sanctuaire primitif de l\u2019abbaye ait \u00e9t\u00e9 \u00e9difi\u00e9 sur un antique Fanum* de Diane. Mais les premi\u00e8res manifestations de l\u2019\u00e9glise [&hellip;]\" \/>\n<meta property=\"og:url\" content=\"https:\/\/aletlesbains.com\/site\/histoire-dalet-les-bains\/\" \/>\n<meta property=\"og:site_name\" content=\"Mairie d&#039;Alet les bains - site Officiel\" \/>\n<meta property=\"article:modified_time\" content=\"2018-04-09T21:29:51+00:00\" \/>\n<meta name=\"twitter:card\" content=\"summary_large_image\" \/>\n<meta name=\"twitter:label1\" content=\"Dur\u00e9e de lecture estim\u00e9e\" \/>\n\t<meta name=\"twitter:data1\" content=\"4 minutes\" \/>\n<script type=\"application\/ld+json\" class=\"yoast-schema-graph\">{\"@context\":\"https:\/\/schema.org\",\"@graph\":[{\"@type\":\"WebPage\",\"@id\":\"https:\/\/aletlesbains.com\/site\/histoire-dalet-les-bains\/\",\"url\":\"https:\/\/aletlesbains.com\/site\/histoire-dalet-les-bains\/\",\"name\":\"[:fr]Histoire d'Alet Les Bains[:en]His[:es]His[:] - Mairie d&#039;Alet les bains - site Officiel\",\"isPartOf\":{\"@id\":\"https:\/\/aletlesbains.com\/site\/#website\"},\"datePublished\":\"2018-03-15T11:01:46+00:00\",\"dateModified\":\"2018-04-09T21:29:51+00:00\",\"breadcrumb\":{\"@id\":\"https:\/\/aletlesbains.com\/site\/histoire-dalet-les-bains\/#breadcrumb\"},\"inLanguage\":\"fr-FR\",\"potentialAction\":[{\"@type\":\"ReadAction\",\"target\":[\"https:\/\/aletlesbains.com\/site\/histoire-dalet-les-bains\/\"]}]},{\"@type\":\"BreadcrumbList\",\"@id\":\"https:\/\/aletlesbains.com\/site\/histoire-dalet-les-bains\/#breadcrumb\",\"itemListElement\":[{\"@type\":\"ListItem\",\"position\":1,\"name\":\"Accueil\",\"item\":\"https:\/\/aletlesbains.com\/site\/\"},{\"@type\":\"ListItem\",\"position\":2,\"name\":\"Histoire d&rsquo;Alet Les Bains\"}]},{\"@type\":\"WebSite\",\"@id\":\"https:\/\/aletlesbains.com\/site\/#website\",\"url\":\"https:\/\/aletlesbains.com\/site\/\",\"name\":\"Mairie d&#039;Alet les bains - site Officiel\",\"description\":\"Village Mill\u00e9naire\",\"potentialAction\":[{\"@type\":\"SearchAction\",\"target\":{\"@type\":\"EntryPoint\",\"urlTemplate\":\"https:\/\/aletlesbains.com\/site\/?s={search_term_string}\"},\"query-input\":{\"@type\":\"PropertyValueSpecification\",\"valueRequired\":true,\"valueName\":\"search_term_string\"}}],\"inLanguage\":\"fr-FR\"}]}<\/script>\n<!-- \/ Yoast SEO plugin. -->","yoast_head_json":{"title":"[:fr]Histoire d'Alet Les Bains[:en]His[:es]His[:] - Mairie d&#039;Alet les bains - site Officiel","robots":{"index":"index","follow":"follow","max-snippet":"max-snippet:-1","max-image-preview":"max-image-preview:large","max-video-preview":"max-video-preview:-1"},"canonical":"https:\/\/aletlesbains.com\/site\/histoire-dalet-les-bains\/","og_locale":"fr_FR","og_type":"article","og_title":"[:fr]Histoire d'Alet Les Bains[:en]His[:es]His[:] - Mairie d&#039;Alet les bains - site Officiel","og_description":"L\u2019histoire d\u2019Alet Le village d'Alet, dont l\u2019\u00e9tymologie \u00e9tait \u00ab Electus \u00bb, ce qui veut dire \u00ab lieu choisi \u00bb, fut remarqu\u00e9 tr\u00e8s t\u00f4t par les Romains pour ses sources thermales. Il semblerait d\u2019ailleurs que le sanctuaire primitif de l\u2019abbaye ait \u00e9t\u00e9 \u00e9difi\u00e9 sur un antique Fanum* de Diane. Mais les premi\u00e8res manifestations de l\u2019\u00e9glise [&hellip;]","og_url":"https:\/\/aletlesbains.com\/site\/histoire-dalet-les-bains\/","og_site_name":"Mairie d&#039;Alet les bains - site Officiel","article_modified_time":"2018-04-09T21:29:51+00:00","twitter_card":"summary_large_image","twitter_misc":{"Dur\u00e9e de lecture estim\u00e9e":"4 minutes"},"schema":{"@context":"https:\/\/schema.org","@graph":[{"@type":"WebPage","@id":"https:\/\/aletlesbains.com\/site\/histoire-dalet-les-bains\/","url":"https:\/\/aletlesbains.com\/site\/histoire-dalet-les-bains\/","name":"[:fr]Histoire d'Alet Les Bains[:en]His[:es]His[:] - Mairie d&#039;Alet les bains - site Officiel","isPartOf":{"@id":"https:\/\/aletlesbains.com\/site\/#website"},"datePublished":"2018-03-15T11:01:46+00:00","dateModified":"2018-04-09T21:29:51+00:00","breadcrumb":{"@id":"https:\/\/aletlesbains.com\/site\/histoire-dalet-les-bains\/#breadcrumb"},"inLanguage":"fr-FR","potentialAction":[{"@type":"ReadAction","target":["https:\/\/aletlesbains.com\/site\/histoire-dalet-les-bains\/"]}]},{"@type":"BreadcrumbList","@id":"https:\/\/aletlesbains.com\/site\/histoire-dalet-les-bains\/#breadcrumb","itemListElement":[{"@type":"ListItem","position":1,"name":"Accueil","item":"https:\/\/aletlesbains.com\/site\/"},{"@type":"ListItem","position":2,"name":"Histoire d&rsquo;Alet Les Bains"}]},{"@type":"WebSite","@id":"https:\/\/aletlesbains.com\/site\/#website","url":"https:\/\/aletlesbains.com\/site\/","name":"Mairie d&#039;Alet les bains - site Officiel","description":"Village Mill\u00e9naire","potentialAction":[{"@type":"SearchAction","target":{"@type":"EntryPoint","urlTemplate":"https:\/\/aletlesbains.com\/site\/?s={search_term_string}"},"query-input":{"@type":"PropertyValueSpecification","valueRequired":true,"valueName":"search_term_string"}}],"inLanguage":"fr-FR"}]}},"_links":{"self":[{"href":"https:\/\/aletlesbains.com\/site\/wp-json\/wp\/v2\/pages\/919","targetHints":{"allow":["GET"]}}],"collection":[{"href":"https:\/\/aletlesbains.com\/site\/wp-json\/wp\/v2\/pages"}],"about":[{"href":"https:\/\/aletlesbains.com\/site\/wp-json\/wp\/v2\/types\/page"}],"author":[{"embeddable":true,"href":"https:\/\/aletlesbains.com\/site\/wp-json\/wp\/v2\/users\/2"}],"replies":[{"embeddable":true,"href":"https:\/\/aletlesbains.com\/site\/wp-json\/wp\/v2\/comments?post=919"}],"version-history":[{"count":2,"href":"https:\/\/aletlesbains.com\/site\/wp-json\/wp\/v2\/pages\/919\/revisions"}],"predecessor-version":[{"id":1130,"href":"https:\/\/aletlesbains.com\/site\/wp-json\/wp\/v2\/pages\/919\/revisions\/1130"}],"wp:attachment":[{"href":"https:\/\/aletlesbains.com\/site\/wp-json\/wp\/v2\/media?parent=919"}],"wp:term":[{"taxonomy":"category","embeddable":true,"href":"https:\/\/aletlesbains.com\/site\/wp-json\/wp\/v2\/categories?post=919"},{"taxonomy":"post_tag","embeddable":true,"href":"https:\/\/aletlesbains.com\/site\/wp-json\/wp\/v2\/tags?post=919"}],"curies":[{"name":"wp","href":"https:\/\/api.w.org\/{rel}","templated":true}]}}