{"id":66,"date":"2017-07-20T15:44:39","date_gmt":"2017-07-20T13:44:39","guid":{"rendered":"http:\/\/localhost\/~ben\/wordpress-4.8-fr_FR\/wordpress\/?page_id=66"},"modified":"2020-09-25T12:12:45","modified_gmt":"2020-09-25T10:12:45","slug":"abbaye","status":"publish","type":"page","link":"https:\/\/aletlesbains.com\/site\/abbaye\/?lang=fr","title":{"rendered":"L&rsquo;abbaye"},"content":{"rendered":"[et_pb_section bb_built=\u00a0\u00bb1&Prime;][et_pb_row][et_pb_column type=\u00a0\u00bb4_4&Prime;][et_pb_text]\n<img loading=\"lazy\" decoding=\"async\" src=\"http:\/\/localhost\/~ben\/wordpress-4.8-fr_FR\/wordpress\/wp-content\/uploads\/2017\/08\/clocherromanL-300x225.jpg\" alt=\"\" width=\"300\" height=\"225\" class=\"size-medium wp-image-198\" srcset=\"https:\/\/aletlesbains.com\/site\/wp-content\/uploads\/2017\/08\/clocherromanL-300x225.jpg 300w, https:\/\/aletlesbains.com\/site\/wp-content\/uploads\/2017\/08\/clocherromanL-768x576.jpg 768w, https:\/\/aletlesbains.com\/site\/wp-content\/uploads\/2017\/08\/clocherromanL-1024x768.jpg 1024w\" sizes=\"auto, (max-width: 300px) 100vw, 300px\" \/><\/p>\n<p>L&rsquo;abbaye d&rsquo;Alet les bains a \u00e9t\u00e9 b\u00e2tie au IX\u00e8me si\u00e8cle par le comte du Raz\u00e8s \u00ab\u00a0B\u00e9ra\u00a0\u00bb car il \u00e9tait soucieux de contr\u00f4ler son comt\u00e9. L&rsquo;abb\u00e9 Beno\u00eet de Saint-Hilaire fut le premier abb\u00e9 connu de ce sanctuaire.<\/p>\n<p>Les abb\u00e9s se sont succ\u00e9d\u00e9s \u00e0 la t\u00eate de l&rsquo;abbaye jusqu&rsquo;en 1318, date \u00e0 laquelle le pape Jean XXII \u00e9rige l\u2019abbaye en \u00e9v\u00each\u00e9. L\u2019abbaye devient alors la cath\u00e9drale Sainte Marie et l&rsquo;abb\u00e9 Barth\u00e9l\u00e9my devint le premier \u00e9v\u00eaque de la cath\u00e9drale.<\/p>\n<p>Lors du XVI\u00e8me si\u00e8cle, les guerres de religions auront raison de l&rsquo;abbaye dont il ne restera que des ruines.<\/p>\n<p>Durant le XIX\u00e8me si\u00e8cle Prosper M\u00e9rim\u00e9e tentera de faire classer l&rsquo;abbaye d&rsquo;Alet les bains au titre des Monuments Historiques, en vain. Il faudra attendre le d\u00e9but du XX\u00e8me si\u00e8cle pour que les premi\u00e8res mesures de sauvegarde soient prises.<\/p>\n[\/et_pb_text][\/et_pb_column][\/et_pb_row][\/et_pb_section]","protected":false},"excerpt":{"rendered":"<p><div class=\"et_pb_row et_pb_row_0 et_pb_row_empty\">\n\t\t\t\t\n\t\t\t\t\n\t\t\t\t\n\t\t\t<\/div><div class=\"et_pb_module et_pb_text et_pb_text_0  et_pb_text_align_left et_pb_bg_layout_light\">\n\t\t\t\t\n\t\t\t\t\n\t\t\t\t\n\t\t\t<\/div>  L&rsquo;abbaye d&rsquo;Alet les bains a \u00e9t\u00e9 b\u00e2tie au IX\u00e8me si\u00e8cle par le comte du Raz\u00e8s \u00ab\u00a0B\u00e9ra\u00a0\u00bb car il \u00e9tait soucieux de contr\u00f4ler son comt\u00e9. L&rsquo;abb\u00e9 Beno\u00eet de Saint-Hilaire fut le premier abb\u00e9 connu de ce sanctuaire. Les abb\u00e9s se sont succ\u00e9d\u00e9s \u00e0 la t\u00eate de l&rsquo;abbaye jusqu&rsquo;en 1318, date \u00e0 [&hellip;]<\/p>\n","protected":false},"author":1,"featured_media":48,"parent":0,"menu_order":0,"comment_status":"closed","ping_status":"closed","template":"","meta":{"_et_pb_use_builder":"on","_et_pb_old_content":"[caption id=\"attachment_198\" align=\"alignnone\" width=\"300\"]<img src=\"http:\/\/localhost\/~ben\/wordpress-4.8-fr_FR\/wordpress\/wp-content\/uploads\/2017\/08\/clocherromanL-300x225.jpg\" alt=\"\" width=\"300\" height=\"225\" class=\"size-medium wp-image-198\" \/>\r\n \r\nL'abbaye d'Alet les bains a \u00e9t\u00e9 b\u00e2tie au IX\u00e8me si\u00e8cle par le comte du Raz\u00e8s \"B\u00e9ra\" car il \u00e9tait soucieux de contr\u00f4ler son comt\u00e9. L'abb\u00e9 Beno\u00eet de Saint-Hilaire fut le premier abb\u00e9 connu de ce sanctuaire.\r\n\r\nLes abb\u00e9s se sont succ\u00e9d\u00e9s \u00e0 la t\u00eate de l'abbaye jusqu'en 1318, date \u00e0 laquelle le pape Jean XXII \u00e9rige l\u2019abbaye en \u00e9v\u00each\u00e9. L\u2019abbaye devient alors la cath\u00e9drale Sainte Marie et l'abb\u00e9 Barth\u00e9l\u00e9my devint le premier \u00e9v\u00eaque de la cath\u00e9drale.\r\n\r\nLors du XVI\u00e8me si\u00e8cle, les guerres de religions auront raison de l'abbaye dont il ne restera que des ruines.\r\n\r\nDurant le XIX\u00e8me si\u00e8cle Prosper M\u00e9rim\u00e9e tentera de faire classer l'abbaye d'Alet les bains au titre des Monuments Historiques, en vain. Il faudra attendre le d\u00e9but du XX\u00e8me si\u00e8cle pour que les premi\u00e8res mesures de sauvegarde soient prises.","_et_gb_content_width":"","footnotes":""},"categories":[],"tags":[],"class_list":["post-66","page","type-page","status-publish","has-post-thumbnail","hentry"],"yoast_head":"<!-- This site is optimized with the Yoast SEO plugin v27.1.1 - https:\/\/yoast.com\/product\/yoast-seo-wordpress\/ -->\n<title>L&#039;abbaye - Mairie d&#039;Alet les bains - site Officiel<\/title>\n<meta name=\"robots\" content=\"index, follow, max-snippet:-1, max-image-preview:large, max-video-preview:-1\" \/>\n<link rel=\"canonical\" href=\"https:\/\/aletlesbains.com\/site\/abbaye\/\" \/>\n<meta property=\"og:locale\" content=\"fr_FR\" \/>\n<meta property=\"og:type\" content=\"article\" \/>\n<meta property=\"og:title\" content=\"[:fr]L&#039;abbaye[:en]The abbey[:es]La abad\u00eda[:] - Mairie d&#039;Alet les bains - site Officiel\" \/>\n<meta property=\"og:description\" content=\"L&#039;abbaye d&#039;Alet les bains a \u00e9t\u00e9 b\u00e2tie au IX\u00e8me si\u00e8cle par le comte du Raz\u00e8s &quot;B\u00e9ra&quot; car il \u00e9tait soucieux de contr\u00f4ler son comt\u00e9. L&#039;abb\u00e9 Beno\u00eet de Saint-Hilaire fut le premier abb\u00e9 connu de ce sanctuaire. Les abb\u00e9s se sont succ\u00e9d\u00e9s \u00e0 la t\u00eate de l&#039;abbaye jusqu&#039;en 1318, date \u00e0 [&hellip;]\" \/>\n<meta property=\"og:url\" content=\"https:\/\/aletlesbains.com\/site\/abbaye\/\" \/>\n<meta property=\"og:site_name\" content=\"Mairie d&#039;Alet les bains - site Officiel\" \/>\n<meta property=\"article:modified_time\" content=\"2020-09-25T10:12:45+00:00\" \/>\n<meta property=\"og:image\" content=\"https:\/\/aletlesbains.com\/site\/wp-content\/uploads\/2017\/07\/cropped-cropped-Alet-les-Bains_22072014_4.jpg\" \/>\n\t<meta property=\"og:image:width\" content=\"2000\" \/>\n\t<meta property=\"og:image:height\" content=\"1588\" \/>\n\t<meta property=\"og:image:type\" content=\"image\/jpeg\" \/>\n<meta name=\"twitter:card\" content=\"summary_large_image\" \/>\n<meta name=\"twitter:label1\" content=\"Dur\u00e9e de lecture estim\u00e9e\" \/>\n\t<meta name=\"twitter:data1\" content=\"2 minutes\" \/>\n<script type=\"application\/ld+json\" class=\"yoast-schema-graph\">{\"@context\":\"https:\/\/schema.org\",\"@graph\":[{\"@type\":\"WebPage\",\"@id\":\"https:\/\/aletlesbains.com\/site\/abbaye\/\",\"url\":\"https:\/\/aletlesbains.com\/site\/abbaye\/\",\"name\":\"[:fr]L'abbaye[:en]The abbey[:es]La abad\u00eda[:] - Mairie d&#039;Alet les bains - site Officiel\",\"isPartOf\":{\"@id\":\"https:\/\/aletlesbains.com\/site\/#website\"},\"primaryImageOfPage\":{\"@id\":\"https:\/\/aletlesbains.com\/site\/abbaye\/#primaryimage\"},\"image\":{\"@id\":\"https:\/\/aletlesbains.com\/site\/abbaye\/#primaryimage\"},\"thumbnailUrl\":\"https:\/\/aletlesbains.com\/site\/wp-content\/uploads\/2017\/07\/cropped-cropped-Alet-les-Bains_22072014_4.jpg\",\"datePublished\":\"2017-07-20T13:44:39+00:00\",\"dateModified\":\"2020-09-25T10:12:45+00:00\",\"breadcrumb\":{\"@id\":\"https:\/\/aletlesbains.com\/site\/abbaye\/#breadcrumb\"},\"inLanguage\":\"fr-FR\",\"potentialAction\":[{\"@type\":\"ReadAction\",\"target\":[\"https:\/\/aletlesbains.com\/site\/abbaye\/\"]}]},{\"@type\":\"ImageObject\",\"inLanguage\":\"fr-FR\",\"@id\":\"https:\/\/aletlesbains.com\/site\/abbaye\/#primaryimage\",\"url\":\"https:\/\/aletlesbains.com\/site\/wp-content\/uploads\/2017\/07\/cropped-cropped-Alet-les-Bains_22072014_4.jpg\",\"contentUrl\":\"https:\/\/aletlesbains.com\/site\/wp-content\/uploads\/2017\/07\/cropped-cropped-Alet-les-Bains_22072014_4.jpg\",\"width\":2000,\"height\":1588},{\"@type\":\"BreadcrumbList\",\"@id\":\"https:\/\/aletlesbains.com\/site\/abbaye\/#breadcrumb\",\"itemListElement\":[{\"@type\":\"ListItem\",\"position\":1,\"name\":\"Accueil\",\"item\":\"https:\/\/aletlesbains.com\/site\/\"},{\"@type\":\"ListItem\",\"position\":2,\"name\":\"L&rsquo;abbaye\"}]},{\"@type\":\"WebSite\",\"@id\":\"https:\/\/aletlesbains.com\/site\/#website\",\"url\":\"https:\/\/aletlesbains.com\/site\/\",\"name\":\"Mairie d&#039;Alet les bains - site Officiel\",\"description\":\"Village Mill\u00e9naire\",\"potentialAction\":[{\"@type\":\"SearchAction\",\"target\":{\"@type\":\"EntryPoint\",\"urlTemplate\":\"https:\/\/aletlesbains.com\/site\/?s={search_term_string}\"},\"query-input\":{\"@type\":\"PropertyValueSpecification\",\"valueRequired\":true,\"valueName\":\"search_term_string\"}}],\"inLanguage\":\"fr-FR\"}]}<\/script>\n<!-- \/ Yoast SEO plugin. -->","yoast_head_json":{"title":"[:fr]L'abbaye[:en]The abbey[:es]La abad\u00eda[:] - Mairie d&#039;Alet les bains - site Officiel","robots":{"index":"index","follow":"follow","max-snippet":"max-snippet:-1","max-image-preview":"max-image-preview:large","max-video-preview":"max-video-preview:-1"},"canonical":"https:\/\/aletlesbains.com\/site\/abbaye\/","og_locale":"fr_FR","og_type":"article","og_title":"[:fr]L'abbaye[:en]The abbey[:es]La abad\u00eda[:] - Mairie d&#039;Alet les bains - site Officiel","og_description":"L'abbaye d'Alet les bains a \u00e9t\u00e9 b\u00e2tie au IX\u00e8me si\u00e8cle par le comte du Raz\u00e8s \"B\u00e9ra\" car il \u00e9tait soucieux de contr\u00f4ler son comt\u00e9. L'abb\u00e9 Beno\u00eet de Saint-Hilaire fut le premier abb\u00e9 connu de ce sanctuaire. Les abb\u00e9s se sont succ\u00e9d\u00e9s \u00e0 la t\u00eate de l'abbaye jusqu'en 1318, date \u00e0 [&hellip;]","og_url":"https:\/\/aletlesbains.com\/site\/abbaye\/","og_site_name":"Mairie d&#039;Alet les bains - site Officiel","article_modified_time":"2020-09-25T10:12:45+00:00","og_image":[{"width":2000,"height":1588,"url":"https:\/\/aletlesbains.com\/site\/wp-content\/uploads\/2017\/07\/cropped-cropped-Alet-les-Bains_22072014_4.jpg","type":"image\/jpeg"}],"twitter_card":"summary_large_image","twitter_misc":{"Dur\u00e9e de lecture estim\u00e9e":"2 minutes"},"schema":{"@context":"https:\/\/schema.org","@graph":[{"@type":"WebPage","@id":"https:\/\/aletlesbains.com\/site\/abbaye\/","url":"https:\/\/aletlesbains.com\/site\/abbaye\/","name":"[:fr]L'abbaye[:en]The abbey[:es]La abad\u00eda[:] - Mairie d&#039;Alet les bains - site Officiel","isPartOf":{"@id":"https:\/\/aletlesbains.com\/site\/#website"},"primaryImageOfPage":{"@id":"https:\/\/aletlesbains.com\/site\/abbaye\/#primaryimage"},"image":{"@id":"https:\/\/aletlesbains.com\/site\/abbaye\/#primaryimage"},"thumbnailUrl":"https:\/\/aletlesbains.com\/site\/wp-content\/uploads\/2017\/07\/cropped-cropped-Alet-les-Bains_22072014_4.jpg","datePublished":"2017-07-20T13:44:39+00:00","dateModified":"2020-09-25T10:12:45+00:00","breadcrumb":{"@id":"https:\/\/aletlesbains.com\/site\/abbaye\/#breadcrumb"},"inLanguage":"fr-FR","potentialAction":[{"@type":"ReadAction","target":["https:\/\/aletlesbains.com\/site\/abbaye\/"]}]},{"@type":"ImageObject","inLanguage":"fr-FR","@id":"https:\/\/aletlesbains.com\/site\/abbaye\/#primaryimage","url":"https:\/\/aletlesbains.com\/site\/wp-content\/uploads\/2017\/07\/cropped-cropped-Alet-les-Bains_22072014_4.jpg","contentUrl":"https:\/\/aletlesbains.com\/site\/wp-content\/uploads\/2017\/07\/cropped-cropped-Alet-les-Bains_22072014_4.jpg","width":2000,"height":1588},{"@type":"BreadcrumbList","@id":"https:\/\/aletlesbains.com\/site\/abbaye\/#breadcrumb","itemListElement":[{"@type":"ListItem","position":1,"name":"Accueil","item":"https:\/\/aletlesbains.com\/site\/"},{"@type":"ListItem","position":2,"name":"L&rsquo;abbaye"}]},{"@type":"WebSite","@id":"https:\/\/aletlesbains.com\/site\/#website","url":"https:\/\/aletlesbains.com\/site\/","name":"Mairie d&#039;Alet les bains - site Officiel","description":"Village Mill\u00e9naire","potentialAction":[{"@type":"SearchAction","target":{"@type":"EntryPoint","urlTemplate":"https:\/\/aletlesbains.com\/site\/?s={search_term_string}"},"query-input":{"@type":"PropertyValueSpecification","valueRequired":true,"valueName":"search_term_string"}}],"inLanguage":"fr-FR"}]}},"_links":{"self":[{"href":"https:\/\/aletlesbains.com\/site\/wp-json\/wp\/v2\/pages\/66","targetHints":{"allow":["GET"]}}],"collection":[{"href":"https:\/\/aletlesbains.com\/site\/wp-json\/wp\/v2\/pages"}],"about":[{"href":"https:\/\/aletlesbains.com\/site\/wp-json\/wp\/v2\/types\/page"}],"author":[{"embeddable":true,"href":"https:\/\/aletlesbains.com\/site\/wp-json\/wp\/v2\/users\/1"}],"replies":[{"embeddable":true,"href":"https:\/\/aletlesbains.com\/site\/wp-json\/wp\/v2\/comments?post=66"}],"version-history":[{"count":17,"href":"https:\/\/aletlesbains.com\/site\/wp-json\/wp\/v2\/pages\/66\/revisions"}],"predecessor-version":[{"id":1431,"href":"https:\/\/aletlesbains.com\/site\/wp-json\/wp\/v2\/pages\/66\/revisions\/1431"}],"wp:featuredmedia":[{"embeddable":true,"href":"https:\/\/aletlesbains.com\/site\/wp-json\/wp\/v2\/media\/48"}],"wp:attachment":[{"href":"https:\/\/aletlesbains.com\/site\/wp-json\/wp\/v2\/media?parent=66"}],"wp:term":[{"taxonomy":"category","embeddable":true,"href":"https:\/\/aletlesbains.com\/site\/wp-json\/wp\/v2\/categories?post=66"},{"taxonomy":"post_tag","embeddable":true,"href":"https:\/\/aletlesbains.com\/site\/wp-json\/wp\/v2\/tags?post=66"}],"curies":[{"name":"wp","href":"https:\/\/api.w.org\/{rel}","templated":true}]}}