{"id":469,"date":"2017-09-24T16:18:44","date_gmt":"2017-09-24T14:18:44","guid":{"rendered":"http:\/\/localhost\/~ben\/wordpress-4.8-fr_FR\/wordpress\/?page_id=469"},"modified":"2017-09-25T14:43:25","modified_gmt":"2017-09-25T12:43:25","slug":"plan-du-site","status":"publish","type":"page","link":"https:\/\/aletlesbains.com\/site\/plan-du-site\/?lang=fr","title":{"rendered":"Plan du site"},"content":{"rendered":"<!-- Widget Shortcode --><div id=\"dc_jqaccordion_widget-2\" class=\"widget  widget-shortcode area-arbitrary \">\t\t\r\n\t\t<div class=\"dcjq-accordion\" id=\"dc_jqaccordion_widget--1-item\">\r\n\t\t\r\n\t\t\t<ul id=\"menu-menu\" class=\"menu\"><li id=\"menu-item-571\" class=\"menu-item menu-item-type-custom menu-item-object-custom menu-item-571\"><a href=\"https:\/\/aletlesbains.com\/site?lang=fr\">Accueil<\/a><\/li>\n<li id=\"menu-item-1027\" class=\"menu-item menu-item-type-post_type menu-item-object-page menu-item-has-children menu-item-1027\"><a href=\"https:\/\/aletlesbains.com\/site\/patrimoine\/?lang=fr\">Tourisme-D\u00e9tente<\/a>\n<ul class=\"sub-menu\">\n\t<li id=\"menu-item-120\" class=\"menu-item menu-item-type-post_type menu-item-object-page menu-item-120\"><a href=\"https:\/\/aletlesbains.com\/site\/patrimoine\/?lang=fr\">Patrimoine<\/a><\/li>\n\t<li id=\"menu-item-1045\" class=\"menu-item menu-item-type-post_type menu-item-object-page menu-item-1045\"><a href=\"https:\/\/aletlesbains.com\/site\/photos-dalet-les-bains\/?lang=fr\">Alet Les Bains en photo<\/a><\/li>\n\t<li id=\"menu-item-167\" class=\"menu-item menu-item-type-post_type menu-item-object-page menu-item-167\"><a href=\"https:\/\/aletlesbains.com\/site\/se-restaurer-alet-les-bains-hebergements\/?lang=fr\">H\u00e9bergement -Restauration<\/a><\/li>\n\t<li id=\"menu-item-168\" class=\"menu-item menu-item-type-post_type menu-item-object-page menu-item-168\"><a href=\"https:\/\/aletlesbains.com\/site\/faire-sport-alet-les-bains\/?lang=fr\">Le sport \u00e0 Alet Les Bains<\/a><\/li>\n\t<li id=\"menu-item-1191\" class=\"menu-item menu-item-type-post_type menu-item-object-page menu-item-1191\"><a href=\"https:\/\/aletlesbains.com\/site\/les-gites-communaux\/?lang=fr\">Les g\u00eetes communaux<\/a><\/li>\n\t<li id=\"menu-item-2951\" class=\"menu-item menu-item-type-post_type menu-item-object-page menu-item-2951\"><a href=\"https:\/\/aletlesbains.com\/site\/site-patrimonial-remarquable\/?lang=fr\">Site Patrimonial Remarquable<\/a><\/li>\n<\/ul>\n<\/li>\n<li id=\"menu-item-1006\" class=\"menu-item menu-item-type-post_type menu-item-object-page menu-item-has-children menu-item-1006\"><a href=\"https:\/\/aletlesbains.com\/site\/blog\/?lang=fr\">Vie du village<\/a>\n<ul class=\"sub-menu\">\n\t<li id=\"menu-item-1029\" class=\"menu-item menu-item-type-post_type menu-item-object-page menu-item-1029\"><a href=\"https:\/\/aletlesbains.com\/site\/blog\/?lang=fr\">Actualit\u00e9s<\/a><\/li>\n\t<li id=\"menu-item-1623\" class=\"menu-item menu-item-type-post_type menu-item-object-page menu-item-1623\"><a href=\"https:\/\/aletlesbains.com\/site\/animation\/?lang=fr\">Animation<\/a><\/li>\n\t<li id=\"menu-item-1338\" class=\"menu-item menu-item-type-post_type menu-item-object-page menu-item-1338\"><a href=\"https:\/\/aletlesbains.com\/site\/gazette-des-confines\/?lang=fr\">La gazette des confin\u00e9s<\/a><\/li>\n\t<li id=\"menu-item-1368\" class=\"menu-item menu-item-type-post_type menu-item-object-page menu-item-1368\"><a href=\"https:\/\/aletlesbains.com\/site\/gazette-du-village\/?lang=fr\">Gazette du village<\/a><\/li>\n\t<li id=\"menu-item-1009\" class=\"menu-item menu-item-type-post_type menu-item-object-page menu-item-1009\"><a href=\"https:\/\/aletlesbains.com\/site\/activites-economiques\/?lang=fr\">Activit\u00e9s \u00e9conomiques<\/a><\/li>\n\t<li id=\"menu-item-1026\" class=\"menu-item menu-item-type-post_type menu-item-object-page menu-item-1026\"><a href=\"https:\/\/aletlesbains.com\/site\/associations\/?lang=fr\">Associations<\/a><\/li>\n<\/ul>\n<\/li>\n<li id=\"menu-item-1054\" class=\"menu-item menu-item-type-post_type menu-item-object-page menu-item-has-children menu-item-1054\"><a href=\"https:\/\/aletlesbains.com\/site\/municipalite-alet-les-bains\/?lang=fr\">Mairie<\/a>\n<ul class=\"sub-menu\">\n\t<li id=\"menu-item-171\" class=\"menu-item menu-item-type-post_type menu-item-object-page menu-item-171\"><a href=\"https:\/\/aletlesbains.com\/site\/municipalite-alet-les-bains\/?lang=fr\">La mairie<\/a><\/li>\n\t<li id=\"menu-item-989\" class=\"menu-item menu-item-type-post_type menu-item-object-page menu-item-989\"><a href=\"https:\/\/aletlesbains.com\/site\/nos-services\/?lang=fr\">Nos services<\/a><\/li>\n\t<li id=\"menu-item-400\" class=\"menu-item menu-item-type-post_type menu-item-object-page menu-item-400\"><a href=\"https:\/\/aletlesbains.com\/site\/les-gites-communaux\/?lang=fr\">Les g\u00eetes communaux<\/a><\/li>\n\t<li id=\"menu-item-1394\" class=\"menu-item menu-item-type-post_type menu-item-object-page menu-item-1394\"><a href=\"https:\/\/aletlesbains.com\/site\/arretes-prefectoraux\/?lang=fr\">Arr\u00eat\u00e9s Pr\u00e9fectoraux<\/a><\/li>\n<\/ul>\n<\/li>\n<li id=\"menu-item-894\" class=\"menu-item menu-item-type-post_type menu-item-object-page menu-item-894\"><a href=\"https:\/\/aletlesbains.com\/site\/contact\/?lang=fr\">Contact<\/a><\/li>\n<\/ul>\t\t\r\n\t\t<\/div>\r\n\t\t<\/div><!-- \/Widget Shortcode -->\n","protected":false},"excerpt":{"rendered":"","protected":false},"author":1,"featured_media":0,"parent":0,"menu_order":0,"comment_status":"closed","ping_status":"closed","template":"","meta":{"_et_pb_use_builder":"","_et_pb_old_content":"","_et_gb_content_width":"","footnotes":""},"categories":[],"tags":[],"class_list":["post-469","page","type-page","status-publish","hentry"],"yoast_head":"<!-- This site is optimized with the Yoast SEO plugin v27.1.1 - https:\/\/yoast.com\/product\/yoast-seo-wordpress\/ -->\n<title>Plan du site - Mairie d&#039;Alet les bains - site Officiel<\/title>\n<meta name=\"robots\" content=\"index, follow, max-snippet:-1, max-image-preview:large, max-video-preview:-1\" \/>\n<link rel=\"canonical\" href=\"https:\/\/aletlesbains.com\/site\/plan-du-site\/?lang=fr\" \/>\n<meta property=\"og:locale\" content=\"fr_FR\" \/>\n<meta property=\"og:type\" content=\"article\" \/>\n<meta property=\"og:title\" content=\"[:fr]Plan du site[:en]Sitemap[:es]Mapa sitio[:] - Mairie d&#039;Alet les bains - site Officiel\" \/>\n<meta property=\"og:url\" content=\"https:\/\/aletlesbains.com\/site\/plan-du-site\/?lang=fr\" \/>\n<meta property=\"og:site_name\" content=\"Mairie d&#039;Alet les bains - site Officiel\" \/>\n<meta property=\"article:modified_time\" content=\"2017-09-25T12:43:25+00:00\" \/>\n<meta name=\"twitter:card\" content=\"summary_large_image\" \/>\n<script type=\"application\/ld+json\" class=\"yoast-schema-graph\">{\"@context\":\"https:\/\/schema.org\",\"@graph\":[{\"@type\":\"WebPage\",\"@id\":\"https:\/\/aletlesbains.com\/site\/plan-du-site\/?lang=fr\",\"url\":\"https:\/\/aletlesbains.com\/site\/plan-du-site\/?lang=fr\",\"name\":\"[:fr]Plan du site[:en]Sitemap[:es]Mapa sitio[:] - Mairie d&#039;Alet les bains - site Officiel\",\"isPartOf\":{\"@id\":\"https:\/\/aletlesbains.com\/site\/#website\"},\"datePublished\":\"2017-09-24T14:18:44+00:00\",\"dateModified\":\"2017-09-25T12:43:25+00:00\",\"breadcrumb\":{\"@id\":\"https:\/\/aletlesbains.com\/site\/plan-du-site\/?lang=fr#breadcrumb\"},\"inLanguage\":\"fr-FR\",\"potentialAction\":[{\"@type\":\"ReadAction\",\"target\":[\"https:\/\/aletlesbains.com\/site\/plan-du-site\/?lang=fr\"]}]},{\"@type\":\"BreadcrumbList\",\"@id\":\"https:\/\/aletlesbains.com\/site\/plan-du-site\/?lang=fr#breadcrumb\",\"itemListElement\":[{\"@type\":\"ListItem\",\"position\":1,\"name\":\"Accueil\",\"item\":\"https:\/\/aletlesbains.com\/site\/\"},{\"@type\":\"ListItem\",\"position\":2,\"name\":\"Plan du site\"}]},{\"@type\":\"WebSite\",\"@id\":\"https:\/\/aletlesbains.com\/site\/#website\",\"url\":\"https:\/\/aletlesbains.com\/site\/\",\"name\":\"Mairie d&#039;Alet les bains - site Officiel\",\"description\":\"Village Mill\u00e9naire\",\"potentialAction\":[{\"@type\":\"SearchAction\",\"target\":{\"@type\":\"EntryPoint\",\"urlTemplate\":\"https:\/\/aletlesbains.com\/site\/?s={search_term_string}\"},\"query-input\":{\"@type\":\"PropertyValueSpecification\",\"valueRequired\":true,\"valueName\":\"search_term_string\"}}],\"inLanguage\":\"fr-FR\"}]}<\/script>\n<!-- \/ Yoast SEO plugin. -->","yoast_head_json":{"title":"[:fr]Plan du site[:en]Sitemap[:es]Mapa sitio[:] - Mairie d&#039;Alet les bains - site Officiel","robots":{"index":"index","follow":"follow","max-snippet":"max-snippet:-1","max-image-preview":"max-image-preview:large","max-video-preview":"max-video-preview:-1"},"canonical":"https:\/\/aletlesbains.com\/site\/plan-du-site\/?lang=fr","og_locale":"fr_FR","og_type":"article","og_title":"[:fr]Plan du site[:en]Sitemap[:es]Mapa sitio[:] - Mairie d&#039;Alet les bains - site Officiel","og_url":"https:\/\/aletlesbains.com\/site\/plan-du-site\/?lang=fr","og_site_name":"Mairie d&#039;Alet les bains - site Officiel","article_modified_time":"2017-09-25T12:43:25+00:00","twitter_card":"summary_large_image","schema":{"@context":"https:\/\/schema.org","@graph":[{"@type":"WebPage","@id":"https:\/\/aletlesbains.com\/site\/plan-du-site\/?lang=fr","url":"https:\/\/aletlesbains.com\/site\/plan-du-site\/?lang=fr","name":"[:fr]Plan du site[:en]Sitemap[:es]Mapa sitio[:] - Mairie d&#039;Alet les bains - site Officiel","isPartOf":{"@id":"https:\/\/aletlesbains.com\/site\/#website"},"datePublished":"2017-09-24T14:18:44+00:00","dateModified":"2017-09-25T12:43:25+00:00","breadcrumb":{"@id":"https:\/\/aletlesbains.com\/site\/plan-du-site\/?lang=fr#breadcrumb"},"inLanguage":"fr-FR","potentialAction":[{"@type":"ReadAction","target":["https:\/\/aletlesbains.com\/site\/plan-du-site\/?lang=fr"]}]},{"@type":"BreadcrumbList","@id":"https:\/\/aletlesbains.com\/site\/plan-du-site\/?lang=fr#breadcrumb","itemListElement":[{"@type":"ListItem","position":1,"name":"Accueil","item":"https:\/\/aletlesbains.com\/site\/"},{"@type":"ListItem","position":2,"name":"Plan du site"}]},{"@type":"WebSite","@id":"https:\/\/aletlesbains.com\/site\/#website","url":"https:\/\/aletlesbains.com\/site\/","name":"Mairie d&#039;Alet les bains - site Officiel","description":"Village Mill\u00e9naire","potentialAction":[{"@type":"SearchAction","target":{"@type":"EntryPoint","urlTemplate":"https:\/\/aletlesbains.com\/site\/?s={search_term_string}"},"query-input":{"@type":"PropertyValueSpecification","valueRequired":true,"valueName":"search_term_string"}}],"inLanguage":"fr-FR"}]}},"_links":{"self":[{"href":"https:\/\/aletlesbains.com\/site\/wp-json\/wp\/v2\/pages\/469","targetHints":{"allow":["GET"]}}],"collection":[{"href":"https:\/\/aletlesbains.com\/site\/wp-json\/wp\/v2\/pages"}],"about":[{"href":"https:\/\/aletlesbains.com\/site\/wp-json\/wp\/v2\/types\/page"}],"author":[{"embeddable":true,"href":"https:\/\/aletlesbains.com\/site\/wp-json\/wp\/v2\/users\/1"}],"replies":[{"embeddable":true,"href":"https:\/\/aletlesbains.com\/site\/wp-json\/wp\/v2\/comments?post=469"}],"version-history":[{"count":3,"href":"https:\/\/aletlesbains.com\/site\/wp-json\/wp\/v2\/pages\/469\/revisions"}],"predecessor-version":[{"id":528,"href":"https:\/\/aletlesbains.com\/site\/wp-json\/wp\/v2\/pages\/469\/revisions\/528"}],"wp:attachment":[{"href":"https:\/\/aletlesbains.com\/site\/wp-json\/wp\/v2\/media?parent=469"}],"wp:term":[{"taxonomy":"category","embeddable":true,"href":"https:\/\/aletlesbains.com\/site\/wp-json\/wp\/v2\/categories?post=469"},{"taxonomy":"post_tag","embeddable":true,"href":"https:\/\/aletlesbains.com\/site\/wp-json\/wp\/v2\/tags?post=469"}],"curies":[{"name":"wp","href":"https:\/\/api.w.org\/{rel}","templated":true}]}}