{"id":43,"date":"2017-07-20T15:23:35","date_gmt":"2017-07-20T13:23:35","guid":{"rendered":"http:\/\/localhost\/~ben\/wordpress-4.8-fr_FR\/wordpress\/?page_id=43"},"modified":"2018-03-15T11:08:36","modified_gmt":"2018-03-15T10:08:36","slug":"mentions-legales","status":"publish","type":"page","link":"https:\/\/aletlesbains.com\/site\/mentions-legales\/?lang=fr","title":{"rendered":"Mentions l\u00e9gales"},"content":{"rendered":"<strong>\u00c9diteur du site :<\/strong><br \/>\nMairie d\u2019Alet-les-bains<br \/>\nAvenue Nicolas Pavillon<br \/>\n11580 Alet les Bains<br \/>\nT\u00e9l. 04 68 69 95 00<br \/>\nN\u00b0Siren : 211100086<\/p>\n<p><strong>Directrice de la publication :<\/strong><br \/>\nGhislaine TAFFOREAU, Maire<\/p>\n<p>&nbsp;<\/p>\n<p><strong>Traitement des donn\u00e9es personnelles :<\/strong><\/p>\n<p>Conform\u00e9ment \u00e0 la Loi du 6 janvier 1978, modifi\u00e9e le 6 ao\u00fbt 2004, dite Loi \u00bb Informatiques et Libert\u00e9s \u00bb relative aux fichiers et aux libert\u00e9s et \u00e0 l\u2019article 43 de la Loi du 30 septembre 1986, ce site internet fait l\u2019objet d\u2019une d\u00e9claration aupr\u00e8s de la Commission Nationale de l\u2019Informatique et des Libert\u00e9s (Cnil).<\/p>\n<p>&nbsp;<\/p>\n<p><strong>H\u00e9bergement du site :<\/strong><\/p>\n<p>SARL OVH<br \/>\n140 Quai du Sartel \u2013 59100 Roubaix, France<\/p>\n<p>&nbsp;<\/p>\n<p><strong>Droits d\u2019auteur :<\/strong><\/p>\n<p>Les textes, photos, images composant ce site sont la propri\u00e9t\u00e9 de la Mairie d\u2019Alet les Bains. En application de la loi du 11 mars 1957 (art. 41) et du code de la propri\u00e9t\u00e9 intellectuelle du 1er juillet 1992, toute reproduction partielle ou totale \u00e0 usage collectif, par quelque proc\u00e9d\u00e9 que ce soit, est strictement interdite sans autorisation de la Mairie d\u2019Alet les Bains.<br \/>\nLes logos, visuels et marques pr\u00e9sents sur ce site sont la propri\u00e9t\u00e9 de leur d\u00e9tenteur respectif. L\u2019internaute reconna\u00eet que l\u2019utilisation du site de la Mairie d\u2019Alet les Bains est r\u00e9gie par le droit fran\u00e7ais.<\/p>\n<p>&nbsp;<\/p>\n<p><strong>Liens hypertextes :<\/strong><\/p>\n<p>Les liens hypertextes externes mis en place dans le cadre de ce site et les contenus des sites de tiers vers lesquels ils pointent ne sauraient engager la responsabilit\u00e9 de la Mairie d\u2019Alet les Bains. Ce site peut, \u00e0 son insu, avoir \u00e9t\u00e9 reli\u00e9 \u00e0 d\u2019autres sites par le biais de liens hypertextes. La Mairie d\u2019Alet les Bains d\u00e9cline toute responsabilit\u00e9 pour les informations pr\u00e9sent\u00e9es sur ces autres sites.<\/p>\n<p>&nbsp;<\/p>\n<p>&nbsp;","protected":false},"excerpt":{"rendered":"<p>\u00c9diteur du site : Mairie d\u2019Alet-les-bains Avenue Nicolas Pavillon 11580 Alet les Bains T\u00e9l. 04 68 69 95 00 N\u00b0Siren : 211100086 Directrice de la publication : Ghislaine TAFFOREAU, Maire &nbsp; Traitement des donn\u00e9es personnelles : Conform\u00e9ment \u00e0 la Loi du 6 janvier 1978, modifi\u00e9e le 6 ao\u00fbt 2004, dite Loi \u00bb Informatiques et Libert\u00e9s [&hellip;]<\/p>\n","protected":false},"author":1,"featured_media":29,"parent":0,"menu_order":0,"comment_status":"closed","ping_status":"closed","template":"","meta":{"_et_pb_use_builder":"","_et_pb_old_content":"","_et_gb_content_width":"","footnotes":""},"categories":[],"tags":[],"class_list":["post-43","page","type-page","status-publish","has-post-thumbnail","hentry"],"yoast_head":"<!-- This site is optimized with the Yoast SEO plugin v27.1.1 - https:\/\/yoast.com\/product\/yoast-seo-wordpress\/ -->\n<title>Mentions l\u00e9gales - Mairie d&#039;Alet les bains - site Officiel<\/title>\n<meta name=\"robots\" content=\"index, follow, max-snippet:-1, max-image-preview:large, max-video-preview:-1\" \/>\n<link rel=\"canonical\" href=\"https:\/\/aletlesbains.com\/site\/mentions-legales\/\" \/>\n<meta property=\"og:locale\" content=\"fr_FR\" \/>\n<meta property=\"og:type\" content=\"article\" \/>\n<meta property=\"og:title\" content=\"[:fr]Mentions l\u00e9gales[:en]\u00c0 propos de[:es]\u00c0 propos de[:] - Mairie d&#039;Alet les bains - site Officiel\" \/>\n<meta property=\"og:description\" content=\"\u00c9diteur du site : Mairie d\u2019Alet-les-bains Avenue Nicolas Pavillon 11580 Alet les Bains T\u00e9l. 04 68 69 95 00 N\u00b0Siren : 211100086 Directrice de la publication : Ghislaine TAFFOREAU, Maire &nbsp; Traitement des donn\u00e9es personnelles : Conform\u00e9ment \u00e0 la Loi du 6 janvier 1978, modifi\u00e9e le 6 ao\u00fbt 2004, dite Loi \u00bb Informatiques et Libert\u00e9s [&hellip;]\" \/>\n<meta property=\"og:url\" content=\"https:\/\/aletlesbains.com\/site\/mentions-legales\/\" \/>\n<meta property=\"og:site_name\" content=\"Mairie d&#039;Alet les bains - site Officiel\" \/>\n<meta property=\"article:modified_time\" content=\"2018-03-15T10:08:36+00:00\" \/>\n<meta property=\"og:image\" content=\"https:\/\/aletlesbains.com\/site\/wp-content\/uploads\/2017\/07\/20140309190507-d93eac2a-cu_s9999x200.jpg\" \/>\n\t<meta property=\"og:image:width\" content=\"294\" \/>\n\t<meta property=\"og:image:height\" content=\"200\" \/>\n\t<meta property=\"og:image:type\" content=\"image\/jpeg\" \/>\n<meta name=\"twitter:card\" content=\"summary_large_image\" \/>\n<meta name=\"twitter:label1\" content=\"Dur\u00e9e de lecture estim\u00e9e\" \/>\n\t<meta name=\"twitter:data1\" content=\"4 minutes\" \/>\n<script type=\"application\/ld+json\" class=\"yoast-schema-graph\">{\"@context\":\"https:\/\/schema.org\",\"@graph\":[{\"@type\":\"WebPage\",\"@id\":\"https:\/\/aletlesbains.com\/site\/mentions-legales\/\",\"url\":\"https:\/\/aletlesbains.com\/site\/mentions-legales\/\",\"name\":\"[:fr]Mentions l\u00e9gales[:en]\u00c0 propos de[:es]\u00c0 propos de[:] - Mairie d&#039;Alet les bains - site Officiel\",\"isPartOf\":{\"@id\":\"https:\/\/aletlesbains.com\/site\/#website\"},\"primaryImageOfPage\":{\"@id\":\"https:\/\/aletlesbains.com\/site\/mentions-legales\/#primaryimage\"},\"image\":{\"@id\":\"https:\/\/aletlesbains.com\/site\/mentions-legales\/#primaryimage\"},\"thumbnailUrl\":\"https:\/\/aletlesbains.com\/site\/wp-content\/uploads\/2017\/07\/20140309190507-d93eac2a-cu_s9999x200.jpg\",\"datePublished\":\"2017-07-20T13:23:35+00:00\",\"dateModified\":\"2018-03-15T10:08:36+00:00\",\"breadcrumb\":{\"@id\":\"https:\/\/aletlesbains.com\/site\/mentions-legales\/#breadcrumb\"},\"inLanguage\":\"fr-FR\",\"potentialAction\":[{\"@type\":\"ReadAction\",\"target\":[\"https:\/\/aletlesbains.com\/site\/mentions-legales\/\"]}]},{\"@type\":\"ImageObject\",\"inLanguage\":\"fr-FR\",\"@id\":\"https:\/\/aletlesbains.com\/site\/mentions-legales\/#primaryimage\",\"url\":\"https:\/\/aletlesbains.com\/site\/wp-content\/uploads\/2017\/07\/20140309190507-d93eac2a-cu_s9999x200.jpg\",\"contentUrl\":\"https:\/\/aletlesbains.com\/site\/wp-content\/uploads\/2017\/07\/20140309190507-d93eac2a-cu_s9999x200.jpg\",\"width\":294,\"height\":200},{\"@type\":\"BreadcrumbList\",\"@id\":\"https:\/\/aletlesbains.com\/site\/mentions-legales\/#breadcrumb\",\"itemListElement\":[{\"@type\":\"ListItem\",\"position\":1,\"name\":\"Accueil\",\"item\":\"https:\/\/aletlesbains.com\/site\/\"},{\"@type\":\"ListItem\",\"position\":2,\"name\":\"Mentions l\u00e9gales\"}]},{\"@type\":\"WebSite\",\"@id\":\"https:\/\/aletlesbains.com\/site\/#website\",\"url\":\"https:\/\/aletlesbains.com\/site\/\",\"name\":\"Mairie d&#039;Alet les bains - site Officiel\",\"description\":\"Village Mill\u00e9naire\",\"potentialAction\":[{\"@type\":\"SearchAction\",\"target\":{\"@type\":\"EntryPoint\",\"urlTemplate\":\"https:\/\/aletlesbains.com\/site\/?s={search_term_string}\"},\"query-input\":{\"@type\":\"PropertyValueSpecification\",\"valueRequired\":true,\"valueName\":\"search_term_string\"}}],\"inLanguage\":\"fr-FR\"}]}<\/script>\n<!-- \/ Yoast SEO plugin. -->","yoast_head_json":{"title":"[:fr]Mentions l\u00e9gales[:en]\u00c0 propos de[:es]\u00c0 propos de[:] - Mairie d&#039;Alet les bains - site Officiel","robots":{"index":"index","follow":"follow","max-snippet":"max-snippet:-1","max-image-preview":"max-image-preview:large","max-video-preview":"max-video-preview:-1"},"canonical":"https:\/\/aletlesbains.com\/site\/mentions-legales\/","og_locale":"fr_FR","og_type":"article","og_title":"[:fr]Mentions l\u00e9gales[:en]\u00c0 propos de[:es]\u00c0 propos de[:] - Mairie d&#039;Alet les bains - site Officiel","og_description":"\u00c9diteur du site : Mairie d\u2019Alet-les-bains Avenue Nicolas Pavillon 11580 Alet les Bains T\u00e9l. 04 68 69 95 00 N\u00b0Siren : 211100086 Directrice de la publication : Ghislaine TAFFOREAU, Maire &nbsp; Traitement des donn\u00e9es personnelles : Conform\u00e9ment \u00e0 la Loi du 6 janvier 1978, modifi\u00e9e le 6 ao\u00fbt 2004, dite Loi \u00bb Informatiques et Libert\u00e9s [&hellip;]","og_url":"https:\/\/aletlesbains.com\/site\/mentions-legales\/","og_site_name":"Mairie d&#039;Alet les bains - site Officiel","article_modified_time":"2018-03-15T10:08:36+00:00","og_image":[{"width":294,"height":200,"url":"https:\/\/aletlesbains.com\/site\/wp-content\/uploads\/2017\/07\/20140309190507-d93eac2a-cu_s9999x200.jpg","type":"image\/jpeg"}],"twitter_card":"summary_large_image","twitter_misc":{"Dur\u00e9e de lecture estim\u00e9e":"4 minutes"},"schema":{"@context":"https:\/\/schema.org","@graph":[{"@type":"WebPage","@id":"https:\/\/aletlesbains.com\/site\/mentions-legales\/","url":"https:\/\/aletlesbains.com\/site\/mentions-legales\/","name":"[:fr]Mentions l\u00e9gales[:en]\u00c0 propos de[:es]\u00c0 propos de[:] - Mairie d&#039;Alet les bains - site Officiel","isPartOf":{"@id":"https:\/\/aletlesbains.com\/site\/#website"},"primaryImageOfPage":{"@id":"https:\/\/aletlesbains.com\/site\/mentions-legales\/#primaryimage"},"image":{"@id":"https:\/\/aletlesbains.com\/site\/mentions-legales\/#primaryimage"},"thumbnailUrl":"https:\/\/aletlesbains.com\/site\/wp-content\/uploads\/2017\/07\/20140309190507-d93eac2a-cu_s9999x200.jpg","datePublished":"2017-07-20T13:23:35+00:00","dateModified":"2018-03-15T10:08:36+00:00","breadcrumb":{"@id":"https:\/\/aletlesbains.com\/site\/mentions-legales\/#breadcrumb"},"inLanguage":"fr-FR","potentialAction":[{"@type":"ReadAction","target":["https:\/\/aletlesbains.com\/site\/mentions-legales\/"]}]},{"@type":"ImageObject","inLanguage":"fr-FR","@id":"https:\/\/aletlesbains.com\/site\/mentions-legales\/#primaryimage","url":"https:\/\/aletlesbains.com\/site\/wp-content\/uploads\/2017\/07\/20140309190507-d93eac2a-cu_s9999x200.jpg","contentUrl":"https:\/\/aletlesbains.com\/site\/wp-content\/uploads\/2017\/07\/20140309190507-d93eac2a-cu_s9999x200.jpg","width":294,"height":200},{"@type":"BreadcrumbList","@id":"https:\/\/aletlesbains.com\/site\/mentions-legales\/#breadcrumb","itemListElement":[{"@type":"ListItem","position":1,"name":"Accueil","item":"https:\/\/aletlesbains.com\/site\/"},{"@type":"ListItem","position":2,"name":"Mentions l\u00e9gales"}]},{"@type":"WebSite","@id":"https:\/\/aletlesbains.com\/site\/#website","url":"https:\/\/aletlesbains.com\/site\/","name":"Mairie d&#039;Alet les bains - site Officiel","description":"Village Mill\u00e9naire","potentialAction":[{"@type":"SearchAction","target":{"@type":"EntryPoint","urlTemplate":"https:\/\/aletlesbains.com\/site\/?s={search_term_string}"},"query-input":{"@type":"PropertyValueSpecification","valueRequired":true,"valueName":"search_term_string"}}],"inLanguage":"fr-FR"}]}},"_links":{"self":[{"href":"https:\/\/aletlesbains.com\/site\/wp-json\/wp\/v2\/pages\/43","targetHints":{"allow":["GET"]}}],"collection":[{"href":"https:\/\/aletlesbains.com\/site\/wp-json\/wp\/v2\/pages"}],"about":[{"href":"https:\/\/aletlesbains.com\/site\/wp-json\/wp\/v2\/types\/page"}],"author":[{"embeddable":true,"href":"https:\/\/aletlesbains.com\/site\/wp-json\/wp\/v2\/users\/1"}],"replies":[{"embeddable":true,"href":"https:\/\/aletlesbains.com\/site\/wp-json\/wp\/v2\/comments?post=43"}],"version-history":[{"count":8,"href":"https:\/\/aletlesbains.com\/site\/wp-json\/wp\/v2\/pages\/43\/revisions"}],"predecessor-version":[{"id":906,"href":"https:\/\/aletlesbains.com\/site\/wp-json\/wp\/v2\/pages\/43\/revisions\/906"}],"wp:featuredmedia":[{"embeddable":true,"href":"https:\/\/aletlesbains.com\/site\/wp-json\/wp\/v2\/media\/29"}],"wp:attachment":[{"href":"https:\/\/aletlesbains.com\/site\/wp-json\/wp\/v2\/media?parent=43"}],"wp:term":[{"taxonomy":"category","embeddable":true,"href":"https:\/\/aletlesbains.com\/site\/wp-json\/wp\/v2\/categories?post=43"},{"taxonomy":"post_tag","embeddable":true,"href":"https:\/\/aletlesbains.com\/site\/wp-json\/wp\/v2\/tags?post=43"}],"curies":[{"name":"wp","href":"https:\/\/api.w.org\/{rel}","templated":true}]}}