{"id":398,"date":"2017-09-19T10:11:19","date_gmt":"2017-09-19T08:11:19","guid":{"rendered":"http:\/\/localhost\/~ben\/wordpress-4.8-fr_FR\/wordpress\/?page_id=398"},"modified":"2025-03-24T12:28:01","modified_gmt":"2025-03-24T11:28:01","slug":"les-gites-communaux","status":"publish","type":"page","link":"https:\/\/aletlesbains.com\/site\/les-gites-communaux\/?lang=fr","title":{"rendered":"Les g\u00eetes communaux"},"content":{"rendered":"[et_pb_section fb_built=\u00a0\u00bb1&Prime; _builder_version=\u00a0\u00bb3.22&Prime; global_colors_info=\u00a0\u00bb{}\u00a0\u00bb][et_pb_row column_structure=\u00a0\u00bb1_2,1_2&Prime; _builder_version=\u00a0\u00bb3.25&Prime; background_size=\u00a0\u00bbinitial\u00a0\u00bb background_position=\u00a0\u00bbtop_left\u00a0\u00bb background_repeat=\u00a0\u00bbrepeat\u00a0\u00bb global_colors_info=\u00a0\u00bb{}\u00a0\u00bb][et_pb_column type=\u00a0\u00bb1_2&Prime; _builder_version=\u00a0\u00bb3.25&Prime; custom_padding=\u00a0\u00bb|||\u00a0\u00bb global_colors_info=\u00a0\u00bb{}\u00a0\u00bb custom_padding__hover=\u00a0\u00bb|||\u00a0\u00bb][et_pb_text _builder_version=\u00a0\u00bb3.27.4&Prime; global_colors_info=\u00a0\u00bb{}\u00a0\u00bb]\n<h1>Les G\u00eetes communaux<\/h1>\n<p>La commune dispose de <strong>13 g\u00eetes disponibles \u00e0 la location<\/strong>, toute l&rsquo;ann\u00e9e.<span id=\"more-87\"><\/span><\/p>\n<p><span style=\"font-size: 16px;\">Nos g\u00eetes peuvent accueillir entre une et huit personnes. Veuillez vous r\u00e9f\u00e9rer au descriptif ci-dessous<\/span><\/p>\n<p><strong>6 G\u00eetes <br \/><\/strong><\/p>\n<p>Equip\u00e9s pour accueillir une \u00e0 quatre personnes.<br \/>Situ\u00e9s dans un cadre\u00a0 de verdure avec jardin privatif ou loggia, balcon.<br \/>T\u00e9l\u00e9vision, lave linge.<\/p>\n[\/et_pb_text][et_pb_text _builder_version=\u00a0\u00bb3.27.4&Prime; global_colors_info=\u00a0\u00bb{}\u00a0\u00bb]\n<h1>Comment louer ?<\/h1>\n<p>Pour toute demande de renseignement, ou de location, veuillez utiliser le <a href=\"..\/index.php\/contact\/\">formulaire de contact<\/a> en renseignant correctement tous les champs. Merci d&rsquo;indiquer aussi le num\u00e9ro du g\u00eete que vous souhaitez r\u00e9server.<\/p>\n<p>Les locations s&rsquo;entendent du samedi 16h au samedi suivant 10h.<\/p>\n<p>Le m\u00e9nage doit \u00eatre fait avant le d\u00e9part.<\/p>\n<p>Les cautions sont \u00e0 verser \u00e0 l&rsquo;ordre du Tr\u00e9sor Public.<\/p>\n<p>Il vous sera demand\u00e9 des arrhes correspondant \u00e0 25% du montant de la location. Le solde sera r\u00e9gl\u00e9 le jour de l&rsquo;arriv\u00e9e.<\/p>\n<p>Les ch\u00e8ques vacances sont accept\u00e9s.<\/p>\n[\/et_pb_text][et_pb_text _builder_version=\u00a0\u00bb3.27.4&Prime; global_colors_info=\u00a0\u00bb{}\u00a0\u00bb]\n<h1>Infos saisons<\/h1>\n<p><strong>Basse saison :\u00a0<\/strong><\/p>\n<p>Du 06\/01\/2025 au 7\/02\/2025<\/p>\n<p>Du 10\/03\/2025 au 04\/04\/2025<\/p>\n<p>Du 04\/05\/2025 au 04\/07\/2025<\/p>\n<p>Du 01\/09\/2025\u00a0 au 17\/10\/2025<\/p>\n<p>Du 03\/11\/2025 au 19\/12\/2025<\/p>\n<p><strong>Moyenne saison:<\/strong><\/p>\n<p>Du 08\/02\/2025 au 09\/03\/2025<\/p>\n<p>Du 05\/04\/2025 au 04\/05\/2025<\/p>\n<p>Du 18\/10\/2025 au 02\/11\/2025<\/p>\n<p>Du 20\/12\/2025 au 04\/01\/2026<\/p>\n<p><strong>Haute saison:<\/strong><\/p>\n<p>Du 005\/07\/2025 au 31\/08\/2025<\/p>\n<p>&nbsp;<\/p>\n[\/et_pb_text][\/et_pb_column][et_pb_column type=\u00a0\u00bb1_2&Prime; _builder_version=\u00a0\u00bb3.25&Prime; custom_padding=\u00a0\u00bb|||\u00a0\u00bb global_colors_info=\u00a0\u00bb{}\u00a0\u00bb custom_padding__hover=\u00a0\u00bb|||\u00a0\u00bb][et_pb_text _builder_version=\u00a0\u00bb3.27.4&Prime; global_colors_info=\u00a0\u00bb{}\u00a0\u00bb]\n<h1>Les g\u00eetes en d\u00e9tail<\/h1>\n[\/et_pb_text][et_pb_accordion admin_label=\u00a0\u00bbles gites\u00a0\u00bb _builder_version=\u00a0\u00bb3.0.106&Prime; global_colors_info=\u00a0\u00bb{}\u00a0\u00bb][et_pb_accordion_item title=\u00a0\u00bbR\u00e9sidence des thermes\u00a0\u00bb open=\u00a0\u00bbon\u00a0\u00bb _builder_version=\u00a0\u00bb3.0.106&Prime; global_colors_info=\u00a0\u00bb{}\u00a0\u00bb]\n<p><strong><\/strong><\/p>\n<p><strong>Meubl\u00e9s thermaux communaux:<\/strong><\/p>\n<p>&#8211; R\u00e9sidence de 3<strong> appartements identiques, r\u00e9nov\u00e9s et avec salle d&rsquo;eau et 3 appartements avec salle de bain\u00a0<\/strong> situ\u00e9 Porte de Cad\u00e8ne.<\/p>\n<p>&#8211;\u00a0 locations disponibles toute l&rsquo;ann\u00e9e<\/p>\n<p>&nbsp;<\/p>\n<p><strong>Equipement:<\/strong><\/p>\n<p>&#8211; 1 lit en 140 ou 2 lits en 90<\/p>\n<p>&#8211; canap\u00e9, TV<\/p>\n[\/et_pb_accordion_item][et_pb_accordion_item title=\u00a0\u00bbG\u00eete n\u00b0 355&Prime; _builder_version=\u00a0\u00bb3.0.106&Prime; global_colors_info=\u00a0\u00bb{}\u00a0\u00bb open=\u00a0\u00bboff\u00a0\u00bb]\n<p><strong>R\u00e9sidence du pr\u00e9sbyt\u00e8re:<\/strong><\/p>\n<p>&#8211; Situ\u00e9 Place de l&rsquo;\u00e9glise en rez de chauss\u00e9e<\/p>\n<p>&#8211; Labelis\u00e9 <strong>Tourisme et Handicap<\/strong><\/p>\n<p>&#8211; 41 m<span>\u00b2<\/span><\/p>\n<p>&nbsp;<\/p>\n<p><strong>Equipement:<\/strong><\/p>\n<p>&#8211; 2 \u00e0 4 couchages<\/p>\n<p>&#8211; Une chambre 1 lit 140<\/p>\n<p>&#8211; S\u00e9jour : canap\u00e9 convertible en 140<\/p>\n<p>&#8211; Cuisine \u00e9quip\u00e9e<\/p>\n<p>&#8211; Salle de bains<\/p>\n<p>&#8211; WC, lave-linge priv\u00e9, TV<\/p>\n<p>&#8211; Jardin clos commun<\/p>\n[\/et_pb_accordion_item][et_pb_accordion_item title=\u00a0\u00bbG\u00eete n\u00b0 352&Prime; _builder_version=\u00a0\u00bb3.0.106&Prime; global_colors_info=\u00a0\u00bb{}\u00a0\u00bb open=\u00a0\u00bboff\u00a0\u00bb]\n<p><strong>R\u00e9sidence du pr\u00e9sbyt\u00e8re:<\/strong><\/p>\n<p>&#8211; Situ\u00e9 Place de l&rsquo;\u00e9glise au 2i\u00e8me \u00e9tage<\/p>\n<p>&#8211; Capacit\u00e9: 6 \u00e0 8 personnes<\/p>\n<p>&#8211; 81 m<span>\u00b2<\/span><\/p>\n<p>\u00a0<\/p>\n<p><strong>Equipement:<\/strong><\/p>\n<p>&#8211; 6 \u00e0 8 couchages<\/p>\n<p>&#8211; 2 lits 140, 2 lits 90<\/p>\n<p>&#8211; S\u00e9jour : canap\u00e9 convertible en 140<\/p>\n<p>&#8211; Cuisine \u00e9quip\u00e9e<\/p>\n<p>&#8211; 2 chambres<\/p>\n<p>&#8211; Salle de bains<\/p>\n<p>&#8211; WC, lave-linge commun, TV<\/p>\n<p>&#8211; Jardin clos commun<\/p>\n[\/et_pb_accordion_item][et_pb_accordion_item title=\u00a0\u00bbG\u00eetes n\u00b0 356&Prime; _builder_version=\u00a0\u00bb3.0.106&Prime; global_colors_info=\u00a0\u00bb{}\u00a0\u00bb open=\u00a0\u00bboff\u00a0\u00bb]\n<p><strong>R\u00e9sidence du pr\u00e9sbyt\u00e8re:<\/strong><\/p>\n<p>&#8211; Situ\u00e9 Place de l&rsquo;\u00e9glise au RDC<\/p>\n<p>&#8211; Capacit\u00e9: 2 personnes<\/p>\n<p>&#8211; Studio de 29 m<span>\u00b2<\/span><\/p>\n<p>&nbsp;<\/p>\n<p><strong>Equipement:<\/strong><\/p>\n<p>&#8211; S\u00e9jour : canap\u00e9 convertible en 140<\/p>\n<p>&#8211; Cuisine \u00e9quip\u00e9e<\/p>\n<p>&#8211; Salle de bains<\/p>\n<p>&#8211; WC, lave-linge commun, TV<\/p>\n<p>&#8211; Jardin clos commun<\/p>\n[\/et_pb_accordion_item][et_pb_accordion_item title=\u00a0\u00bbG\u00eetes n\u00b0 357&Prime; _builder_version=\u00a0\u00bb3.0.106&Prime; global_colors_info=\u00a0\u00bb{}\u00a0\u00bb open=\u00a0\u00bboff\u00a0\u00bb]\n<p><strong>R\u00e9sidence du pr\u00e9sbyt\u00e8re:<\/strong><\/p>\n<p>&#8211; Situ\u00e9 Place de l&rsquo;\u00e9glise au 1er \u00e9tage d&rsquo;une tour<\/p>\n<p>&#8211; Capacit\u00e9: 4 personnes<\/p>\n<p>&#8211; 31 m<span>\u00b2<\/span><\/p>\n<p>&nbsp;<\/p>\n<p><strong>Equipement:<\/strong><\/p>\n<p>&#8211; 4 couchages<\/p>\n<p>&#8211; S\u00e9jour : canap\u00e9 convertible en 140<\/p>\n<p>&#8211; Cuisine \u00e9quip\u00e9e<\/p>\n<p>&#8211; 1 chambre:\u00a0 lit en 140<\/p>\n<p>&#8211; Salle de bains<\/p>\n<p>&#8211; WC, lave-linge commun, TV<\/p>\n<p>&#8211; Jardin clos commun<\/p>\n[\/et_pb_accordion_item][et_pb_accordion_item title=\u00a0\u00bbG\u00eetes n\u00b0 125, totalement r\u00e9nov\u00e9 en 2021&Prime; _builder_version=\u00a0\u00bb3.0.106&Prime; global_colors_info=\u00a0\u00bb{}\u00a0\u00bb open=\u00a0\u00bboff\u00a0\u00bb]\n<p><strong>R\u00e9sidence du pr\u00e9sbyt\u00e8re:<\/strong><\/p>\n<p>&#8211; Situ\u00e9 Place de l&rsquo;\u00e9glise au RDC<\/p>\n<p>&#8211; Capacit\u00e9: 2 \u00e0 4 personnes<\/p>\n<p>&#8211; 43,5 m<span>\u00b2<\/span><\/p>\n<p>&nbsp;<\/p>\n<p><strong>Equipement:<\/strong><\/p>\n<p>&#8211; 2 \u00e0 4 couchages<\/p>\n<p>&#8211; S\u00e9jour : canap\u00e9 convertible en 140<\/p>\n<p>&#8211; Cuisine \u00e9quip\u00e9e<\/p>\n<p>&#8211; 1 chambre :\u00a0 2 lits en\u00a0 90<\/p>\n<p>&#8211; Salle de bains<\/p>\n<p>&#8211; WC, lave-linge et lave- vaiselle ind\u00e9pendant , TV<\/p>\n<p>&#8211; Jardin clos commun<\/p>\n[\/et_pb_accordion_item][et_pb_accordion_item title=\u00a0\u00bbG\u00eetes n\u00b0 126, totalement r\u00e9nov\u00e9 en 2020&Prime; _builder_version=\u00a0\u00bb3.0.106&Prime; global_colors_info=\u00a0\u00bb{}\u00a0\u00bb open=\u00a0\u00bboff\u00a0\u00bb]\n<p><strong>R\u00e9sidence du pr\u00e9sbyt\u00e8re:<\/strong><\/p>\n<p>&#8211; Situ\u00e9 Place de l&rsquo;\u00e9glise au 1er \u00e9tage<\/p>\n<p>&#8211; Capacit\u00e9: 2 \u00e0 4 personnes<\/p>\n<p>&#8211; 43,5 m<span>\u00b2<\/span><\/p>\n<p>&nbsp;<\/p>\n<p><strong>Equipement:<\/strong><\/p>\n<p>&#8211; 2 \u00e0 4 couchages<\/p>\n<p>&#8211; Chambre avec 1 lit en 140<\/p>\n<p>&#8211; S\u00e9jour : canap\u00e9 convertible en 140<\/p>\n<p>&#8211; Cuisine \u00e9quip\u00e9e<\/p>\n<p>&#8211; Salle de bains<\/p>\n<p>&#8211; WC, lave-linge priv\u00e9, TV<\/p>\n<p>&#8211; Jardin clos commun<\/p>\n[\/et_pb_accordion_item][\/et_pb_accordion][\/et_pb_column][\/et_pb_row][et_pb_row _builder_version=\u00a0\u00bb3.25&Prime; global_colors_info=\u00a0\u00bb{}\u00a0\u00bb][et_pb_column type=\u00a0\u00bb4_4&Prime; _builder_version=\u00a0\u00bb3.25&Prime; custom_padding=\u00a0\u00bb|||\u00a0\u00bb global_colors_info=\u00a0\u00bb{}\u00a0\u00bb custom_padding__hover=\u00a0\u00bb|||\u00a0\u00bb][et_pb_text _builder_version=\u00a0\u00bb4.10.8&Prime; global_colors_info=\u00a0\u00bb{}\u00a0\u00bb]\n<p>T\u00e9l\u00e9charger la plaquette<\/p>\n<p><img decoding=\"async\" src=\"https:\/\/aletlesbains.com\/site\/wp-content\/plugins\/wp-downloadmanager\/images\/ext\/pdf.gif\" alt=\"\" title=\"\" style=\"vertical-align: middle;\" \/>&nbsp;&nbsp;<strong><a href=\"https:\/\/aletlesbains.com\/site\/download\/125\/\">Tarifs Gites 2024<\/a><\/strong> (655,9 KiB, 659 hits)<\/p>\n[\/et_pb_text][et_pb_image src=\u00a0\u00bbhttps:\/\/aletlesbains.com\/site\/wp-content\/uploads\/2025\/03\/tarifs-et-infos-gite-1-2025-page-001.jpg\u00a0\u00bb title_text=\u00a0\u00bbtarifs et infos gite 1 2025-page-001&Prime; _builder_version=\u00a0\u00bb4.10.8&Prime; _module_preset=\u00a0\u00bbdefault\u00a0\u00bb global_colors_info=\u00a0\u00bb{}\u00a0\u00bb][\/et_pb_image][et_pb_image src=\u00a0\u00bbhttps:\/\/aletlesbains.com\/site\/wp-content\/uploads\/2025\/03\/tarifs-et-infos-gite-1-2025-page-002.jpg\u00a0\u00bb title_text=\u00a0\u00bbtarifs et infos gite 1 2025-page-002&Prime; _builder_version=\u00a0\u00bb4.10.8&Prime; _module_preset=\u00a0\u00bbdefault\u00a0\u00bb global_colors_info=\u00a0\u00bb{}\u00a0\u00bb][\/et_pb_image][\/et_pb_column][\/et_pb_row][\/et_pb_section]\n","protected":false},"excerpt":{"rendered":"<p>Les G\u00eetes communaux La commune dispose de 13 g\u00eetes disponibles \u00e0 la location, toute l&rsquo;ann\u00e9e. Nos g\u00eetes peuvent accueillir entre une et huit personnes. Veuillez vous r\u00e9f\u00e9rer au descriptif ci-dessous 6 G\u00eetes Equip\u00e9s pour accueillir une \u00e0 quatre personnes.Situ\u00e9s dans un cadre\u00a0 de verdure avec jardin privatif ou loggia, balcon.T\u00e9l\u00e9vision, lave linge.Comment louer ? Pour [&hellip;]<\/p>\n","protected":false},"author":1,"featured_media":0,"parent":0,"menu_order":0,"comment_status":"closed","ping_status":"closed","template":"","meta":{"_et_pb_use_builder":"on","_et_pb_old_content":"","_et_gb_content_width":"","footnotes":""},"categories":[],"tags":[],"class_list":["post-398","page","type-page","status-publish","hentry"],"yoast_head":"<!-- This site is optimized with the Yoast SEO plugin v27.1.1 - https:\/\/yoast.com\/product\/yoast-seo-wordpress\/ -->\n<title>Les g\u00eetes communaux - Mairie d&#039;Alet les bains - site Officiel<\/title>\n<meta name=\"robots\" content=\"index, follow, max-snippet:-1, max-image-preview:large, max-video-preview:-1\" \/>\n<link rel=\"canonical\" href=\"https:\/\/aletlesbains.com\/site\/les-gites-communaux\/\" \/>\n<meta property=\"og:locale\" content=\"fr_FR\" \/>\n<meta property=\"og:type\" content=\"article\" \/>\n<meta property=\"og:title\" content=\"[:fr]Les g\u00eetes communaux[:en]Les Gites Communaux[:es]Les Gites Communaux[:] - Mairie d&#039;Alet les bains - site Officiel\" \/>\n<meta property=\"og:description\" content=\"Les G\u00eetes communaux La commune dispose de 13 g\u00eetes disponibles \u00e0 la location, toute l&#039;ann\u00e9e. Nos g\u00eetes peuvent accueillir entre une et huit personnes. Veuillez vous r\u00e9f\u00e9rer au descriptif ci-dessous 6 G\u00eetes Equip\u00e9s pour accueillir une \u00e0 quatre personnes.Situ\u00e9s dans un cadre\u00a0 de verdure avec jardin privatif ou loggia, balcon.T\u00e9l\u00e9vision, lave linge.Comment louer ? Pour [&hellip;]\" \/>\n<meta property=\"og:url\" content=\"https:\/\/aletlesbains.com\/site\/les-gites-communaux\/\" \/>\n<meta property=\"og:site_name\" content=\"Mairie d&#039;Alet les bains - site Officiel\" \/>\n<meta property=\"article:modified_time\" content=\"2025-03-24T11:28:01+00:00\" \/>\n<meta name=\"twitter:card\" content=\"summary_large_image\" \/>\n<meta name=\"twitter:label1\" content=\"Dur\u00e9e de lecture estim\u00e9e\" \/>\n\t<meta name=\"twitter:data1\" content=\"5 minutes\" \/>\n<script type=\"application\/ld+json\" class=\"yoast-schema-graph\">{\"@context\":\"https:\/\/schema.org\",\"@graph\":[{\"@type\":\"WebPage\",\"@id\":\"https:\/\/aletlesbains.com\/site\/les-gites-communaux\/\",\"url\":\"https:\/\/aletlesbains.com\/site\/les-gites-communaux\/\",\"name\":\"[:fr]Les g\u00eetes communaux[:en]Les Gites Communaux[:es]Les Gites Communaux[:] - Mairie d&#039;Alet les bains - site Officiel\",\"isPartOf\":{\"@id\":\"https:\/\/aletlesbains.com\/site\/#website\"},\"datePublished\":\"2017-09-19T08:11:19+00:00\",\"dateModified\":\"2025-03-24T11:28:01+00:00\",\"breadcrumb\":{\"@id\":\"https:\/\/aletlesbains.com\/site\/les-gites-communaux\/#breadcrumb\"},\"inLanguage\":\"fr-FR\",\"potentialAction\":[{\"@type\":\"ReadAction\",\"target\":[\"https:\/\/aletlesbains.com\/site\/les-gites-communaux\/\"]}]},{\"@type\":\"BreadcrumbList\",\"@id\":\"https:\/\/aletlesbains.com\/site\/les-gites-communaux\/#breadcrumb\",\"itemListElement\":[{\"@type\":\"ListItem\",\"position\":1,\"name\":\"Accueil\",\"item\":\"https:\/\/aletlesbains.com\/site\/\"},{\"@type\":\"ListItem\",\"position\":2,\"name\":\"[:fr]Les g\u00eetes communaux[:en]Les Gites Communaux[:es]Les Gites Communaux[:]\"}]},{\"@type\":\"WebSite\",\"@id\":\"https:\/\/aletlesbains.com\/site\/#website\",\"url\":\"https:\/\/aletlesbains.com\/site\/\",\"name\":\"Mairie d&#039;Alet les bains - site Officiel\",\"description\":\"Village Mill\u00e9naire\",\"potentialAction\":[{\"@type\":\"SearchAction\",\"target\":{\"@type\":\"EntryPoint\",\"urlTemplate\":\"https:\/\/aletlesbains.com\/site\/?s={search_term_string}\"},\"query-input\":{\"@type\":\"PropertyValueSpecification\",\"valueRequired\":true,\"valueName\":\"search_term_string\"}}],\"inLanguage\":\"fr-FR\"}]}<\/script>\n<!-- \/ Yoast SEO plugin. -->","yoast_head_json":{"title":"[:fr]Les g\u00eetes communaux[:en]Les Gites Communaux[:es]Les Gites Communaux[:] - Mairie d&#039;Alet les bains - site Officiel","robots":{"index":"index","follow":"follow","max-snippet":"max-snippet:-1","max-image-preview":"max-image-preview:large","max-video-preview":"max-video-preview:-1"},"canonical":"https:\/\/aletlesbains.com\/site\/les-gites-communaux\/","og_locale":"fr_FR","og_type":"article","og_title":"[:fr]Les g\u00eetes communaux[:en]Les Gites Communaux[:es]Les Gites Communaux[:] - Mairie d&#039;Alet les bains - site Officiel","og_description":"Les G\u00eetes communaux La commune dispose de 13 g\u00eetes disponibles \u00e0 la location, toute l'ann\u00e9e. Nos g\u00eetes peuvent accueillir entre une et huit personnes. Veuillez vous r\u00e9f\u00e9rer au descriptif ci-dessous 6 G\u00eetes Equip\u00e9s pour accueillir une \u00e0 quatre personnes.Situ\u00e9s dans un cadre\u00a0 de verdure avec jardin privatif ou loggia, balcon.T\u00e9l\u00e9vision, lave linge.Comment louer ? Pour [&hellip;]","og_url":"https:\/\/aletlesbains.com\/site\/les-gites-communaux\/","og_site_name":"Mairie d&#039;Alet les bains - site Officiel","article_modified_time":"2025-03-24T11:28:01+00:00","twitter_card":"summary_large_image","twitter_misc":{"Dur\u00e9e de lecture estim\u00e9e":"5 minutes"},"schema":{"@context":"https:\/\/schema.org","@graph":[{"@type":"WebPage","@id":"https:\/\/aletlesbains.com\/site\/les-gites-communaux\/","url":"https:\/\/aletlesbains.com\/site\/les-gites-communaux\/","name":"[:fr]Les g\u00eetes communaux[:en]Les Gites Communaux[:es]Les Gites Communaux[:] - Mairie d&#039;Alet les bains - site Officiel","isPartOf":{"@id":"https:\/\/aletlesbains.com\/site\/#website"},"datePublished":"2017-09-19T08:11:19+00:00","dateModified":"2025-03-24T11:28:01+00:00","breadcrumb":{"@id":"https:\/\/aletlesbains.com\/site\/les-gites-communaux\/#breadcrumb"},"inLanguage":"fr-FR","potentialAction":[{"@type":"ReadAction","target":["https:\/\/aletlesbains.com\/site\/les-gites-communaux\/"]}]},{"@type":"BreadcrumbList","@id":"https:\/\/aletlesbains.com\/site\/les-gites-communaux\/#breadcrumb","itemListElement":[{"@type":"ListItem","position":1,"name":"Accueil","item":"https:\/\/aletlesbains.com\/site\/"},{"@type":"ListItem","position":2,"name":"[:fr]Les g\u00eetes communaux[:en]Les Gites Communaux[:es]Les Gites Communaux[:]"}]},{"@type":"WebSite","@id":"https:\/\/aletlesbains.com\/site\/#website","url":"https:\/\/aletlesbains.com\/site\/","name":"Mairie d&#039;Alet les bains - site Officiel","description":"Village Mill\u00e9naire","potentialAction":[{"@type":"SearchAction","target":{"@type":"EntryPoint","urlTemplate":"https:\/\/aletlesbains.com\/site\/?s={search_term_string}"},"query-input":{"@type":"PropertyValueSpecification","valueRequired":true,"valueName":"search_term_string"}}],"inLanguage":"fr-FR"}]}},"_links":{"self":[{"href":"https:\/\/aletlesbains.com\/site\/wp-json\/wp\/v2\/pages\/398","targetHints":{"allow":["GET"]}}],"collection":[{"href":"https:\/\/aletlesbains.com\/site\/wp-json\/wp\/v2\/pages"}],"about":[{"href":"https:\/\/aletlesbains.com\/site\/wp-json\/wp\/v2\/types\/page"}],"author":[{"embeddable":true,"href":"https:\/\/aletlesbains.com\/site\/wp-json\/wp\/v2\/users\/1"}],"replies":[{"embeddable":true,"href":"https:\/\/aletlesbains.com\/site\/wp-json\/wp\/v2\/comments?post=398"}],"version-history":[{"count":36,"href":"https:\/\/aletlesbains.com\/site\/wp-json\/wp\/v2\/pages\/398\/revisions"}],"predecessor-version":[{"id":3014,"href":"https:\/\/aletlesbains.com\/site\/wp-json\/wp\/v2\/pages\/398\/revisions\/3014"}],"wp:attachment":[{"href":"https:\/\/aletlesbains.com\/site\/wp-json\/wp\/v2\/media?parent=398"}],"wp:term":[{"taxonomy":"category","embeddable":true,"href":"https:\/\/aletlesbains.com\/site\/wp-json\/wp\/v2\/categories?post=398"},{"taxonomy":"post_tag","embeddable":true,"href":"https:\/\/aletlesbains.com\/site\/wp-json\/wp\/v2\/tags?post=398"}],"curies":[{"name":"wp","href":"https:\/\/api.w.org\/{rel}","templated":true}]}}