{"id":2907,"date":"2024-12-02T15:16:34","date_gmt":"2024-12-02T14:16:34","guid":{"rendered":"https:\/\/aletlesbains.com\/site\/?page_id=2907"},"modified":"2024-12-04T09:55:03","modified_gmt":"2024-12-04T08:55:03","slug":"site-patrimonial-remarquable","status":"publish","type":"page","link":"https:\/\/aletlesbains.com\/site\/site-patrimonial-remarquable\/?lang=fr","title":{"rendered":"Site Patrimonial Remarquable"},"content":{"rendered":"[et_pb_section fb_built=\u00a0\u00bb1&Prime; _builder_version=\u00a0\u00bb4.10.8&Prime; _module_preset=\u00a0\u00bbdefault\u00a0\u00bb global_colors_info=\u00a0\u00bb{}\u00a0\u00bb][et_pb_row column_structure=\u00a0\u00bb1_5,1_5,1_5,1_5,1_5&Prime; _builder_version=\u00a0\u00bb4.10.8&Prime; _module_preset=\u00a0\u00bbdefault\u00a0\u00bb global_colors_info=\u00a0\u00bb{}\u00a0\u00bb][et_pb_column type=\u00a0\u00bb1_5&Prime; _builder_version=\u00a0\u00bb4.10.8&Prime; _module_preset=\u00a0\u00bbdefault\u00a0\u00bb global_colors_info=\u00a0\u00bb{}\u00a0\u00bb][et_pb_image src=\u00a0\u00bbhttps:\/\/aletlesbains.com\/site\/wp-content\/uploads\/2024\/12\/kargo-sud.png\u00a0\u00bb title_text=\u00a0\u00bbkargo sud\u00a0\u00bb _builder_version=\u00a0\u00bb4.10.8&Prime; _module_preset=\u00a0\u00bbdefault\u00a0\u00bb global_colors_info=\u00a0\u00bb{}\u00a0\u00bb][\/et_pb_image][\/et_pb_column][et_pb_column type=\u00a0\u00bb1_5&Prime; _builder_version=\u00a0\u00bb4.10.8&Prime; _module_preset=\u00a0\u00bbdefault\u00a0\u00bb global_colors_info=\u00a0\u00bb{}\u00a0\u00bb][et_pb_image src=\u00a0\u00bbhttps:\/\/aletlesbains.com\/site\/wp-content\/uploads\/2024\/12\/alet-les-bains.png\u00a0\u00bb title_text=\u00a0\u00bbalet les bains\u00a0\u00bb _builder_version=\u00a0\u00bb4.10.8&Prime; _module_preset=\u00a0\u00bbdefault\u00a0\u00bb global_colors_info=\u00a0\u00bb{}\u00a0\u00bb][\/et_pb_image][\/et_pb_column][et_pb_column type=\u00a0\u00bb1_5&Prime; _builder_version=\u00a0\u00bb4.10.8&Prime; _module_preset=\u00a0\u00bbdefault\u00a0\u00bb global_colors_info=\u00a0\u00bb{}\u00a0\u00bb][et_pb_image src=\u00a0\u00bbhttps:\/\/aletlesbains.com\/site\/wp-content\/uploads\/2024\/12\/aude.png\u00a0\u00bb title_text=\u00a0\u00bbaude\u00a0\u00bb _builder_version=\u00a0\u00bb4.10.8&Prime; _module_preset=\u00a0\u00bbdefault\u00a0\u00bb global_colors_info=\u00a0\u00bb{}\u00a0\u00bb][\/et_pb_image][\/et_pb_column][et_pb_column type=\u00a0\u00bb1_5&Prime; _builder_version=\u00a0\u00bb4.10.8&Prime; _module_preset=\u00a0\u00bbdefault\u00a0\u00bb global_colors_info=\u00a0\u00bb{}\u00a0\u00bb][et_pb_image src=\u00a0\u00bbhttps:\/\/aletlesbains.com\/site\/wp-content\/uploads\/2024\/12\/aude-caue.png\u00a0\u00bb title_text=\u00a0\u00bbaude caue\u00a0\u00bb _builder_version=\u00a0\u00bb4.10.8&Prime; _module_preset=\u00a0\u00bbdefault\u00a0\u00bb global_colors_info=\u00a0\u00bb{}\u00a0\u00bb][\/et_pb_image][\/et_pb_column][et_pb_column type=\u00a0\u00bb1_5&Prime; _builder_version=\u00a0\u00bb4.10.8&Prime; _module_preset=\u00a0\u00bbdefault\u00a0\u00bb global_colors_info=\u00a0\u00bb{}\u00a0\u00bb][et_pb_image src=\u00a0\u00bbhttps:\/\/aletlesbains.com\/site\/wp-content\/uploads\/2024\/12\/ministere-de-la-culture.png\u00a0\u00bb title_text=\u00a0\u00bbminist\u00e8re de la culture\u00a0\u00bb _builder_version=\u00a0\u00bb4.10.8&Prime; _module_preset=\u00a0\u00bbdefault\u00a0\u00bb global_colors_info=\u00a0\u00bb{}\u00a0\u00bb][\/et_pb_image][\/et_pb_column][\/et_pb_row][et_pb_row _builder_version=\u00a0\u00bb4.10.8&Prime; _module_preset=\u00a0\u00bbdefault\u00a0\u00bb global_colors_info=\u00a0\u00bb{}\u00a0\u00bb][et_pb_column type=\u00a0\u00bb4_4&Prime; _builder_version=\u00a0\u00bb4.10.8&Prime; _module_preset=\u00a0\u00bbdefault\u00a0\u00bb global_colors_info=\u00a0\u00bb{}\u00a0\u00bb][et_pb_image src=\u00a0\u00bbhttps:\/\/aletlesbains.com\/site\/wp-content\/uploads\/2024\/12\/alet-photo.png\u00a0\u00bb title_text=\u00a0\u00bbalet photo\u00a0\u00bb align=\u00a0\u00bbcenter\u00a0\u00bb _builder_version=\u00a0\u00bb4.10.8&Prime; _module_preset=\u00a0\u00bbdefault\u00a0\u00bb global_colors_info=\u00a0\u00bb{}\u00a0\u00bb][\/et_pb_image][\/et_pb_column][\/et_pb_row][et_pb_row _builder_version=\u00a0\u00bb4.10.8&Prime; _module_preset=\u00a0\u00bbdefault\u00a0\u00bb global_colors_info=\u00a0\u00bb{}\u00a0\u00bb][et_pb_column type=\u00a0\u00bb4_4&Prime; _builder_version=\u00a0\u00bb4.10.8&Prime; _module_preset=\u00a0\u00bbdefault\u00a0\u00bb global_colors_info=\u00a0\u00bb{}\u00a0\u00bb][et_pb_text _builder_version=\u00a0\u00bb4.10.8&Prime; _module_preset=\u00a0\u00bbdefault\u00a0\u00bb global_colors_info=\u00a0\u00bb{}\u00a0\u00bb]\n<p style=\"text-align: center;\"><strong><u>Alet-les-Bains lance l\u2019\u00e9laboration de son Site patrimonial remarquable\u00a0!<\/u><\/strong><\/p>\n<p style=\"text-align: center;\"><strong><u>Participez\u00a0!<\/u><\/strong><\/p>\n<p>Consciente de l\u2019int\u00e9r\u00eat de son patrimoine architectural, urbain, aquif\u00e8re, paysager, naturel et de l\u2019importance de le mettre en valeur, la commune d\u2019Alet-les-Bains s\u2019est engag\u00e9e dans une d\u00e9marche de Site patrimonial remarquable (SPR) en juillet 2024.<\/p>\n<p>Men\u00e9e en collaboration avec l\u2019Unit\u00e9 d\u00e9partementale de l\u2019architecture et du patrimoine (UDAP) de l\u2019Aude, la Direction r\u00e9gionale des affaires culturelles (DRAC) Occitanie et le Conseil en architecture, urbanisme et environnement (CAUE) de l\u2019Aude, l\u2019\u00e9tude doit aboutir fin 2025 avec l\u2019approbation du p\u00e9rim\u00e8tre de SPR.<\/p>\n<p>Elabor\u00e9 sur la base d\u2019un diagnostic patrimonial, celui-ci prend notamment en compte les p\u00e9rim\u00e8tres de protection des abords des monuments historiques d\u00e9j\u00e0 existants et le futur PLUi du Limouxin.<\/p>\n<p>&nbsp;<\/p>\n<p><strong>1\/ Qu\u2019est-ce qu\u2019un SPR ? A quoi \u00e7a sert ?<\/strong><\/p>\n<p>Un Site patrimonial remarquable est un outil d\u2019urbanisme permettant de mettre en valeur une commune \u00e0 travers son patrimoine.<\/p>\n<p>Il est d\u00e9fini par un p\u00e9rim\u00e8tre de protection et de valorisation qui int\u00e8gre les \u00e9l\u00e9ments patrimoniaux (b\u00e2ti, urbain et paysager) du territoire pr\u00e9sentant un caract\u00e8re remarquable.<\/p>\n<p>Ce caract\u00e8re est mis en \u00e9vidence par la coh\u00e9rence de l\u2019ensemble couvert par le SPR et par sa forte valeur patrimoniale au regard de l\u2019histoire, de l\u2019arch\u00e9ologie, de l\u2019architecture et des paysages.<\/p>\n<p>Annex\u00e9 au PLU\/i, le p\u00e9rim\u00e8tre de SPR constitue une servitude d\u2019utilit\u00e9 publique encadrant les demandes d\u2019autorisation de travaux.<\/p>\n<p>En s\u2019inscrivant en lien avec les autres dynamiques port\u00e9es par la commune (labellisation, projets d\u2019am\u00e9nagement\u2026), le SPR contribue au renforcement de l\u2019attractivit\u00e9 touristique, \u00e9conomique et d\u00e9mographique d\u2019Alet-les-Bains par la mise en valeur de son cadre de vie et des sp\u00e9cificit\u00e9s patrimoniales qui font sa qualit\u00e9.<\/p>\n<p>A l\u2019int\u00e9rieur du p\u00e9rim\u00e8tre, un document de gestion permettra de donner avec pr\u00e9cision le cadre r\u00e9glementaire de la qualit\u00e9 des interventions (restauration, transformation, am\u00e9nagement) \u00e0 r\u00e9aliser sur le b\u00e2ti et dans les espaces publics et paysagers.<\/p>\n<p><strong>2\/ O\u00f9 en est l\u2019\u00e9tude ?<\/strong><\/p>\n<p>Le premier pas de l\u2019\u00e9tude est celui du diagnostic patrimonial.<\/p>\n<p>Il permet d\u2019\u00e9tablir un \u00e9tat des lieux de la commune au regard de ses particularit\u00e9s architecturales, urbaines, paysag\u00e8res, naturelles et, pour Alet, aquif\u00e8res.<\/p>\n<p>Le diagnostic identifie ainsi les composantes patrimoniales de la commune sur son territoire. Il sera ensuite traduit sous la forme d\u2019enjeux, en fonction des diff\u00e9rentes valeurs patrimoniales des secteurs b\u00e2tis ou paysagers qui composent la commune. Ces enjeux prennent \u00e9galement en compte les outils de valorisation d\u00e9j\u00e0 existants. Le projet de SPR sera ainsi construit sur cette base.<\/p>\n<p><em>L\u2019\u00e9tude de SPR vient de d\u00e9buter et le diagnostic est en cours de r\u00e9alisation. Il est men\u00e9 par les architectes Gr\u00e9goire Olivier et Julien Delannoy de l\u2019agence d\u2019architecture Kargo Sud et par la paysagiste Alexandra Raybaud.<\/em><\/p>\n<p><em><\/em><\/p>\n<p><strong>3\/ En quoi suis-je concern\u00e9 et comment participer ?<\/strong><\/p>\n<p>Le SPR concerne tous les Al\u00e9tois ! Et c\u2019est le moment pour vous de commencer \u00e0 participer \u00e0 son \u00e9laboration !<\/p>\n<p>Il est en effet important pour nous de savoir comment vous vivez votre village, son cadre de vie, ses paysages et son patrimoine.<\/p>\n<p>A l\u2019aide d\u2019un post-it et d\u2019une \u00e9pingle, indiquez sur la carte ce qui fait patrimoine pour vous \u00e0 Alet et ce qu\u2019il vous semble important de pr\u00e9server, de valoriser ou d\u2019am\u00e9liorer.<\/p>\n<p>Sur la base du diagnostic de l\u2019\u00e9tude et de votre participation, nous pourrons ainsi \u00e9tablir le p\u00e9rim\u00e8tre de SPR le plus coh\u00e9rent possible.<\/p>\n<p>Utilisez l\u2019\u00e9pingle pour pointer l\u2019\u00e9l\u00e9ment ou le secteur que vous souhaitez mettre en avant et le post-it pour pr\u00e9ciser \u00e0 l\u2019\u00e9crit ce qu\u2019il vous semble int\u00e9ressant de mentionner. Deux cartes seront disponibles \u00e0 la Mairie et au Point Accueil Abbaye aux heures d\u2019ouvertures \u00e0 compter du mercredi 20 novembre 2024.<\/p>\n<p><strong>A vous de jouer, merci !<\/strong><\/p>\n[\/et_pb_text][\/et_pb_column][\/et_pb_row][\/et_pb_section]\n","protected":false},"excerpt":{"rendered":"<p>Alet-les-Bains lance l\u2019\u00e9laboration de son Site patrimonial remarquable\u00a0! Participez\u00a0! Consciente de l\u2019int\u00e9r\u00eat de son patrimoine architectural, urbain, aquif\u00e8re, paysager, naturel et de l\u2019importance de le mettre en valeur, la commune d\u2019Alet-les-Bains s\u2019est engag\u00e9e dans une d\u00e9marche de Site patrimonial remarquable (SPR) en juillet 2024. Men\u00e9e en collaboration avec l\u2019Unit\u00e9 d\u00e9partementale de l\u2019architecture et du patrimoine [&hellip;]<\/p>\n","protected":false},"author":2,"featured_media":0,"parent":0,"menu_order":0,"comment_status":"closed","ping_status":"closed","template":"","meta":{"_et_pb_use_builder":"on","_et_pb_old_content":"","_et_gb_content_width":"","footnotes":""},"categories":[],"tags":[],"class_list":["post-2907","page","type-page","status-publish","hentry"],"yoast_head":"<!-- This site is optimized with the Yoast SEO plugin v27.1.1 - https:\/\/yoast.com\/product\/yoast-seo-wordpress\/ -->\n<title>Site Patrimonial Remarquable - Mairie d&#039;Alet les bains - site Officiel<\/title>\n<meta name=\"robots\" content=\"index, follow, max-snippet:-1, max-image-preview:large, max-video-preview:-1\" \/>\n<link rel=\"canonical\" href=\"https:\/\/aletlesbains.com\/site\/site-patrimonial-remarquable\/\" \/>\n<meta property=\"og:locale\" content=\"fr_FR\" \/>\n<meta property=\"og:type\" content=\"article\" \/>\n<meta property=\"og:title\" content=\"[:fr]Site Patrimonial Remarquable[:en]Brouillon auto[:es]Brouillon auto[:] - Mairie d&#039;Alet les bains - site Officiel\" \/>\n<meta property=\"og:description\" content=\"Alet-les-Bains lance l\u2019\u00e9laboration de son Site patrimonial remarquable\u00a0! Participez\u00a0! Consciente de l\u2019int\u00e9r\u00eat de son patrimoine architectural, urbain, aquif\u00e8re, paysager, naturel et de l\u2019importance de le mettre en valeur, la commune d\u2019Alet-les-Bains s\u2019est engag\u00e9e dans une d\u00e9marche de Site patrimonial remarquable (SPR) en juillet 2024. Men\u00e9e en collaboration avec l\u2019Unit\u00e9 d\u00e9partementale de l\u2019architecture et du patrimoine [&hellip;]\" \/>\n<meta property=\"og:url\" content=\"https:\/\/aletlesbains.com\/site\/site-patrimonial-remarquable\/\" \/>\n<meta property=\"og:site_name\" content=\"Mairie d&#039;Alet les bains - site Officiel\" \/>\n<meta property=\"article:modified_time\" content=\"2024-12-04T08:55:03+00:00\" \/>\n<meta name=\"twitter:card\" content=\"summary_large_image\" \/>\n<meta name=\"twitter:label1\" content=\"Dur\u00e9e de lecture estim\u00e9e\" \/>\n\t<meta name=\"twitter:data1\" content=\"5 minutes\" \/>\n<script type=\"application\/ld+json\" class=\"yoast-schema-graph\">{\"@context\":\"https:\/\/schema.org\",\"@graph\":[{\"@type\":\"WebPage\",\"@id\":\"https:\/\/aletlesbains.com\/site\/site-patrimonial-remarquable\/\",\"url\":\"https:\/\/aletlesbains.com\/site\/site-patrimonial-remarquable\/\",\"name\":\"[:fr]Site Patrimonial Remarquable[:en]Brouillon auto[:es]Brouillon auto[:] - Mairie d&#039;Alet les bains - site Officiel\",\"isPartOf\":{\"@id\":\"https:\/\/aletlesbains.com\/site\/#website\"},\"datePublished\":\"2024-12-02T14:16:34+00:00\",\"dateModified\":\"2024-12-04T08:55:03+00:00\",\"breadcrumb\":{\"@id\":\"https:\/\/aletlesbains.com\/site\/site-patrimonial-remarquable\/#breadcrumb\"},\"inLanguage\":\"fr-FR\",\"potentialAction\":[{\"@type\":\"ReadAction\",\"target\":[\"https:\/\/aletlesbains.com\/site\/site-patrimonial-remarquable\/\"]}]},{\"@type\":\"BreadcrumbList\",\"@id\":\"https:\/\/aletlesbains.com\/site\/site-patrimonial-remarquable\/#breadcrumb\",\"itemListElement\":[{\"@type\":\"ListItem\",\"position\":1,\"name\":\"Accueil\",\"item\":\"https:\/\/aletlesbains.com\/site\/\"},{\"@type\":\"ListItem\",\"position\":2,\"name\":\"Site Patrimonial Remarquable\"}]},{\"@type\":\"WebSite\",\"@id\":\"https:\/\/aletlesbains.com\/site\/#website\",\"url\":\"https:\/\/aletlesbains.com\/site\/\",\"name\":\"Mairie d&#039;Alet les bains - site Officiel\",\"description\":\"Village Mill\u00e9naire\",\"potentialAction\":[{\"@type\":\"SearchAction\",\"target\":{\"@type\":\"EntryPoint\",\"urlTemplate\":\"https:\/\/aletlesbains.com\/site\/?s={search_term_string}\"},\"query-input\":{\"@type\":\"PropertyValueSpecification\",\"valueRequired\":true,\"valueName\":\"search_term_string\"}}],\"inLanguage\":\"fr-FR\"}]}<\/script>\n<!-- \/ Yoast SEO plugin. -->","yoast_head_json":{"title":"[:fr]Site Patrimonial Remarquable[:en]Brouillon auto[:es]Brouillon auto[:] - Mairie d&#039;Alet les bains - site Officiel","robots":{"index":"index","follow":"follow","max-snippet":"max-snippet:-1","max-image-preview":"max-image-preview:large","max-video-preview":"max-video-preview:-1"},"canonical":"https:\/\/aletlesbains.com\/site\/site-patrimonial-remarquable\/","og_locale":"fr_FR","og_type":"article","og_title":"[:fr]Site Patrimonial Remarquable[:en]Brouillon auto[:es]Brouillon auto[:] - Mairie d&#039;Alet les bains - site Officiel","og_description":"Alet-les-Bains lance l\u2019\u00e9laboration de son Site patrimonial remarquable\u00a0! Participez\u00a0! Consciente de l\u2019int\u00e9r\u00eat de son patrimoine architectural, urbain, aquif\u00e8re, paysager, naturel et de l\u2019importance de le mettre en valeur, la commune d\u2019Alet-les-Bains s\u2019est engag\u00e9e dans une d\u00e9marche de Site patrimonial remarquable (SPR) en juillet 2024. Men\u00e9e en collaboration avec l\u2019Unit\u00e9 d\u00e9partementale de l\u2019architecture et du patrimoine [&hellip;]","og_url":"https:\/\/aletlesbains.com\/site\/site-patrimonial-remarquable\/","og_site_name":"Mairie d&#039;Alet les bains - site Officiel","article_modified_time":"2024-12-04T08:55:03+00:00","twitter_card":"summary_large_image","twitter_misc":{"Dur\u00e9e de lecture estim\u00e9e":"5 minutes"},"schema":{"@context":"https:\/\/schema.org","@graph":[{"@type":"WebPage","@id":"https:\/\/aletlesbains.com\/site\/site-patrimonial-remarquable\/","url":"https:\/\/aletlesbains.com\/site\/site-patrimonial-remarquable\/","name":"[:fr]Site Patrimonial Remarquable[:en]Brouillon auto[:es]Brouillon auto[:] - Mairie d&#039;Alet les bains - site Officiel","isPartOf":{"@id":"https:\/\/aletlesbains.com\/site\/#website"},"datePublished":"2024-12-02T14:16:34+00:00","dateModified":"2024-12-04T08:55:03+00:00","breadcrumb":{"@id":"https:\/\/aletlesbains.com\/site\/site-patrimonial-remarquable\/#breadcrumb"},"inLanguage":"fr-FR","potentialAction":[{"@type":"ReadAction","target":["https:\/\/aletlesbains.com\/site\/site-patrimonial-remarquable\/"]}]},{"@type":"BreadcrumbList","@id":"https:\/\/aletlesbains.com\/site\/site-patrimonial-remarquable\/#breadcrumb","itemListElement":[{"@type":"ListItem","position":1,"name":"Accueil","item":"https:\/\/aletlesbains.com\/site\/"},{"@type":"ListItem","position":2,"name":"Site Patrimonial Remarquable"}]},{"@type":"WebSite","@id":"https:\/\/aletlesbains.com\/site\/#website","url":"https:\/\/aletlesbains.com\/site\/","name":"Mairie d&#039;Alet les bains - site Officiel","description":"Village Mill\u00e9naire","potentialAction":[{"@type":"SearchAction","target":{"@type":"EntryPoint","urlTemplate":"https:\/\/aletlesbains.com\/site\/?s={search_term_string}"},"query-input":{"@type":"PropertyValueSpecification","valueRequired":true,"valueName":"search_term_string"}}],"inLanguage":"fr-FR"}]}},"_links":{"self":[{"href":"https:\/\/aletlesbains.com\/site\/wp-json\/wp\/v2\/pages\/2907","targetHints":{"allow":["GET"]}}],"collection":[{"href":"https:\/\/aletlesbains.com\/site\/wp-json\/wp\/v2\/pages"}],"about":[{"href":"https:\/\/aletlesbains.com\/site\/wp-json\/wp\/v2\/types\/page"}],"author":[{"embeddable":true,"href":"https:\/\/aletlesbains.com\/site\/wp-json\/wp\/v2\/users\/2"}],"replies":[{"embeddable":true,"href":"https:\/\/aletlesbains.com\/site\/wp-json\/wp\/v2\/comments?post=2907"}],"version-history":[{"count":9,"href":"https:\/\/aletlesbains.com\/site\/wp-json\/wp\/v2\/pages\/2907\/revisions"}],"predecessor-version":[{"id":2935,"href":"https:\/\/aletlesbains.com\/site\/wp-json\/wp\/v2\/pages\/2907\/revisions\/2935"}],"wp:attachment":[{"href":"https:\/\/aletlesbains.com\/site\/wp-json\/wp\/v2\/media?parent=2907"}],"wp:term":[{"taxonomy":"category","embeddable":true,"href":"https:\/\/aletlesbains.com\/site\/wp-json\/wp\/v2\/categories?post=2907"},{"taxonomy":"post_tag","embeddable":true,"href":"https:\/\/aletlesbains.com\/site\/wp-json\/wp\/v2\/tags?post=2907"}],"curies":[{"name":"wp","href":"https:\/\/api.w.org\/{rel}","templated":true}]}}