{"id":160,"date":"2017-08-28T13:27:07","date_gmt":"2017-08-28T11:27:07","guid":{"rendered":"http:\/\/localhost\/~ben\/wordpress-4.8-fr_FR\/wordpress\/?page_id=160"},"modified":"2025-07-07T15:03:00","modified_gmt":"2025-07-07T13:03:00","slug":"faire-sport-alet-les-bains","status":"publish","type":"page","link":"https:\/\/aletlesbains.com\/site\/faire-sport-alet-les-bains\/?lang=fr","title":{"rendered":"Faire du sport \u00e0 Alet les Bains"},"content":{"rendered":"[et_pb_section fb_built=\u00a0\u00bb1&Prime; _builder_version=\u00a0\u00bb3.22&Prime; global_colors_info=\u00a0\u00bb{}\u00a0\u00bb][et_pb_row _builder_version=\u00a0\u00bb3.25&Prime; background_size=\u00a0\u00bbinitial\u00a0\u00bb background_position=\u00a0\u00bbtop_left\u00a0\u00bb background_repeat=\u00a0\u00bbrepeat\u00a0\u00bb global_colors_info=\u00a0\u00bb{}\u00a0\u00bb][et_pb_column type=\u00a0\u00bb4_4&Prime; _builder_version=\u00a0\u00bb3.25&Prime; custom_padding=\u00a0\u00bb|||\u00a0\u00bb global_colors_info=\u00a0\u00bb{}\u00a0\u00bb custom_padding__hover=\u00a0\u00bb|||\u00a0\u00bb][et_pb_text admin_label=\u00a0\u00bbTitre H1 de la page\u00a0\u00bb _builder_version=\u00a0\u00bb3.27.4&Prime; global_colors_info=\u00a0\u00bb{}\u00a0\u00bb]\n<h1>Faire du sport \u00e0 Alet les bains<\/h1>\n[\/et_pb_text][\/et_pb_column][\/et_pb_row][et_pb_row column_structure=\u00a0\u00bb1_4,1_4,1_4,1_4&Prime; _builder_version=\u00a0\u00bb3.25&Prime; background_size=\u00a0\u00bbinitial\u00a0\u00bb background_position=\u00a0\u00bbtop_left\u00a0\u00bb background_repeat=\u00a0\u00bbrepeat\u00a0\u00bb global_colors_info=\u00a0\u00bb{}\u00a0\u00bb][et_pb_column type=\u00a0\u00bb1_4&Prime; _builder_version=\u00a0\u00bb4.10.8&Prime; _module_preset=\u00a0\u00bbdefault\u00a0\u00bb global_colors_info=\u00a0\u00bb{}\u00a0\u00bb][et_pb_text admin_label=\u00a0\u00bbpiscine\u00a0\u00bb _builder_version=\u00a0\u00bb4.10.8&Prime; global_colors_info=\u00a0\u00bb{}\u00a0\u00bb]\n<h3 style=\"text-align: center;\"><\/h3>\n<p>&nbsp;<\/p>\n<h3 style=\"text-align: center;\">du<img loading=\"lazy\" decoding=\"async\" src=\"https:\/\/aletlesbains.com\/site\/wp-content\/uploads\/2018\/03\/piscinealet-les-bains-300x250.png\" alt=\"piscinealet-les-bains\" class=\"wp-image-948 alignnone size-medium\" width=\"300\" height=\"250\" \/>Piscine d&rsquo;Alet<\/h3>\n<p style=\"text-align: center;\"><b>Ouverture\u00a0 2025<\/b><\/p>\n<p style=\"text-align: center;\"><b>du 28 juin au 31 aout\u00a0\u00a0<\/b><\/p>\n<p style=\"text-align: center;\">Piscine plein air<\/p>\n<p style=\"text-align: center;\">T\u00e9l\u00e9phone : 07 44 52 21 41<\/p>\n[\/et_pb_text][et_pb_image src=\u00a0\u00bbhttps:\/\/aletlesbains.com\/site\/wp-content\/uploads\/2025\/07\/affiche-piscine-2025.jpg\u00a0\u00bb alt=\u00a0\u00bbHoraires de la piscine : du 29 juin au 1er septembre de 10h \u00e0 13h et de 15h \u00e0 19h. Fermeture le jeudi\u00a0\u00bb title_text=\u00a0\u00bbaffiche piscine 2025&Prime; _builder_version=\u00a0\u00bb4.10.8&Prime; _module_preset=\u00a0\u00bbdefault\u00a0\u00bb global_colors_info=\u00a0\u00bb{}\u00a0\u00bb][\/et_pb_image][\/et_pb_column][et_pb_column type=\u00a0\u00bb1_4&Prime; _builder_version=\u00a0\u00bb3.25&Prime; custom_padding=\u00a0\u00bb|||\u00a0\u00bb global_colors_info=\u00a0\u00bb{}\u00a0\u00bb custom_padding__hover=\u00a0\u00bb|||\u00a0\u00bb][et_pb_text admin_label=\u00a0\u00bbkayak\u00a0\u00bb _builder_version=\u00a0\u00bb3.27.4&Prime; global_colors_info=\u00a0\u00bb{}\u00a0\u00bb]\n<h3><a href=\"http:\/\/www.aleteauvive.com\" target=\"_blank\" rel=\"noopener noreferrer\" class=\"external\"><img loading=\"lazy\" decoding=\"async\" class=\"wp-image-1164 size-medium aligncenter\" src=\"https:\/\/aletlesbains.com\/site\/wp-content\/uploads\/2018\/04\/aleteauvive-300x200.jpg\" alt=\"aleteau vive\" width=\"300\" height=\"200\" \/><\/a><\/h3>\n<h3 style=\"text-align: center;\"><a href=\"http:\/\/www.aleteauvive.com\/fr\/canyoning-rafting-et-canoe-dans-l-aude\/\" target=\"_blank\" rel=\"noopener noreferrer\" class=\"external external_icon\">Alet Eau Vive<\/a><\/h3>\n<p style=\"text-align: center;\"><b>kayak, can\u00f6e, rafting&#8230;<\/b><br \/>D\u00e9couvrez le terrain de jeux id\u00e9al pour les Sports d\u2019Eau Vive \u00e0 Alet Les bains.<\/p>\n<p style=\"text-align: center;\">04 68 69 92 67<\/p>\n<p style=\"text-align: center;\">\n[\/et_pb_text][\/et_pb_column][et_pb_column type=\u00a0\u00bb1_4&Prime; _builder_version=\u00a0\u00bb3.25&Prime; custom_padding=\u00a0\u00bb|||\u00a0\u00bb global_colors_info=\u00a0\u00bb{}\u00a0\u00bb custom_padding__hover=\u00a0\u00bb|||\u00a0\u00bb][et_pb_text admin_label=\u00a0\u00bbcity-stade\u00a0\u00bb _builder_version=\u00a0\u00bb3.27.4&Prime; global_colors_info=\u00a0\u00bb{}\u00a0\u00bb]\n<h3><img loading=\"lazy\" decoding=\"async\" class=\"size-full wp-image-946 aligncenter\" src=\"https:\/\/aletlesbains.com\/site\/wp-content\/uploads\/2018\/03\/city-stade-alet-les-bains.png\" alt=\"city-stade-alet-les-bains\" width=\"300\" height=\"250\" \/><\/h3>\n<h3 style=\"text-align: center;\">City-stade d&rsquo;Alet<\/h3>\n<p style=\"text-align: center;\"><b>Equipement s\u00e9curis\u00e9<\/b><br \/>La commune met a votre disposition un stade situ\u00e9 en haut de la promenade des platanes.<\/p>\n<p style=\"text-align: center;\">Acc\u00e8s libre et gratuit.<\/p>\n[\/et_pb_text][\/et_pb_column][et_pb_column type=\u00a0\u00bb1_4&Prime; _builder_version=\u00a0\u00bb3.25&Prime; custom_padding=\u00a0\u00bb|||\u00a0\u00bb global_colors_info=\u00a0\u00bb{}\u00a0\u00bb custom_padding__hover=\u00a0\u00bb|||\u00a0\u00bb][et_pb_text admin_label=\u00a0\u00bbtennis\u00a0\u00bb _builder_version=\u00a0\u00bb4.10.8&Prime; global_colors_info=\u00a0\u00bb{}\u00a0\u00bb]\n<h3><img loading=\"lazy\" decoding=\"async\" class=\"size-full wp-image-952 aligncenter\" src=\"..\/wp-content\/uploads\/2018\/03\/tennis-alet-les-bains.png\" alt=\"tennis-alet-les-bains\" width=\"300\" height=\"250\" \/><\/h3>\n<h3 style=\"text-align: center;\">Tennis<\/h3>\n<p style=\"text-align: center;\"><b>Un court disponible<\/b><br \/>La commune met \u00e0 votre disposition un court de tennis .La cl\u00e9 est disponible au point accueil abbaye .<\/p>\n<p style=\"text-align: center;\">R\u00e9servation par t\u00e9l\u00e9phone :<\/p>\n<p style=\"text-align: center;\">04 68 69 93 56<\/p>\n[\/et_pb_text][\/et_pb_column][\/et_pb_row][\/et_pb_section]\n","protected":false},"excerpt":{"rendered":"<p>Faire du sport \u00e0 Alet les bains &nbsp; duPiscine d&rsquo;Alet Ouverture\u00a0 2025 du 28 juin au 31 aout\u00a0\u00a0 Piscine plein air T\u00e9l\u00e9phone : 07 44 52 21 41 Alet Eau Vive kayak, can\u00f6e, rafting&#8230;D\u00e9couvrez le terrain de jeux id\u00e9al pour les Sports d\u2019Eau Vive \u00e0 Alet Les bains. 04 68 69 92 67 City-stade d&rsquo;Alet [&hellip;]<\/p>\n","protected":false},"author":1,"featured_media":0,"parent":0,"menu_order":0,"comment_status":"closed","ping_status":"closed","template":"","meta":{"_et_pb_use_builder":"on","_et_pb_old_content":"<p><a href=\"http:\/\/localhost\/~ben\/wordpress-4.8-fr_FR\/wordpress\/index.php\/kayak-rafting\/\">Kayak-Rafting<\/a><\/p><p><a href=\"http:\/\/localhost\/~ben\/wordpress-4.8-fr_FR\/wordpress\/index.php\/la-piscine\/\">La Piscine<\/a><\/p>","_et_gb_content_width":"","footnotes":""},"categories":[],"tags":[],"class_list":["post-160","page","type-page","status-publish","hentry"],"yoast_head":"<!-- This site is optimized with the Yoast SEO plugin v27.1.1 - https:\/\/yoast.com\/product\/yoast-seo-wordpress\/ -->\n<title>Faire du sport \u00e0 Alet les Bains - Mairie d&#039;Alet les bains - site Officiel<\/title>\n<meta name=\"robots\" content=\"index, follow, max-snippet:-1, max-image-preview:large, max-video-preview:-1\" \/>\n<link rel=\"canonical\" href=\"https:\/\/aletlesbains.com\/site\/faire-sport-alet-les-bains\/\" \/>\n<meta property=\"og:locale\" content=\"fr_FR\" \/>\n<meta property=\"og:type\" content=\"article\" \/>\n<meta property=\"og:title\" content=\"[:fr]Faire du sport \u00e0 Alet les Bains[:en]Sport[:es]Deporte[:] - Mairie d&#039;Alet les bains - site Officiel\" \/>\n<meta property=\"og:description\" content=\"Faire du sport \u00e0 Alet les bains &nbsp; duPiscine d&#039;Alet Ouverture\u00a0 2025 du 28 juin au 31 aout\u00a0\u00a0 Piscine plein air T\u00e9l\u00e9phone : 07 44 52 21 41 Alet Eau Vive kayak, can\u00f6e, rafting...D\u00e9couvrez le terrain de jeux id\u00e9al pour les Sports d\u2019Eau Vive \u00e0 Alet Les bains. 04 68 69 92 67 City-stade d&#039;Alet [&hellip;]\" \/>\n<meta property=\"og:url\" content=\"https:\/\/aletlesbains.com\/site\/faire-sport-alet-les-bains\/\" \/>\n<meta property=\"og:site_name\" content=\"Mairie d&#039;Alet les bains - site Officiel\" \/>\n<meta property=\"article:modified_time\" content=\"2025-07-07T13:03:00+00:00\" \/>\n<meta property=\"og:image\" content=\"https:\/\/aletlesbains.com\/site\/wp-content\/uploads\/2018\/03\/piscinealet-les-bains.png\" \/>\n\t<meta property=\"og:image:width\" content=\"300\" \/>\n\t<meta property=\"og:image:height\" content=\"250\" \/>\n\t<meta property=\"og:image:type\" content=\"image\/png\" \/>\n<meta name=\"twitter:card\" content=\"summary_large_image\" \/>\n<meta name=\"twitter:label1\" content=\"Dur\u00e9e de lecture estim\u00e9e\" \/>\n\t<meta name=\"twitter:data1\" content=\"2 minutes\" \/>\n<script type=\"application\/ld+json\" class=\"yoast-schema-graph\">{\"@context\":\"https:\/\/schema.org\",\"@graph\":[{\"@type\":\"WebPage\",\"@id\":\"https:\/\/aletlesbains.com\/site\/faire-sport-alet-les-bains\/\",\"url\":\"https:\/\/aletlesbains.com\/site\/faire-sport-alet-les-bains\/\",\"name\":\"[:fr]Faire du sport \u00e0 Alet les Bains[:en]Sport[:es]Deporte[:] - Mairie d&#039;Alet les bains - site Officiel\",\"isPartOf\":{\"@id\":\"https:\/\/aletlesbains.com\/site\/#website\"},\"primaryImageOfPage\":{\"@id\":\"https:\/\/aletlesbains.com\/site\/faire-sport-alet-les-bains\/#primaryimage\"},\"image\":{\"@id\":\"https:\/\/aletlesbains.com\/site\/faire-sport-alet-les-bains\/#primaryimage\"},\"thumbnailUrl\":\"https:\/\/aletlesbains.com\/site\/wp-content\/uploads\/2018\/03\/piscinealet-les-bains-300x250.png\",\"datePublished\":\"2017-08-28T11:27:07+00:00\",\"dateModified\":\"2025-07-07T13:03:00+00:00\",\"breadcrumb\":{\"@id\":\"https:\/\/aletlesbains.com\/site\/faire-sport-alet-les-bains\/#breadcrumb\"},\"inLanguage\":\"fr-FR\",\"potentialAction\":[{\"@type\":\"ReadAction\",\"target\":[\"https:\/\/aletlesbains.com\/site\/faire-sport-alet-les-bains\/\"]}]},{\"@type\":\"ImageObject\",\"inLanguage\":\"fr-FR\",\"@id\":\"https:\/\/aletlesbains.com\/site\/faire-sport-alet-les-bains\/#primaryimage\",\"url\":\"https:\/\/aletlesbains.com\/site\/wp-content\/uploads\/2018\/03\/piscinealet-les-bains.png\",\"contentUrl\":\"https:\/\/aletlesbains.com\/site\/wp-content\/uploads\/2018\/03\/piscinealet-les-bains.png\",\"width\":300,\"height\":250,\"caption\":\"piscinealet-les-bains\"},{\"@type\":\"BreadcrumbList\",\"@id\":\"https:\/\/aletlesbains.com\/site\/faire-sport-alet-les-bains\/#breadcrumb\",\"itemListElement\":[{\"@type\":\"ListItem\",\"position\":1,\"name\":\"Accueil\",\"item\":\"https:\/\/aletlesbains.com\/site\/\"},{\"@type\":\"ListItem\",\"position\":2,\"name\":\"[:fr]Faire du sport \u00e0 Alet les Bains[:en]Sport[:es]Deporte[:]\"}]},{\"@type\":\"WebSite\",\"@id\":\"https:\/\/aletlesbains.com\/site\/#website\",\"url\":\"https:\/\/aletlesbains.com\/site\/\",\"name\":\"Mairie d&#039;Alet les bains - site Officiel\",\"description\":\"Village Mill\u00e9naire\",\"potentialAction\":[{\"@type\":\"SearchAction\",\"target\":{\"@type\":\"EntryPoint\",\"urlTemplate\":\"https:\/\/aletlesbains.com\/site\/?s={search_term_string}\"},\"query-input\":{\"@type\":\"PropertyValueSpecification\",\"valueRequired\":true,\"valueName\":\"search_term_string\"}}],\"inLanguage\":\"fr-FR\"}]}<\/script>\n<!-- \/ Yoast SEO plugin. -->","yoast_head_json":{"title":"[:fr]Faire du sport \u00e0 Alet les Bains[:en]Sport[:es]Deporte[:] - Mairie d&#039;Alet les bains - site Officiel","robots":{"index":"index","follow":"follow","max-snippet":"max-snippet:-1","max-image-preview":"max-image-preview:large","max-video-preview":"max-video-preview:-1"},"canonical":"https:\/\/aletlesbains.com\/site\/faire-sport-alet-les-bains\/","og_locale":"fr_FR","og_type":"article","og_title":"[:fr]Faire du sport \u00e0 Alet les Bains[:en]Sport[:es]Deporte[:] - Mairie d&#039;Alet les bains - site Officiel","og_description":"Faire du sport \u00e0 Alet les bains &nbsp; duPiscine d'Alet Ouverture\u00a0 2025 du 28 juin au 31 aout\u00a0\u00a0 Piscine plein air T\u00e9l\u00e9phone : 07 44 52 21 41 Alet Eau Vive kayak, can\u00f6e, rafting...D\u00e9couvrez le terrain de jeux id\u00e9al pour les Sports d\u2019Eau Vive \u00e0 Alet Les bains. 04 68 69 92 67 City-stade d'Alet [&hellip;]","og_url":"https:\/\/aletlesbains.com\/site\/faire-sport-alet-les-bains\/","og_site_name":"Mairie d&#039;Alet les bains - site Officiel","article_modified_time":"2025-07-07T13:03:00+00:00","og_image":[{"width":300,"height":250,"url":"https:\/\/aletlesbains.com\/site\/wp-content\/uploads\/2018\/03\/piscinealet-les-bains.png","type":"image\/png"}],"twitter_card":"summary_large_image","twitter_misc":{"Dur\u00e9e de lecture estim\u00e9e":"2 minutes"},"schema":{"@context":"https:\/\/schema.org","@graph":[{"@type":"WebPage","@id":"https:\/\/aletlesbains.com\/site\/faire-sport-alet-les-bains\/","url":"https:\/\/aletlesbains.com\/site\/faire-sport-alet-les-bains\/","name":"[:fr]Faire du sport \u00e0 Alet les Bains[:en]Sport[:es]Deporte[:] - Mairie d&#039;Alet les bains - site Officiel","isPartOf":{"@id":"https:\/\/aletlesbains.com\/site\/#website"},"primaryImageOfPage":{"@id":"https:\/\/aletlesbains.com\/site\/faire-sport-alet-les-bains\/#primaryimage"},"image":{"@id":"https:\/\/aletlesbains.com\/site\/faire-sport-alet-les-bains\/#primaryimage"},"thumbnailUrl":"https:\/\/aletlesbains.com\/site\/wp-content\/uploads\/2018\/03\/piscinealet-les-bains-300x250.png","datePublished":"2017-08-28T11:27:07+00:00","dateModified":"2025-07-07T13:03:00+00:00","breadcrumb":{"@id":"https:\/\/aletlesbains.com\/site\/faire-sport-alet-les-bains\/#breadcrumb"},"inLanguage":"fr-FR","potentialAction":[{"@type":"ReadAction","target":["https:\/\/aletlesbains.com\/site\/faire-sport-alet-les-bains\/"]}]},{"@type":"ImageObject","inLanguage":"fr-FR","@id":"https:\/\/aletlesbains.com\/site\/faire-sport-alet-les-bains\/#primaryimage","url":"https:\/\/aletlesbains.com\/site\/wp-content\/uploads\/2018\/03\/piscinealet-les-bains.png","contentUrl":"https:\/\/aletlesbains.com\/site\/wp-content\/uploads\/2018\/03\/piscinealet-les-bains.png","width":300,"height":250,"caption":"piscinealet-les-bains"},{"@type":"BreadcrumbList","@id":"https:\/\/aletlesbains.com\/site\/faire-sport-alet-les-bains\/#breadcrumb","itemListElement":[{"@type":"ListItem","position":1,"name":"Accueil","item":"https:\/\/aletlesbains.com\/site\/"},{"@type":"ListItem","position":2,"name":"[:fr]Faire du sport \u00e0 Alet les Bains[:en]Sport[:es]Deporte[:]"}]},{"@type":"WebSite","@id":"https:\/\/aletlesbains.com\/site\/#website","url":"https:\/\/aletlesbains.com\/site\/","name":"Mairie d&#039;Alet les bains - site Officiel","description":"Village Mill\u00e9naire","potentialAction":[{"@type":"SearchAction","target":{"@type":"EntryPoint","urlTemplate":"https:\/\/aletlesbains.com\/site\/?s={search_term_string}"},"query-input":{"@type":"PropertyValueSpecification","valueRequired":true,"valueName":"search_term_string"}}],"inLanguage":"fr-FR"}]}},"_links":{"self":[{"href":"https:\/\/aletlesbains.com\/site\/wp-json\/wp\/v2\/pages\/160","targetHints":{"allow":["GET"]}}],"collection":[{"href":"https:\/\/aletlesbains.com\/site\/wp-json\/wp\/v2\/pages"}],"about":[{"href":"https:\/\/aletlesbains.com\/site\/wp-json\/wp\/v2\/types\/page"}],"author":[{"embeddable":true,"href":"https:\/\/aletlesbains.com\/site\/wp-json\/wp\/v2\/users\/1"}],"replies":[{"embeddable":true,"href":"https:\/\/aletlesbains.com\/site\/wp-json\/wp\/v2\/comments?post=160"}],"version-history":[{"count":58,"href":"https:\/\/aletlesbains.com\/site\/wp-json\/wp\/v2\/pages\/160\/revisions"}],"predecessor-version":[{"id":3144,"href":"https:\/\/aletlesbains.com\/site\/wp-json\/wp\/v2\/pages\/160\/revisions\/3144"}],"wp:attachment":[{"href":"https:\/\/aletlesbains.com\/site\/wp-json\/wp\/v2\/media?parent=160"}],"wp:term":[{"taxonomy":"category","embeddable":true,"href":"https:\/\/aletlesbains.com\/site\/wp-json\/wp\/v2\/categories?post=160"},{"taxonomy":"post_tag","embeddable":true,"href":"https:\/\/aletlesbains.com\/site\/wp-json\/wp\/v2\/tags?post=160"}],"curies":[{"name":"wp","href":"https:\/\/api.w.org\/{rel}","templated":true}]}}