{"id":146,"date":"2017-08-28T13:18:54","date_gmt":"2017-08-28T11:18:54","guid":{"rendered":"http:\/\/localhost\/~ben\/wordpress-4.8-fr_FR\/wordpress\/?page_id=146"},"modified":"2017-09-25T18:08:53","modified_gmt":"2017-09-25T16:08:53","slug":"eglise-st-andre","status":"publish","type":"page","link":"https:\/\/aletlesbains.com\/site\/eglise-st-andre\/?lang=fr","title":{"rendered":"Eglise St-Andr\u00e9"},"content":{"rendered":"<img loading=\"lazy\" decoding=\"async\" src=\"http:\/\/localhost\/~ben\/wordpress-4.8-fr_FR\/wordpress\/wp-content\/uploads\/2017\/08\/100_1170-300x225.jpg\" alt=\"\" width=\"300\" height=\"225\" class=\"size-medium wp-image-210\" srcset=\"https:\/\/aletlesbains.com\/site\/wp-content\/uploads\/2017\/08\/100_1170-300x225.jpg 300w, https:\/\/aletlesbains.com\/site\/wp-content\/uploads\/2017\/08\/100_1170-768x576.jpg 768w, https:\/\/aletlesbains.com\/site\/wp-content\/uploads\/2017\/08\/100_1170-1024x768.jpg 1024w\" sizes=\"auto, (max-width: 300px) 100vw, 300px\" \/> <\/p>\n<p>On p\u00e9n\u00e8tre dans le narthex de l\u2019\u00e9glise St-Andr\u00e9, o\u00f9 sont r\u00e9unis des pi\u00e8ces lapidaires (chapiteaux du XIe, issus du clo\u00eetre d\u00e9moli, colonne factice supportant les gypses du XIe, \u00e0 l\u2019origine, situ\u00e9s dans le c\u0153ur de l&rsquo;abbaye, au sol, des boulets de canons retrouv\u00e9s dans les ruines, sur les murs, les blasons des \u00e9v\u00eaques).<br \/>\nAvant de d\u00e9couvrir le sanctuaire, admirez son portail int\u00e9rieur du XVe si\u00e8cle (endommag\u00e9 lors de la R\u00e9volution).<br \/>\nSa nef \u00e0 un vaisseau unique, caract\u00e9ristique du Languedoc.<br \/>\nEn suivant l\u2019all\u00e9e lat\u00e9rale de droite vous longez deux chapelles : la premi\u00e8re renferme une statue en bois dor\u00e9 de saint Blaise du 17\u00b0 si\u00e8cle patron des cardeurs d\u2019Alet. Dans la chapelle suivante, regardez le tableau de St-Benoit (\u0153uvre class\u00e9e du XVIe). P\u00e9n\u00e9trez dans le ch\u0153ur ; face \u00e0 vous,une toile de l\u2019assomption peinte par un \u00e9l\u00e8ve de Murillo (XVIe), la chapelle suivante (r\u00e9cemment am\u00e9nag\u00e9e) prot\u00e8ge le Tr\u00e9sor : dans la niche se trouve une vierge en ivoire du 16\u00b0 si\u00e8cle qui aurait \u00e9t\u00e9 offerte par Fran\u00e7ois 1er en reconnaissance de la participation des Al\u00e9tois \u00e0 la ran\u00e7on de sa lib\u00e9ration, apr\u00e8s la d\u00e9faite de Pavie. Au centre sur un pilier \u00ab sainte Marie d\u2019Alet\u00bb du 12e si\u00e8cle, qui pr\u00e9sidait dans le c\u0153ur de la cath\u00e9drale aujourd\u2019hui en ruine. A gauche de l\u2019autel, une absidiole couverte de fresques du 14\u00b0 si\u00e8cle relative \u00e0 la vie b\u00e9n\u00e9dictine. Dans la vitrine, la statue polychrome de saint Beno\u00eet du XVIIe.<br \/>\nDans la sacristie attenante, se trouvent plusieurs tableaux des \u00e9v\u00eaques d\u2019Alet.","protected":false},"excerpt":{"rendered":"<p>On p\u00e9n\u00e8tre dans le narthex de l\u2019\u00e9glise St-Andr\u00e9, o\u00f9 sont r\u00e9unis des pi\u00e8ces lapidaires (chapiteaux du XIe, issus du clo\u00eetre d\u00e9moli, colonne factice supportant les gypses du XIe, \u00e0 l\u2019origine, situ\u00e9s dans le c\u0153ur de l&rsquo;abbaye, au sol, des boulets de canons retrouv\u00e9s dans les ruines, sur les murs, les blasons des \u00e9v\u00eaques). Avant de [&hellip;]<\/p>\n","protected":false},"author":1,"featured_media":0,"parent":0,"menu_order":0,"comment_status":"closed","ping_status":"closed","template":"","meta":{"_et_pb_use_builder":"","_et_pb_old_content":"","_et_gb_content_width":"","footnotes":""},"categories":[],"tags":[],"class_list":["post-146","page","type-page","status-publish","hentry"],"yoast_head":"<!-- This site is optimized with the Yoast SEO plugin v27.5 - https:\/\/yoast.com\/product\/yoast-seo-wordpress\/ -->\n<title>Eglise St-Andr\u00e9 - Mairie d&#039;Alet les bains - site Officiel<\/title>\n<meta name=\"robots\" content=\"index, follow, max-snippet:-1, max-image-preview:large, max-video-preview:-1\" \/>\n<link rel=\"canonical\" href=\"https:\/\/aletlesbains.com\/site\/eglise-st-andre\/\" \/>\n<meta property=\"og:locale\" content=\"fr_FR\" \/>\n<meta property=\"og:type\" content=\"article\" \/>\n<meta property=\"og:title\" content=\"[:fr]Eglise St-Andr\u00e9[:en]St-Andr\u00e9 church[:es]Iglesia St-Andr\u00e9[:] - Mairie d&#039;Alet les bains - site Officiel\" \/>\n<meta property=\"og:description\" content=\"On p\u00e9n\u00e8tre dans le narthex de l\u2019\u00e9glise St-Andr\u00e9, o\u00f9 sont r\u00e9unis des pi\u00e8ces lapidaires (chapiteaux du XIe, issus du clo\u00eetre d\u00e9moli, colonne factice supportant les gypses du XIe, \u00e0 l\u2019origine, situ\u00e9s dans le c\u0153ur de l&rsquo;abbaye, au sol, des boulets de canons retrouv\u00e9s dans les ruines, sur les murs, les blasons des \u00e9v\u00eaques). Avant de [&hellip;]\" \/>\n<meta property=\"og:url\" content=\"https:\/\/aletlesbains.com\/site\/eglise-st-andre\/\" \/>\n<meta property=\"og:site_name\" content=\"Mairie d&#039;Alet les bains - site Officiel\" \/>\n<meta property=\"article:modified_time\" content=\"2017-09-25T16:08:53+00:00\" \/>\n<meta property=\"og:image\" content=\"http:\/\/localhost\/~ben\/wordpress-4.8-fr_FR\/wordpress\/wp-content\/uploads\/2017\/08\/100_1170-300x225.jpg\" \/>\n<meta name=\"twitter:card\" content=\"summary_large_image\" \/>\n<meta name=\"twitter:label1\" content=\"Dur\u00e9e de lecture estim\u00e9e\" \/>\n\t<meta name=\"twitter:data1\" content=\"4 minutes\" \/>\n<script type=\"application\/ld+json\" class=\"yoast-schema-graph\">{\"@context\":\"https:\\\/\\\/schema.org\",\"@graph\":[{\"@type\":\"WebPage\",\"@id\":\"https:\\\/\\\/aletlesbains.com\\\/site\\\/eglise-st-andre\\\/\",\"url\":\"https:\\\/\\\/aletlesbains.com\\\/site\\\/eglise-st-andre\\\/\",\"name\":\"[:fr]Eglise St-Andr\u00e9[:en]St-Andr\u00e9 church[:es]Iglesia St-Andr\u00e9[:] - Mairie d&#039;Alet les bains - site Officiel\",\"isPartOf\":{\"@id\":\"https:\\\/\\\/aletlesbains.com\\\/site\\\/#website\"},\"primaryImageOfPage\":{\"@id\":\"https:\\\/\\\/aletlesbains.com\\\/site\\\/eglise-st-andre\\\/#primaryimage\"},\"image\":{\"@id\":\"https:\\\/\\\/aletlesbains.com\\\/site\\\/eglise-st-andre\\\/#primaryimage\"},\"thumbnailUrl\":\"http:\\\/\\\/localhost\\\/~ben\\\/wordpress-4.8-fr_FR\\\/wordpress\\\/wp-content\\\/uploads\\\/2017\\\/08\\\/100_1170-300x225.jpg\",\"datePublished\":\"2017-08-28T11:18:54+00:00\",\"dateModified\":\"2017-09-25T16:08:53+00:00\",\"breadcrumb\":{\"@id\":\"https:\\\/\\\/aletlesbains.com\\\/site\\\/eglise-st-andre\\\/#breadcrumb\"},\"inLanguage\":\"fr-FR\",\"potentialAction\":[{\"@type\":\"ReadAction\",\"target\":[\"https:\\\/\\\/aletlesbains.com\\\/site\\\/eglise-st-andre\\\/\"]}]},{\"@type\":\"ImageObject\",\"inLanguage\":\"fr-FR\",\"@id\":\"https:\\\/\\\/aletlesbains.com\\\/site\\\/eglise-st-andre\\\/#primaryimage\",\"url\":\"http:\\\/\\\/localhost\\\/~ben\\\/wordpress-4.8-fr_FR\\\/wordpress\\\/wp-content\\\/uploads\\\/2017\\\/08\\\/100_1170-300x225.jpg\",\"contentUrl\":\"http:\\\/\\\/localhost\\\/~ben\\\/wordpress-4.8-fr_FR\\\/wordpress\\\/wp-content\\\/uploads\\\/2017\\\/08\\\/100_1170-300x225.jpg\"},{\"@type\":\"BreadcrumbList\",\"@id\":\"https:\\\/\\\/aletlesbains.com\\\/site\\\/eglise-st-andre\\\/#breadcrumb\",\"itemListElement\":[{\"@type\":\"ListItem\",\"position\":1,\"name\":\"Accueil\",\"item\":\"https:\\\/\\\/aletlesbains.com\\\/site\\\/\"},{\"@type\":\"ListItem\",\"position\":2,\"name\":\"Eglise St-Andr\u00e9\"}]},{\"@type\":\"WebSite\",\"@id\":\"https:\\\/\\\/aletlesbains.com\\\/site\\\/#website\",\"url\":\"https:\\\/\\\/aletlesbains.com\\\/site\\\/\",\"name\":\"Mairie d&#039;Alet les bains - site Officiel\",\"description\":\"Village Mill\u00e9naire\",\"potentialAction\":[{\"@type\":\"SearchAction\",\"target\":{\"@type\":\"EntryPoint\",\"urlTemplate\":\"https:\\\/\\\/aletlesbains.com\\\/site\\\/?s={search_term_string}\"},\"query-input\":{\"@type\":\"PropertyValueSpecification\",\"valueRequired\":true,\"valueName\":\"search_term_string\"}}],\"inLanguage\":\"fr-FR\"}]}<\/script>\n<!-- \/ Yoast SEO plugin. -->","yoast_head_json":{"title":"[:fr]Eglise St-Andr\u00e9[:en]St-Andr\u00e9 church[:es]Iglesia St-Andr\u00e9[:] - Mairie d&#039;Alet les bains - site Officiel","robots":{"index":"index","follow":"follow","max-snippet":"max-snippet:-1","max-image-preview":"max-image-preview:large","max-video-preview":"max-video-preview:-1"},"canonical":"https:\/\/aletlesbains.com\/site\/eglise-st-andre\/","og_locale":"fr_FR","og_type":"article","og_title":"[:fr]Eglise St-Andr\u00e9[:en]St-Andr\u00e9 church[:es]Iglesia St-Andr\u00e9[:] - Mairie d&#039;Alet les bains - site Officiel","og_description":"On p\u00e9n\u00e8tre dans le narthex de l\u2019\u00e9glise St-Andr\u00e9, o\u00f9 sont r\u00e9unis des pi\u00e8ces lapidaires (chapiteaux du XIe, issus du clo\u00eetre d\u00e9moli, colonne factice supportant les gypses du XIe, \u00e0 l\u2019origine, situ\u00e9s dans le c\u0153ur de l&rsquo;abbaye, au sol, des boulets de canons retrouv\u00e9s dans les ruines, sur les murs, les blasons des \u00e9v\u00eaques). Avant de [&hellip;]","og_url":"https:\/\/aletlesbains.com\/site\/eglise-st-andre\/","og_site_name":"Mairie d&#039;Alet les bains - site Officiel","article_modified_time":"2017-09-25T16:08:53+00:00","og_image":[{"url":"http:\/\/localhost\/~ben\/wordpress-4.8-fr_FR\/wordpress\/wp-content\/uploads\/2017\/08\/100_1170-300x225.jpg","type":"","width":"","height":""}],"twitter_card":"summary_large_image","twitter_misc":{"Dur\u00e9e de lecture estim\u00e9e":"4 minutes"},"schema":{"@context":"https:\/\/schema.org","@graph":[{"@type":"WebPage","@id":"https:\/\/aletlesbains.com\/site\/eglise-st-andre\/","url":"https:\/\/aletlesbains.com\/site\/eglise-st-andre\/","name":"[:fr]Eglise St-Andr\u00e9[:en]St-Andr\u00e9 church[:es]Iglesia St-Andr\u00e9[:] - Mairie d&#039;Alet les bains - site Officiel","isPartOf":{"@id":"https:\/\/aletlesbains.com\/site\/#website"},"primaryImageOfPage":{"@id":"https:\/\/aletlesbains.com\/site\/eglise-st-andre\/#primaryimage"},"image":{"@id":"https:\/\/aletlesbains.com\/site\/eglise-st-andre\/#primaryimage"},"thumbnailUrl":"http:\/\/localhost\/~ben\/wordpress-4.8-fr_FR\/wordpress\/wp-content\/uploads\/2017\/08\/100_1170-300x225.jpg","datePublished":"2017-08-28T11:18:54+00:00","dateModified":"2017-09-25T16:08:53+00:00","breadcrumb":{"@id":"https:\/\/aletlesbains.com\/site\/eglise-st-andre\/#breadcrumb"},"inLanguage":"fr-FR","potentialAction":[{"@type":"ReadAction","target":["https:\/\/aletlesbains.com\/site\/eglise-st-andre\/"]}]},{"@type":"ImageObject","inLanguage":"fr-FR","@id":"https:\/\/aletlesbains.com\/site\/eglise-st-andre\/#primaryimage","url":"http:\/\/localhost\/~ben\/wordpress-4.8-fr_FR\/wordpress\/wp-content\/uploads\/2017\/08\/100_1170-300x225.jpg","contentUrl":"http:\/\/localhost\/~ben\/wordpress-4.8-fr_FR\/wordpress\/wp-content\/uploads\/2017\/08\/100_1170-300x225.jpg"},{"@type":"BreadcrumbList","@id":"https:\/\/aletlesbains.com\/site\/eglise-st-andre\/#breadcrumb","itemListElement":[{"@type":"ListItem","position":1,"name":"Accueil","item":"https:\/\/aletlesbains.com\/site\/"},{"@type":"ListItem","position":2,"name":"Eglise St-Andr\u00e9"}]},{"@type":"WebSite","@id":"https:\/\/aletlesbains.com\/site\/#website","url":"https:\/\/aletlesbains.com\/site\/","name":"Mairie d&#039;Alet les bains - site Officiel","description":"Village Mill\u00e9naire","potentialAction":[{"@type":"SearchAction","target":{"@type":"EntryPoint","urlTemplate":"https:\/\/aletlesbains.com\/site\/?s={search_term_string}"},"query-input":{"@type":"PropertyValueSpecification","valueRequired":true,"valueName":"search_term_string"}}],"inLanguage":"fr-FR"}]}},"_links":{"self":[{"href":"https:\/\/aletlesbains.com\/site\/wp-json\/wp\/v2\/pages\/146","targetHints":{"allow":["GET"]}}],"collection":[{"href":"https:\/\/aletlesbains.com\/site\/wp-json\/wp\/v2\/pages"}],"about":[{"href":"https:\/\/aletlesbains.com\/site\/wp-json\/wp\/v2\/types\/page"}],"author":[{"embeddable":true,"href":"https:\/\/aletlesbains.com\/site\/wp-json\/wp\/v2\/users\/1"}],"replies":[{"embeddable":true,"href":"https:\/\/aletlesbains.com\/site\/wp-json\/wp\/v2\/comments?post=146"}],"version-history":[{"count":24,"href":"https:\/\/aletlesbains.com\/site\/wp-json\/wp\/v2\/pages\/146\/revisions"}],"predecessor-version":[{"id":585,"href":"https:\/\/aletlesbains.com\/site\/wp-json\/wp\/v2\/pages\/146\/revisions\/585"}],"wp:attachment":[{"href":"https:\/\/aletlesbains.com\/site\/wp-json\/wp\/v2\/media?parent=146"}],"wp:term":[{"taxonomy":"category","embeddable":true,"href":"https:\/\/aletlesbains.com\/site\/wp-json\/wp\/v2\/categories?post=146"},{"taxonomy":"post_tag","embeddable":true,"href":"https:\/\/aletlesbains.com\/site\/wp-json\/wp\/v2\/tags?post=146"}],"curies":[{"name":"wp","href":"https:\/\/api.w.org\/{rel}","templated":true}]}}