{"id":1385,"date":"2020-08-05T17:40:46","date_gmt":"2020-08-05T15:40:46","guid":{"rendered":"https:\/\/aletlesbains.com\/site\/?page_id=1385"},"modified":"2021-02-26T14:46:47","modified_gmt":"2021-02-26T13:46:47","slug":"arretes-prefectoraux","status":"publish","type":"page","link":"https:\/\/aletlesbains.com\/site\/arretes-prefectoraux\/?lang=fr","title":{"rendered":"Arr\u00eat\u00e9s pr\u00e9fectoraux"},"content":{"rendered":"[et_pb_section bb_built=\u00a0\u00bb1&Prime;][et_pb_row][et_pb_column type=\u00a0\u00bb4_4&Prime;][et_pb_text admin_label=\u00a0\u00bbTitre \u00a0\u00bb _builder_version=\u00a0\u00bb3.0.106&Prime; background_layout=\u00a0\u00bblight\u00a0\u00bb]\n<h1>Arr\u00eat\u00e9s pr\u00e9fectoraux<\/h1>\n<p><span class=\"theme-color\">Municipalit\u00e9 d&rsquo;Alet Les Bains<\/span><\/p>\n[\/et_pb_text][et_pb_image _builder_version=\u00a0\u00bb3.0.106&Prime; src=\u00a0\u00bbhttps:\/\/aletlesbains.com\/site\/wp-content\/uploads\/2020\/08\/RF_PrefetAude.jpg\u00a0\u00bb show_in_lightbox=\u00a0\u00bboff\u00a0\u00bb url_new_window=\u00a0\u00bboff\u00a0\u00bb use_overlay=\u00a0\u00bboff\u00a0\u00bb align=\u00a0\u00bbcenter\u00a0\u00bb always_center_on_mobile=\u00a0\u00bbon\u00a0\u00bb force_fullwidth=\u00a0\u00bboff\u00a0\u00bb show_bottom_space=\u00a0\u00bbon\u00a0\u00bb \/][\/et_pb_column][\/et_pb_row][et_pb_row][et_pb_column type=\u00a0\u00bb4_4&Prime;][et_pb_text admin_label=\u00a0\u00bbarretes prefectoraux\u00a0\u00bb _builder_version=\u00a0\u00bb3.0.106&Prime; background_layout=\u00a0\u00bblight\u00a0\u00bb]\n<p><img decoding=\"async\" src=\"https:\/\/aletlesbains.com\/site\/wp-content\/plugins\/wp-downloadmanager\/images\/ext\/pdf.gif\" alt=\"\" title=\"\" style=\"vertical-align: middle;\" \/>&nbsp;&nbsp;<strong><a href=\"https:\/\/aletlesbains.com\/site\/download\/7\/\">Arr\u00eat\u00e9 pr\u00e9fectoral : R\u00e9glementant certains travaux m\u00e9caniques dans le cadre de la pr\u00e9vention des incendies de for\u00eats<\/a><\/strong> (659,0 KiB, 883 hits)<\/p>\n&nbsp;<\/p>\n<p>&nbsp;<\/p>\n[\/et_pb_text][\/et_pb_column][\/et_pb_row][\/et_pb_section]","protected":false},"excerpt":{"rendered":"<p><div class=\"et_pb_row et_pb_row_0 et_pb_row_empty\">\n\t\t\t\t\n\t\t\t\t\n\t\t\t\t\n\t\t\t<\/div> Arr\u00eat\u00e9s pr\u00e9fectoraux Municipalit\u00e9 d&rsquo;Alet Les Bains <div class=\"et_pb_row et_pb_row_1 et_pb_row_empty\">\n\t\t\t\t\n\t\t\t\t\n\t\t\t\t\n\t\t\t<\/div> <p><img decoding=\"async\" src=\"https:\/\/aletlesbains.com\/site\/wp-content\/plugins\/wp-downloadmanager\/images\/ext\/pdf.gif\" alt=\"\" title=\"\" style=\"vertical-align: middle;\" \/>&nbsp;&nbsp;<strong><a href=\"https:\/\/aletlesbains.com\/site\/download\/7\/\">Arr\u00eat\u00e9 pr\u00e9fectoral : R\u00e9glementant certains travaux m\u00e9caniques dans le cadre de la pr\u00e9vention des incendies de for\u00eats<\/a><\/strong> (659,0 KiB, 883 hits)<\/p> &nbsp; &nbsp;<\/p>\n","protected":false},"author":2,"featured_media":0,"parent":0,"menu_order":0,"comment_status":"closed","ping_status":"closed","template":"","meta":{"_et_pb_use_builder":"on","_et_pb_old_content":"<ul><li><a href=\"https:\/\/aletlesbains.com\/site\/wp-content\/uploads\/2020\/08\/arreteprefectoral.pdf\">Arr\u00eat\u00e9 prefectoral<\/a><\/li><\/ul>","_et_gb_content_width":"","footnotes":""},"categories":[],"tags":[],"class_list":["post-1385","page","type-page","status-publish","hentry"],"yoast_head":"<!-- This site is optimized with the Yoast SEO plugin v27.1.1 - https:\/\/yoast.com\/product\/yoast-seo-wordpress\/ -->\n<title>Arr\u00eat\u00e9s pr\u00e9fectoraux - Mairie d&#039;Alet les bains - site Officiel<\/title>\n<meta name=\"robots\" content=\"index, follow, max-snippet:-1, max-image-preview:large, max-video-preview:-1\" \/>\n<link rel=\"canonical\" href=\"https:\/\/aletlesbains.com\/site\/arretes-prefectoraux\/\" \/>\n<meta property=\"og:locale\" content=\"fr_FR\" \/>\n<meta property=\"og:type\" content=\"article\" \/>\n<meta property=\"og:title\" content=\"[:fr]Arr\u00eat\u00e9s pr\u00e9fectoraux[:] - Mairie d&#039;Alet les bains - site Officiel\" \/>\n<meta property=\"og:description\" content=\"Arr\u00eat\u00e9s pr\u00e9fectoraux Municipalit\u00e9 d&#039;Alet Les Bains  &nbsp; &nbsp;\" \/>\n<meta property=\"og:url\" content=\"https:\/\/aletlesbains.com\/site\/arretes-prefectoraux\/\" \/>\n<meta property=\"og:site_name\" content=\"Mairie d&#039;Alet les bains - site Officiel\" \/>\n<meta property=\"article:modified_time\" content=\"2021-02-26T13:46:47+00:00\" \/>\n<meta name=\"twitter:card\" content=\"summary_large_image\" \/>\n<meta name=\"twitter:label1\" content=\"Dur\u00e9e de lecture estim\u00e9e\" \/>\n\t<meta name=\"twitter:data1\" content=\"1 minute\" \/>\n<script type=\"application\/ld+json\" class=\"yoast-schema-graph\">{\"@context\":\"https:\/\/schema.org\",\"@graph\":[{\"@type\":\"WebPage\",\"@id\":\"https:\/\/aletlesbains.com\/site\/arretes-prefectoraux\/\",\"url\":\"https:\/\/aletlesbains.com\/site\/arretes-prefectoraux\/\",\"name\":\"[:fr]Arr\u00eat\u00e9s pr\u00e9fectoraux[:] - Mairie d&#039;Alet les bains - site Officiel\",\"isPartOf\":{\"@id\":\"https:\/\/aletlesbains.com\/site\/#website\"},\"datePublished\":\"2020-08-05T15:40:46+00:00\",\"dateModified\":\"2021-02-26T13:46:47+00:00\",\"breadcrumb\":{\"@id\":\"https:\/\/aletlesbains.com\/site\/arretes-prefectoraux\/#breadcrumb\"},\"inLanguage\":\"fr-FR\",\"potentialAction\":[{\"@type\":\"ReadAction\",\"target\":[\"https:\/\/aletlesbains.com\/site\/arretes-prefectoraux\/\"]}]},{\"@type\":\"BreadcrumbList\",\"@id\":\"https:\/\/aletlesbains.com\/site\/arretes-prefectoraux\/#breadcrumb\",\"itemListElement\":[{\"@type\":\"ListItem\",\"position\":1,\"name\":\"Accueil\",\"item\":\"https:\/\/aletlesbains.com\/site\/\"},{\"@type\":\"ListItem\",\"position\":2,\"name\":\"Arr\u00eat\u00e9s pr\u00e9fectoraux\"}]},{\"@type\":\"WebSite\",\"@id\":\"https:\/\/aletlesbains.com\/site\/#website\",\"url\":\"https:\/\/aletlesbains.com\/site\/\",\"name\":\"Mairie d&#039;Alet les bains - site Officiel\",\"description\":\"Village Mill\u00e9naire\",\"potentialAction\":[{\"@type\":\"SearchAction\",\"target\":{\"@type\":\"EntryPoint\",\"urlTemplate\":\"https:\/\/aletlesbains.com\/site\/?s={search_term_string}\"},\"query-input\":{\"@type\":\"PropertyValueSpecification\",\"valueRequired\":true,\"valueName\":\"search_term_string\"}}],\"inLanguage\":\"fr-FR\"}]}<\/script>\n<!-- \/ Yoast SEO plugin. -->","yoast_head_json":{"title":"[:fr]Arr\u00eat\u00e9s pr\u00e9fectoraux[:] - Mairie d&#039;Alet les bains - site Officiel","robots":{"index":"index","follow":"follow","max-snippet":"max-snippet:-1","max-image-preview":"max-image-preview:large","max-video-preview":"max-video-preview:-1"},"canonical":"https:\/\/aletlesbains.com\/site\/arretes-prefectoraux\/","og_locale":"fr_FR","og_type":"article","og_title":"[:fr]Arr\u00eat\u00e9s pr\u00e9fectoraux[:] - Mairie d&#039;Alet les bains - site Officiel","og_description":"Arr\u00eat\u00e9s pr\u00e9fectoraux Municipalit\u00e9 d'Alet Les Bains  &nbsp; &nbsp;","og_url":"https:\/\/aletlesbains.com\/site\/arretes-prefectoraux\/","og_site_name":"Mairie d&#039;Alet les bains - site Officiel","article_modified_time":"2021-02-26T13:46:47+00:00","twitter_card":"summary_large_image","twitter_misc":{"Dur\u00e9e de lecture estim\u00e9e":"1 minute"},"schema":{"@context":"https:\/\/schema.org","@graph":[{"@type":"WebPage","@id":"https:\/\/aletlesbains.com\/site\/arretes-prefectoraux\/","url":"https:\/\/aletlesbains.com\/site\/arretes-prefectoraux\/","name":"[:fr]Arr\u00eat\u00e9s pr\u00e9fectoraux[:] - Mairie d&#039;Alet les bains - site Officiel","isPartOf":{"@id":"https:\/\/aletlesbains.com\/site\/#website"},"datePublished":"2020-08-05T15:40:46+00:00","dateModified":"2021-02-26T13:46:47+00:00","breadcrumb":{"@id":"https:\/\/aletlesbains.com\/site\/arretes-prefectoraux\/#breadcrumb"},"inLanguage":"fr-FR","potentialAction":[{"@type":"ReadAction","target":["https:\/\/aletlesbains.com\/site\/arretes-prefectoraux\/"]}]},{"@type":"BreadcrumbList","@id":"https:\/\/aletlesbains.com\/site\/arretes-prefectoraux\/#breadcrumb","itemListElement":[{"@type":"ListItem","position":1,"name":"Accueil","item":"https:\/\/aletlesbains.com\/site\/"},{"@type":"ListItem","position":2,"name":"Arr\u00eat\u00e9s pr\u00e9fectoraux"}]},{"@type":"WebSite","@id":"https:\/\/aletlesbains.com\/site\/#website","url":"https:\/\/aletlesbains.com\/site\/","name":"Mairie d&#039;Alet les bains - site Officiel","description":"Village Mill\u00e9naire","potentialAction":[{"@type":"SearchAction","target":{"@type":"EntryPoint","urlTemplate":"https:\/\/aletlesbains.com\/site\/?s={search_term_string}"},"query-input":{"@type":"PropertyValueSpecification","valueRequired":true,"valueName":"search_term_string"}}],"inLanguage":"fr-FR"}]}},"_links":{"self":[{"href":"https:\/\/aletlesbains.com\/site\/wp-json\/wp\/v2\/pages\/1385","targetHints":{"allow":["GET"]}}],"collection":[{"href":"https:\/\/aletlesbains.com\/site\/wp-json\/wp\/v2\/pages"}],"about":[{"href":"https:\/\/aletlesbains.com\/site\/wp-json\/wp\/v2\/types\/page"}],"author":[{"embeddable":true,"href":"https:\/\/aletlesbains.com\/site\/wp-json\/wp\/v2\/users\/2"}],"replies":[{"embeddable":true,"href":"https:\/\/aletlesbains.com\/site\/wp-json\/wp\/v2\/comments?post=1385"}],"version-history":[{"count":9,"href":"https:\/\/aletlesbains.com\/site\/wp-json\/wp\/v2\/pages\/1385\/revisions"}],"predecessor-version":[{"id":1542,"href":"https:\/\/aletlesbains.com\/site\/wp-json\/wp\/v2\/pages\/1385\/revisions\/1542"}],"wp:attachment":[{"href":"https:\/\/aletlesbains.com\/site\/wp-json\/wp\/v2\/media?parent=1385"}],"wp:term":[{"taxonomy":"category","embeddable":true,"href":"https:\/\/aletlesbains.com\/site\/wp-json\/wp\/v2\/categories?post=1385"},{"taxonomy":"post_tag","embeddable":true,"href":"https:\/\/aletlesbains.com\/site\/wp-json\/wp\/v2\/tags?post=1385"}],"curies":[{"name":"wp","href":"https:\/\/api.w.org\/{rel}","templated":true}]}}