{"id":1023,"date":"2018-03-22T20:54:38","date_gmt":"2018-03-22T19:54:38","guid":{"rendered":"https:\/\/aletlesbains.com\/site\/?page_id=1023"},"modified":"2026-03-21T12:24:46","modified_gmt":"2026-03-21T11:24:46","slug":"associations","status":"publish","type":"page","link":"https:\/\/aletlesbains.com\/site\/associations\/?lang=fr","title":{"rendered":"Associations"},"content":{"rendered":"[et_pb_section fb_built=\u00a0\u00bb1&Prime; _builder_version=\u00a0\u00bb3.22&Prime; global_colors_info=\u00a0\u00bb{}\u00a0\u00bb][et_pb_row _builder_version=\u00a0\u00bb3.25&Prime; background_size=\u00a0\u00bbinitial\u00a0\u00bb background_position=\u00a0\u00bbtop_left\u00a0\u00bb background_repeat=\u00a0\u00bbrepeat\u00a0\u00bb global_colors_info=\u00a0\u00bb{}\u00a0\u00bb][et_pb_column type=\u00a0\u00bb4_4&Prime; _builder_version=\u00a0\u00bb3.25&Prime; custom_padding=\u00a0\u00bb|||\u00a0\u00bb global_colors_info=\u00a0\u00bb{}\u00a0\u00bb custom_padding__hover=\u00a0\u00bb|||\u00a0\u00bb][et_pb_text admin_label=\u00a0\u00bbvie associative titre\u00a0\u00bb _builder_version=\u00a0\u00bb3.27.4&Prime; global_colors_info=\u00a0\u00bb{}\u00a0\u00bb]\n<h1>Vie associative<\/h1>\n[\/et_pb_text][\/et_pb_column][\/et_pb_row][et_pb_row column_structure=\u00a0\u00bb1_4,1_4,1_4,1_4&Prime; _builder_version=\u00a0\u00bb3.25&Prime; background_size=\u00a0\u00bbinitial\u00a0\u00bb background_position=\u00a0\u00bbtop_left\u00a0\u00bb background_repeat=\u00a0\u00bbrepeat\u00a0\u00bb global_colors_info=\u00a0\u00bb{}\u00a0\u00bb][et_pb_column type=\u00a0\u00bb1_4&Prime; _builder_version=\u00a0\u00bb3.25&Prime; custom_padding=\u00a0\u00bb|||\u00a0\u00bb global_colors_info=\u00a0\u00bb{}\u00a0\u00bb custom_padding__hover=\u00a0\u00bb|||\u00a0\u00bb][et_pb_text admin_label=\u00a0\u00bbchasse\u00a0\u00bb _builder_version=\u00a0\u00bb3.27.4&Prime; global_colors_info=\u00a0\u00bb{}\u00a0\u00bb]\n<h2><svg class=\"svg-inline--fa fa-angle-right fa-w-8\" aria-hidden=\"true\" data-prefix=\"fas\" data-icon=\"angle-right\" role=\"img\" xmlns=\"http:\/\/www.w3.org\/2000\/svg\" viewbox=\"0 0 256 512\" data-fa-i2svg=\"\"><path fill=\"currentColor\" d=\"M224.3 273l-136 136c-9.4 9.4-24.6 9.4-33.9 0l-22.6-22.6c-9.4-9.4-9.4-24.6 0-33.9l96.4-96.4-96.4-96.4c-9.4-9.4-9.4-24.6 0-33.9L54.3 103c9.4-9.4 24.6-9.4 33.9 0l136 136c9.5 9.4 9.5 24.6.1 34z\"><\/path><\/svg><!-- <i class=\"fas fa-angle-right\"><\/i> --> Ass Communale de Chasse Agr\u00e9\u00e9e<\/h2>\n<p><strong>Contact :<\/strong> M. COMTE Anthony<\/p>\n[\/et_pb_text][et_pb_text admin_label=\u00a0\u00bbchasse\u00a0\u00bb _builder_version=\u00a0\u00bb3.27.4&Prime; global_colors_info=\u00a0\u00bb{}\u00a0\u00bb]\n<h2><svg class=\"svg-inline--fa fa-angle-right fa-w-8\" aria-hidden=\"true\" data-prefix=\"fas\" data-icon=\"angle-right\" role=\"img\" xmlns=\"http:\/\/www.w3.org\/2000\/svg\" viewbox=\"0 0 256 512\" data-fa-i2svg=\"\"><path fill=\"currentColor\" d=\"M224.3 273l-136 136c-9.4 9.4-24.6 9.4-33.9 0l-22.6-22.6c-9.4-9.4-9.4-24.6 0-33.9l96.4-96.4-96.4-96.4c-9.4-9.4-9.4-24.6 0-33.9L54.3 103c9.4-9.4 24.6-9.4 33.9 0l136 136c9.5 9.4 9.5 24.6.1 34z\"><\/path><\/svg><!-- <i class=\"fas fa-angle-right\"><\/i> --> Alet les deux clochers<\/h2>\n<p><strong>Contact :<\/strong> Mme\u00a0 FAIRHUST Antoinette<\/p>\n[\/et_pb_text][\/et_pb_column][et_pb_column type=\u00a0\u00bb1_4&Prime; _builder_version=\u00a0\u00bb3.25&Prime; custom_padding=\u00a0\u00bb|||\u00a0\u00bb global_colors_info=\u00a0\u00bb{}\u00a0\u00bb custom_padding__hover=\u00a0\u00bb|||\u00a0\u00bb][et_pb_text admin_label=\u00a0\u00bbamicale employ\u00e9s communaux\u00a0\u00bb _builder_version=\u00a0\u00bb3.27.4&Prime; global_colors_info=\u00a0\u00bb{}\u00a0\u00bb]\n<h2><svg class=\"svg-inline--fa fa-angle-right fa-w-8\" aria-hidden=\"true\" data-prefix=\"fas\" data-icon=\"angle-right\" role=\"img\" xmlns=\"http:\/\/www.w3.org\/2000\/svg\" viewbox=\"0 0 256 512\" data-fa-i2svg=\"\"><path fill=\"currentColor\" d=\"M224.3 273l-136 136c-9.4 9.4-24.6 9.4-33.9 0l-22.6-22.6c-9.4-9.4-9.4-24.6 0-33.9l96.4-96.4-96.4-96.4c-9.4-9.4-9.4-24.6 0-33.9L54.3 103c9.4-9.4 24.6-9.4 33.9 0l136 136c9.5 9.4 9.5 24.6.1 34z\"><\/path><\/svg><!-- <i class=\"fas fa-angle-right\"><\/i> --> Amicale des employ\u00e9s communaux<\/h2>\n<p><strong>Contact :<\/strong> Mme MENDOZA B\u00e9atrice <\/p>\n[\/et_pb_text][et_pb_text admin_label=\u00a0\u00bbamicale employ\u00e9s communaux\u00a0\u00bb _builder_version=\u00a0\u00bb3.27.4&Prime; hover_enabled=\u00a0\u00bb0&Prime; global_colors_info=\u00a0\u00bb{}\u00a0\u00bb sticky_enabled=\u00a0\u00bb0&Prime;]\n<h2><svg class=\"svg-inline--fa fa-angle-right fa-w-8\" aria-hidden=\"true\" data-prefix=\"fas\" data-icon=\"angle-right\" role=\"img\" xmlns=\"http:\/\/www.w3.org\/2000\/svg\" viewbox=\"0 0 256 512\" data-fa-i2svg=\"\"><path fill=\"currentColor\" d=\"M224.3 273l-136 136c-9.4 9.4-24.6 9.4-33.9 0l-22.6-22.6c-9.4-9.4-9.4-24.6 0-33.9l96.4-96.4-96.4-96.4c-9.4-9.4-9.4-24.6 0-33.9L54.3 103c9.4-9.4 24.6-9.4 33.9 0l136 136c9.5 9.4 9.5 24.6.1 34z\"><\/path><\/svg><!-- <i class=\"fas fa-angle-right\"><\/i> --> Anim&rsquo;Alet<\/h2>\n<p><strong>Contact :<\/strong> Mme LAVAL Josy<\/p>\n[\/et_pb_text][\/et_pb_column][et_pb_column _builder_version=\u00a0\u00bb4.10.8&Prime; _module_preset=\u00a0\u00bbdefault\u00a0\u00bb type=\u00a0\u00bb1_4&Prime;][et_pb_text admin_label=\u00a0\u00bbamicale employ\u00e9s communaux\u00a0\u00bb _builder_version=\u00a0\u00bb3.27.4&Prime; hover_enabled=\u00a0\u00bb0&Prime; global_colors_info=\u00a0\u00bb{}\u00a0\u00bb sticky_enabled=\u00a0\u00bb0&Prime; custom_padding=\u00a0\u00bb||5px|||\u00a0\u00bb]\n<h2><svg class=\"svg-inline--fa fa-angle-right fa-w-8\" aria-hidden=\"true\" data-prefix=\"fas\" data-icon=\"angle-right\" role=\"img\" xmlns=\"http:\/\/www.w3.org\/2000\/svg\" viewbox=\"0 0 256 512\" data-fa-i2svg=\"\"><path fill=\"currentColor\" d=\"M224.3 273l-136 136c-9.4 9.4-24.6 9.4-33.9 0l-22.6-22.6c-9.4-9.4-9.4-24.6 0-33.9l96.4-96.4-96.4-96.4c-9.4-9.4-9.4-24.6 0-33.9L54.3 103c9.4-9.4 24.6-9.4 33.9 0l136 136c9.5 9.4 9.5 24.6.1 34z\"><\/path><\/svg><!-- <i class=\"fas fa-angle-right\"><\/i> --> Association des parents d&rsquo;\u00e9l\u00e8ves\u00a0<\/h2>\n<p><strong><em>Contact<\/em> :<\/strong> M. Camus David<\/p>\n[\/et_pb_text][et_pb_text admin_label=\u00a0\u00bbamicale employ\u00e9s communaux\u00a0\u00bb _builder_version=\u00a0\u00bb3.27.4&Prime; hover_enabled=\u00a0\u00bb0&Prime; global_colors_info=\u00a0\u00bb{}\u00a0\u00bb sticky_enabled=\u00a0\u00bb0&Prime; custom_padding=\u00a0\u00bb||11px|||\u00a0\u00bb]\n<h2><svg class=\"svg-inline--fa fa-angle-right fa-w-8\" aria-hidden=\"true\" data-prefix=\"fas\" data-icon=\"angle-right\" role=\"img\" xmlns=\"http:\/\/www.w3.org\/2000\/svg\" viewbox=\"0 0 256 512\" data-fa-i2svg=\"\"><path fill=\"currentColor\" d=\"M224.3 273l-136 136c-9.4 9.4-24.6 9.4-33.9 0l-22.6-22.6c-9.4-9.4-9.4-24.6 0-33.9l96.4-96.4-96.4-96.4c-9.4-9.4-9.4-24.6 0-33.9L54.3 103c9.4-9.4 24.6-9.4 33.9 0l136 136c9.5 9.4 9.5 24.6.1 34z\"><\/path><\/svg><!-- <i class=\"fas fa-angle-right\"><\/i> -->\u00a0Culture, jeu et dragon\u00a0<\/h2>\n<p><strong><em>Contact<\/em> :<\/strong> M. Ostara Thomas<\/p>\n[\/et_pb_text][\/et_pb_column][et_pb_column type=\u00a0\u00bb1_4&Prime; _builder_version=\u00a0\u00bb3.25&Prime; custom_padding=\u00a0\u00bb|||\u00a0\u00bb global_colors_info=\u00a0\u00bb{}\u00a0\u00bb custom_padding__hover=\u00a0\u00bb|||\u00a0\u00bb][et_pb_text admin_label=\u00a0\u00bbbande gustou\u00a0\u00bb _builder_version=\u00a0\u00bb3.27.4&Prime; global_colors_info=\u00a0\u00bb{}\u00a0\u00bb]\n<h2><svg class=\"svg-inline--fa fa-angle-right fa-w-8\" aria-hidden=\"true\" data-prefix=\"fas\" data-icon=\"angle-right\" role=\"img\" xmlns=\"http:\/\/www.w3.org\/2000\/svg\" viewbox=\"0 0 256 512\" data-fa-i2svg=\"\"><path fill=\"currentColor\" d=\"M224.3 273l-136 136c-9.4 9.4-24.6 9.4-33.9 0l-22.6-22.6c-9.4-9.4-9.4-24.6 0-33.9l96.4-96.4-96.4-96.4c-9.4-9.4-9.4-24.6 0-33.9L54.3 103c9.4-9.4 24.6-9.4 33.9 0l136 136c9.5 9.4 9.5 24.6.1 34z\"><\/path><\/svg><!-- <i class=\"fas fa-angle-right\"><\/i> --> Comit\u00e9 des F\u00eates<\/h2>\n<p><strong>Contact :<\/strong> M. Berkane Christophe\u00a0<\/p>\n[\/et_pb_text][\/et_pb_column][\/et_pb_row][et_pb_row column_structure=\u00a0\u00bb1_3,1_3,1_3&Prime; _builder_version=\u00a0\u00bb3.25&Prime; background_size=\u00a0\u00bbinitial\u00a0\u00bb background_position=\u00a0\u00bbtop_left\u00a0\u00bb background_repeat=\u00a0\u00bbrepeat\u00a0\u00bb global_colors_info=\u00a0\u00bb{}\u00a0\u00bb][et_pb_column type=\u00a0\u00bb1_3&Prime; _builder_version=\u00a0\u00bb3.25&Prime; custom_padding=\u00a0\u00bb|||\u00a0\u00bb global_colors_info=\u00a0\u00bb{}\u00a0\u00bb custom_padding__hover=\u00a0\u00bb|||\u00a0\u00bb][et_pb_text admin_label=\u00a0\u00bbcoop\u00e9rative scolaire\u00a0\u00bb _builder_version=\u00a0\u00bb4.10.8&Prime; hover_enabled=\u00a0\u00bb0&Prime; global_colors_info=\u00a0\u00bb{}\u00a0\u00bb custom_padding=\u00a0\u00bb||2px|||\u00a0\u00bb sticky_enabled=\u00a0\u00bb0&Prime;]\n<h2><!-- <i class=\"fas fa-angle-right\"><\/i> --> Coop\u00e9rative scolaire<\/h2>\n<p><strong>Contact :<\/strong> Mme Cros Carole<\/p>\n[\/et_pb_text][et_pb_text admin_label=\u00a0\u00bbcoop\u00e9rative scolaire\u00a0\u00bb _builder_version=\u00a0\u00bb3.27.4&Prime; global_colors_info=\u00a0\u00bb{}\u00a0\u00bb]\n<h2><svg class=\"svg-inline--fa fa-angle-right fa-w-8\" aria-hidden=\"true\" data-prefix=\"fas\" data-icon=\"angle-right\" role=\"img\" xmlns=\"http:\/\/www.w3.org\/2000\/svg\" viewbox=\"0 0 256 512\" data-fa-i2svg=\"\"><path fill=\"currentColor\" d=\"M224.3 273l-136 136c-9.4 9.4-24.6 9.4-33.9 0l-22.6-22.6c-9.4-9.4-9.4-24.6 0-33.9l96.4-96.4-96.4-96.4c-9.4-9.4-9.4-24.6 0-33.9L54.3 103c9.4-9.4 24.6-9.4 33.9 0l136 136c9.5 9.4 9.5 24.6.1 34z\"><\/path><\/svg><!-- <i class=\"fas fa-angle-right\"><\/i> --> Alet Eau Vive<\/h2>\n<p><strong>Contact :<\/strong> M. GRANGER Michel <\/p>\n[\/et_pb_text][et_pb_text admin_label=\u00a0\u00bbcoop\u00e9rative scolaire\u00a0\u00bb _builder_version=\u00a0\u00bb3.27.4&Prime; global_colors_info=\u00a0\u00bb{}\u00a0\u00bb]\n<h2><svg class=\"svg-inline--fa fa-angle-right fa-w-8\" aria-hidden=\"true\" data-prefix=\"fas\" data-icon=\"angle-right\" role=\"img\" xmlns=\"http:\/\/www.w3.org\/2000\/svg\" viewbox=\"0 0 256 512\" data-fa-i2svg=\"\"><path fill=\"currentColor\" d=\"M224.3 273l-136 136c-9.4 9.4-24.6 9.4-33.9 0l-22.6-22.6c-9.4-9.4-9.4-24.6 0-33.9l96.4-96.4-96.4-96.4c-9.4-9.4-9.4-24.6 0-33.9L54.3 103c9.4-9.4 24.6-9.4 33.9 0l136 136c9.5 9.4 9.5 24.6.1 34z\"><\/path><\/svg><!-- <i class=\"fas fa-angle-right\"><\/i> --> Avenir d&rsquo;Alet<\/h2>\n<p><strong>Contact :<\/strong> M. DARGEGEN Gilbert<\/p>\n[\/et_pb_text][\/et_pb_column][et_pb_column type=\u00a0\u00bb1_3&Prime; _builder_version=\u00a0\u00bb3.25&Prime; custom_padding=\u00a0\u00bb|||\u00a0\u00bb global_colors_info=\u00a0\u00bb{}\u00a0\u00bb custom_padding__hover=\u00a0\u00bb|||\u00a0\u00bb][et_pb_text admin_label=\u00a0\u00bbtruite al\u00e9toise\u00a0\u00bb _builder_version=\u00a0\u00bb3.27.4&Prime; hover_enabled=\u00a0\u00bb0&Prime; global_colors_info=\u00a0\u00bb{}\u00a0\u00bb sticky_enabled=\u00a0\u00bb0&Prime;]\n<h2><svg class=\"svg-inline--fa fa-angle-right fa-w-8\" aria-hidden=\"true\" data-prefix=\"fas\" data-icon=\"angle-right\" role=\"img\" xmlns=\"http:\/\/www.w3.org\/2000\/svg\" viewbox=\"0 0 256 512\" data-fa-i2svg=\"\"><path fill=\"currentColor\" d=\"M224.3 273l-136 136c-9.4 9.4-24.6 9.4-33.9 0l-22.6-22.6c-9.4-9.4-9.4-24.6 0-33.9l96.4-96.4-96.4-96.4c-9.4-9.4-9.4-24.6 0-33.9L54.3 103c9.4-9.4 24.6-9.4 33.9 0l136 136c9.5 9.4 9.5 24.6.1 34z\"><\/path><\/svg><!-- <i class=\"fas fa-angle-right\"><\/i> --> La Truite Al\u00e9toise<\/h2>\n<p><strong>Contact :<\/strong>\u00a0<\/p>\n[\/et_pb_text][et_pb_text admin_label=\u00a0\u00bbtruite al\u00e9toise\u00a0\u00bb _builder_version=\u00a0\u00bb3.27.4&Prime; global_colors_info=\u00a0\u00bb{}\u00a0\u00bb]\n<h2><svg class=\"svg-inline--fa fa-angle-right fa-w-8\" aria-hidden=\"true\" data-prefix=\"fas\" data-icon=\"angle-right\" role=\"img\" xmlns=\"http:\/\/www.w3.org\/2000\/svg\" viewbox=\"0 0 256 512\" data-fa-i2svg=\"\"><path fill=\"currentColor\" d=\"M224.3 273l-136 136c-9.4 9.4-24.6 9.4-33.9 0l-22.6-22.6c-9.4-9.4-9.4-24.6 0-33.9l96.4-96.4-96.4-96.4c-9.4-9.4-9.4-24.6 0-33.9L54.3 103c9.4-9.4 24.6-9.4 33.9 0l136 136c9.5 9.4 9.5 24.6.1 34z\"><\/path><\/svg><!-- <i class=\"fas fa-angle-right\"><\/i> --> Au Fil du Patch<\/h2>\n<p><strong>Contact :<\/strong> Mme MARQUEZE M\u00e9hielle<\/p>\n[\/et_pb_text][et_pb_text admin_label=\u00a0\u00bbtruite al\u00e9toise\u00a0\u00bb _builder_version=\u00a0\u00bb3.27.4&Prime; global_colors_info=\u00a0\u00bb{}\u00a0\u00bb]\n<h2><svg class=\"svg-inline--fa fa-angle-right fa-w-8\" aria-hidden=\"true\" data-prefix=\"fas\" data-icon=\"angle-right\" role=\"img\" xmlns=\"http:\/\/www.w3.org\/2000\/svg\" viewbox=\"0 0 256 512\" data-fa-i2svg=\"\"><path fill=\"currentColor\" d=\"M224.3 273l-136 136c-9.4 9.4-24.6 9.4-33.9 0l-22.6-22.6c-9.4-9.4-9.4-24.6 0-33.9l96.4-96.4-96.4-96.4c-9.4-9.4-9.4-24.6 0-33.9L54.3 103c9.4-9.4 24.6-9.4 33.9 0l136 136c9.5 9.4 9.5 24.6.1 34z\"><\/path><\/svg><!-- <i class=\"fas fa-angle-right\"><\/i> -->\u00a0Association Nostradamus en Aleth\u00a0<\/h2>\n<p><strong>Contact :<\/strong> Mr AUDABRAM Richard\u00a0<\/p>\n[\/et_pb_text][\/et_pb_column][et_pb_column type=\u00a0\u00bb1_3&Prime; _builder_version=\u00a0\u00bb3.25&Prime; custom_padding=\u00a0\u00bb|||\u00a0\u00bb global_colors_info=\u00a0\u00bb{}\u00a0\u00bb custom_padding__hover=\u00a0\u00bb|||\u00a0\u00bb][et_pb_text admin_label=\u00a0\u00bbLa Boule Al\u00e9toise\u00a0\u00bb _builder_version=\u00a0\u00bb3.27.4&Prime; global_colors_info=\u00a0\u00bb{}\u00a0\u00bb]\n<h2><svg class=\"svg-inline--fa fa-angle-right fa-w-8\" aria-hidden=\"true\" data-prefix=\"fas\" data-icon=\"angle-right\" role=\"img\" xmlns=\"http:\/\/www.w3.org\/2000\/svg\" viewbox=\"0 0 256 512\" data-fa-i2svg=\"\"><path fill=\"currentColor\" d=\"M224.3 273l-136 136c-9.4 9.4-24.6 9.4-33.9 0l-22.6-22.6c-9.4-9.4-9.4-24.6 0-33.9l96.4-96.4-96.4-96.4c-9.4-9.4-9.4-24.6 0-33.9L54.3 103c9.4-9.4 24.6-9.4 33.9 0l136 136c9.5 9.4 9.5 24.6.1 34z\"><\/path><\/svg><!-- <i class=\"fas fa-angle-right\"><\/i> --> Ass Sportive Al\u00e9toise<\/h2>\n<p><strong>Contact :<\/strong> M. PEREZ Robert <\/p>\n[\/et_pb_text][et_pb_text admin_label=\u00a0\u00bbLa Boule Al\u00e9toise\u00a0\u00bb _builder_version=\u00a0\u00bb3.27.4&Prime; global_colors_info=\u00a0\u00bb{}\u00a0\u00bb]\n<h2><svg class=\"svg-inline--fa fa-angle-right fa-w-8\" aria-hidden=\"true\" data-prefix=\"fas\" data-icon=\"angle-right\" role=\"img\" xmlns=\"http:\/\/www.w3.org\/2000\/svg\" viewbox=\"0 0 256 512\" data-fa-i2svg=\"\"><path fill=\"currentColor\" d=\"M224.3 273l-136 136c-9.4 9.4-24.6 9.4-33.9 0l-22.6-22.6c-9.4-9.4-9.4-24.6 0-33.9l96.4-96.4-96.4-96.4c-9.4-9.4-9.4-24.6 0-33.9L54.3 103c9.4-9.4 24.6-9.4 33.9 0l136 136c9.5 9.4 9.5 24.6.1 34z\"><\/path><\/svg><!-- <i class=\"fas fa-angle-right\"><\/i> --> Ass des Artistes Al\u00e9tois\u00a0<\/h2>\n<p><strong>Contact :<\/strong> Mme MC CLEAN Ann<\/p>\n[\/et_pb_text][et_pb_text admin_label=\u00a0\u00bbLa Boule Al\u00e9toise\u00a0\u00bb _builder_version=\u00a0\u00bb3.27.4&Prime; custom_padding=\u00a0\u00bb||8px|||\u00a0\u00bb global_colors_info=\u00a0\u00bb{}\u00a0\u00bb][\/et_pb_text][\/et_pb_column][\/et_pb_row][\/et_pb_section]\n","protected":false},"excerpt":{"rendered":"<p>Vie associative Ass Communale de Chasse Agr\u00e9\u00e9e Contact : M. COMTE Anthony Alet les deux clochers Contact : Mme\u00a0 FAIRHUST Antoinette Amicale des employ\u00e9s communaux Contact : Mme MENDOZA B\u00e9atrice Anim&rsquo;Alet Contact : Mme LAVAL Josy Association des parents d&rsquo;\u00e9l\u00e8ves\u00a0 Contact : M. Camus David\u00a0Culture, jeu et dragon\u00a0 Contact : M. Ostara Thomas Comit\u00e9 des [&hellip;]<\/p>\n","protected":false},"author":2,"featured_media":0,"parent":0,"menu_order":0,"comment_status":"closed","ping_status":"closed","template":"","meta":{"_et_pb_use_builder":"on","_et_pb_old_content":"","_et_gb_content_width":"","footnotes":""},"categories":[],"tags":[],"class_list":["post-1023","page","type-page","status-publish","hentry"],"yoast_head":"<!-- This site is optimized with the Yoast SEO plugin v27.1.1 - https:\/\/yoast.com\/product\/yoast-seo-wordpress\/ -->\n<title>Associations - Mairie d&#039;Alet les bains - site Officiel<\/title>\n<meta name=\"robots\" content=\"index, follow, max-snippet:-1, max-image-preview:large, max-video-preview:-1\" \/>\n<link rel=\"canonical\" href=\"https:\/\/aletlesbains.com\/site\/associations\/\" \/>\n<meta property=\"og:locale\" content=\"fr_FR\" \/>\n<meta property=\"og:type\" content=\"article\" \/>\n<meta property=\"og:title\" content=\"[:fr]Associations[:] - Mairie d&#039;Alet les bains - site Officiel\" \/>\n<meta property=\"og:description\" content=\"Vie associative Ass Communale de Chasse Agr\u00e9\u00e9e Contact : M. COMTE Anthony Alet les deux clochers Contact : Mme\u00a0 FAIRHUST Antoinette Amicale des employ\u00e9s communaux Contact : Mme MENDOZA B\u00e9atrice Anim&#039;Alet Contact : Mme LAVAL Josy Association des parents d&#039;\u00e9l\u00e8ves\u00a0 Contact : M. Camus David\u00a0Culture, jeu et dragon\u00a0 Contact : M. Ostara Thomas Comit\u00e9 des [&hellip;]\" \/>\n<meta property=\"og:url\" content=\"https:\/\/aletlesbains.com\/site\/associations\/\" \/>\n<meta property=\"og:site_name\" content=\"Mairie d&#039;Alet les bains - site Officiel\" \/>\n<meta property=\"article:modified_time\" content=\"2026-03-21T11:24:46+00:00\" \/>\n<meta name=\"twitter:card\" content=\"summary_large_image\" \/>\n<meta name=\"twitter:label1\" content=\"Dur\u00e9e de lecture estim\u00e9e\" \/>\n\t<meta name=\"twitter:data1\" content=\"3 minutes\" \/>\n<script type=\"application\/ld+json\" class=\"yoast-schema-graph\">{\"@context\":\"https:\/\/schema.org\",\"@graph\":[{\"@type\":\"WebPage\",\"@id\":\"https:\/\/aletlesbains.com\/site\/associations\/\",\"url\":\"https:\/\/aletlesbains.com\/site\/associations\/\",\"name\":\"[:fr]Associations[:] - Mairie d&#039;Alet les bains - site Officiel\",\"isPartOf\":{\"@id\":\"https:\/\/aletlesbains.com\/site\/#website\"},\"datePublished\":\"2018-03-22T19:54:38+00:00\",\"dateModified\":\"2026-03-21T11:24:46+00:00\",\"breadcrumb\":{\"@id\":\"https:\/\/aletlesbains.com\/site\/associations\/#breadcrumb\"},\"inLanguage\":\"fr-FR\",\"potentialAction\":[{\"@type\":\"ReadAction\",\"target\":[\"https:\/\/aletlesbains.com\/site\/associations\/\"]}]},{\"@type\":\"BreadcrumbList\",\"@id\":\"https:\/\/aletlesbains.com\/site\/associations\/#breadcrumb\",\"itemListElement\":[{\"@type\":\"ListItem\",\"position\":1,\"name\":\"Accueil\",\"item\":\"https:\/\/aletlesbains.com\/site\/\"},{\"@type\":\"ListItem\",\"position\":2,\"name\":\"[:fr]Associations[:]\"}]},{\"@type\":\"WebSite\",\"@id\":\"https:\/\/aletlesbains.com\/site\/#website\",\"url\":\"https:\/\/aletlesbains.com\/site\/\",\"name\":\"Mairie d&#039;Alet les bains - site Officiel\",\"description\":\"Village Mill\u00e9naire\",\"potentialAction\":[{\"@type\":\"SearchAction\",\"target\":{\"@type\":\"EntryPoint\",\"urlTemplate\":\"https:\/\/aletlesbains.com\/site\/?s={search_term_string}\"},\"query-input\":{\"@type\":\"PropertyValueSpecification\",\"valueRequired\":true,\"valueName\":\"search_term_string\"}}],\"inLanguage\":\"fr-FR\"}]}<\/script>\n<!-- \/ Yoast SEO plugin. -->","yoast_head_json":{"title":"[:fr]Associations[:] - Mairie d&#039;Alet les bains - site Officiel","robots":{"index":"index","follow":"follow","max-snippet":"max-snippet:-1","max-image-preview":"max-image-preview:large","max-video-preview":"max-video-preview:-1"},"canonical":"https:\/\/aletlesbains.com\/site\/associations\/","og_locale":"fr_FR","og_type":"article","og_title":"[:fr]Associations[:] - Mairie d&#039;Alet les bains - site Officiel","og_description":"Vie associative Ass Communale de Chasse Agr\u00e9\u00e9e Contact : M. COMTE Anthony Alet les deux clochers Contact : Mme\u00a0 FAIRHUST Antoinette Amicale des employ\u00e9s communaux Contact : Mme MENDOZA B\u00e9atrice Anim'Alet Contact : Mme LAVAL Josy Association des parents d'\u00e9l\u00e8ves\u00a0 Contact : M. Camus David\u00a0Culture, jeu et dragon\u00a0 Contact : M. Ostara Thomas Comit\u00e9 des [&hellip;]","og_url":"https:\/\/aletlesbains.com\/site\/associations\/","og_site_name":"Mairie d&#039;Alet les bains - site Officiel","article_modified_time":"2026-03-21T11:24:46+00:00","twitter_card":"summary_large_image","twitter_misc":{"Dur\u00e9e de lecture estim\u00e9e":"3 minutes"},"schema":{"@context":"https:\/\/schema.org","@graph":[{"@type":"WebPage","@id":"https:\/\/aletlesbains.com\/site\/associations\/","url":"https:\/\/aletlesbains.com\/site\/associations\/","name":"[:fr]Associations[:] - Mairie d&#039;Alet les bains - site Officiel","isPartOf":{"@id":"https:\/\/aletlesbains.com\/site\/#website"},"datePublished":"2018-03-22T19:54:38+00:00","dateModified":"2026-03-21T11:24:46+00:00","breadcrumb":{"@id":"https:\/\/aletlesbains.com\/site\/associations\/#breadcrumb"},"inLanguage":"fr-FR","potentialAction":[{"@type":"ReadAction","target":["https:\/\/aletlesbains.com\/site\/associations\/"]}]},{"@type":"BreadcrumbList","@id":"https:\/\/aletlesbains.com\/site\/associations\/#breadcrumb","itemListElement":[{"@type":"ListItem","position":1,"name":"Accueil","item":"https:\/\/aletlesbains.com\/site\/"},{"@type":"ListItem","position":2,"name":"[:fr]Associations[:]"}]},{"@type":"WebSite","@id":"https:\/\/aletlesbains.com\/site\/#website","url":"https:\/\/aletlesbains.com\/site\/","name":"Mairie d&#039;Alet les bains - site Officiel","description":"Village Mill\u00e9naire","potentialAction":[{"@type":"SearchAction","target":{"@type":"EntryPoint","urlTemplate":"https:\/\/aletlesbains.com\/site\/?s={search_term_string}"},"query-input":{"@type":"PropertyValueSpecification","valueRequired":true,"valueName":"search_term_string"}}],"inLanguage":"fr-FR"}]}},"_links":{"self":[{"href":"https:\/\/aletlesbains.com\/site\/wp-json\/wp\/v2\/pages\/1023","targetHints":{"allow":["GET"]}}],"collection":[{"href":"https:\/\/aletlesbains.com\/site\/wp-json\/wp\/v2\/pages"}],"about":[{"href":"https:\/\/aletlesbains.com\/site\/wp-json\/wp\/v2\/types\/page"}],"author":[{"embeddable":true,"href":"https:\/\/aletlesbains.com\/site\/wp-json\/wp\/v2\/users\/2"}],"replies":[{"embeddable":true,"href":"https:\/\/aletlesbains.com\/site\/wp-json\/wp\/v2\/comments?post=1023"}],"version-history":[{"count":12,"href":"https:\/\/aletlesbains.com\/site\/wp-json\/wp\/v2\/pages\/1023\/revisions"}],"predecessor-version":[{"id":3227,"href":"https:\/\/aletlesbains.com\/site\/wp-json\/wp\/v2\/pages\/1023\/revisions\/3227"}],"wp:attachment":[{"href":"https:\/\/aletlesbains.com\/site\/wp-json\/wp\/v2\/media?parent=1023"}],"wp:term":[{"taxonomy":"category","embeddable":true,"href":"https:\/\/aletlesbains.com\/site\/wp-json\/wp\/v2\/categories?post=1023"},{"taxonomy":"post_tag","embeddable":true,"href":"https:\/\/aletlesbains.com\/site\/wp-json\/wp\/v2\/tags?post=1023"}],"curies":[{"name":"wp","href":"https:\/\/api.w.org\/{rel}","templated":true}]}}