{"id":1007,"date":"2018-03-22T19:19:00","date_gmt":"2018-03-22T18:19:00","guid":{"rendered":"https:\/\/aletlesbains.com\/site\/?page_id=1007"},"modified":"2023-03-26T17:39:54","modified_gmt":"2023-03-26T15:39:54","slug":"activites-economiques","status":"publish","type":"page","link":"https:\/\/aletlesbains.com\/site\/activites-economiques\/?lang=fr","title":{"rendered":"Activit\u00e9s \u00e9conomiques"},"content":{"rendered":"[et_pb_section fb_built=\u00a0\u00bb1&Prime; _builder_version=\u00a0\u00bb3.22&Prime; global_colors_info=\u00a0\u00bb{}\u00a0\u00bb][et_pb_row _builder_version=\u00a0\u00bb3.25&Prime; background_size=\u00a0\u00bbinitial\u00a0\u00bb background_position=\u00a0\u00bbtop_left\u00a0\u00bb background_repeat=\u00a0\u00bbrepeat\u00a0\u00bb global_colors_info=\u00a0\u00bb{}\u00a0\u00bb][et_pb_column type=\u00a0\u00bb4_4&Prime; _builder_version=\u00a0\u00bb3.25&Prime; custom_padding=\u00a0\u00bb|||\u00a0\u00bb global_colors_info=\u00a0\u00bb{}\u00a0\u00bb custom_padding__hover=\u00a0\u00bb|||\u00a0\u00bb][et_pb_text _builder_version=\u00a0\u00bb3.27.4&Prime; global_colors_info=\u00a0\u00bb{}\u00a0\u00bb]\n<h1>Toute l&rsquo;activit\u00e9 \u00e9conomique d&rsquo;Alet Les Bains<\/h1>\n[\/et_pb_text][\/et_pb_column][\/et_pb_row][et_pb_row column_structure=\u00a0\u00bb1_3,1_3,1_3&Prime; _builder_version=\u00a0\u00bb3.25&Prime; background_size=\u00a0\u00bbinitial\u00a0\u00bb background_position=\u00a0\u00bbtop_left\u00a0\u00bb background_repeat=\u00a0\u00bbrepeat\u00a0\u00bb global_colors_info=\u00a0\u00bb{}\u00a0\u00bb][et_pb_column type=\u00a0\u00bb1_3&Prime; _builder_version=\u00a0\u00bb3.25&Prime; custom_padding=\u00a0\u00bb|||\u00a0\u00bb global_colors_info=\u00a0\u00bb{}\u00a0\u00bb custom_padding__hover=\u00a0\u00bb|||\u00a0\u00bb][\/et_pb_column][et_pb_column type=\u00a0\u00bb1_3&Prime; _builder_version=\u00a0\u00bb3.25&Prime; custom_padding=\u00a0\u00bb|||\u00a0\u00bb global_colors_info=\u00a0\u00bb{}\u00a0\u00bb custom_padding__hover=\u00a0\u00bb|||\u00a0\u00bb][et_pb_text admin_label=\u00a0\u00bbma\u00e7onnerie marselli\u00a0\u00bb _builder_version=\u00a0\u00bb3.27.4&Prime; global_colors_info=\u00a0\u00bb{}\u00a0\u00bb]\n<h2><!-- <i class=\"fas fa-angle-right\"><\/i> -->Ma\u00e7onnerie G\u00e9n\u00e9rale<\/h2>\n<p><strong>Joseph MARSELLI<\/strong><\/p>\n<p><strong>Adresse :<\/strong>Avenue Nicolas Pavillon, 11580 Alet les Bains<br \/><strong>T\u00e9l.<\/strong> 04 68 20 25 01<\/p>\n[\/et_pb_text][\/et_pb_column][et_pb_column type=\u00a0\u00bb1_3&Prime; _builder_version=\u00a0\u00bb3.25&Prime; custom_padding=\u00a0\u00bb|||\u00a0\u00bb global_colors_info=\u00a0\u00bb{}\u00a0\u00bb custom_padding__hover=\u00a0\u00bb|||\u00a0\u00bb][\/et_pb_column][\/et_pb_row][et_pb_row _builder_version=\u00a0\u00bb3.25&Prime; background_size=\u00a0\u00bbinitial\u00a0\u00bb background_position=\u00a0\u00bbtop_left\u00a0\u00bb background_repeat=\u00a0\u00bbrepeat\u00a0\u00bb global_colors_info=\u00a0\u00bb{}\u00a0\u00bb][et_pb_column type=\u00a0\u00bb4_4&Prime; _builder_version=\u00a0\u00bb3.25&Prime; custom_padding=\u00a0\u00bb|||\u00a0\u00bb global_colors_info=\u00a0\u00bb{}\u00a0\u00bb custom_padding__hover=\u00a0\u00bb|||\u00a0\u00bb][\/et_pb_column][\/et_pb_row][et_pb_row _builder_version=\u00a0\u00bb4.10.8&Prime; _module_preset=\u00a0\u00bbdefault\u00a0\u00bb global_colors_info=\u00a0\u00bb{}\u00a0\u00bb][et_pb_column type=\u00a0\u00bb4_4&Prime; _builder_version=\u00a0\u00bb4.10.8&Prime; _module_preset=\u00a0\u00bbdefault\u00a0\u00bb global_colors_info=\u00a0\u00bb{}\u00a0\u00bb][\/et_pb_column][\/et_pb_row][et_pb_row column_structure=\u00a0\u00bb1_3,1_3,1_3&Prime; _builder_version=\u00a0\u00bb3.25&Prime; background_size=\u00a0\u00bbinitial\u00a0\u00bb background_position=\u00a0\u00bbtop_left\u00a0\u00bb background_repeat=\u00a0\u00bbrepeat\u00a0\u00bb global_colors_info=\u00a0\u00bb{}\u00a0\u00bb][et_pb_column type=\u00a0\u00bb1_3&Prime; _builder_version=\u00a0\u00bb3.25&Prime; custom_padding=\u00a0\u00bb|||\u00a0\u00bb global_colors_info=\u00a0\u00bb{}\u00a0\u00bb custom_padding__hover=\u00a0\u00bb|||\u00a0\u00bb][et_pb_text admin_label=\u00a0\u00bbtaxi Nayach\u00a0\u00bb _builder_version=\u00a0\u00bb3.27.4&Prime; global_colors_info=\u00a0\u00bb{}\u00a0\u00bb]\n<h2><a href=\"http:\/\/taxi.gerard.nayach.monsite-orange.fr\/\" target=\"_blank\" rel=\"noopener\" class=\"external external_icon\">Taxi Nayach<\/a><\/h2>\n<p><strong>Nayach G\u00e9rard<\/strong><\/p>\n<p><strong>24h\/24 et 7j\/7<\/strong><br \/><strong>T\u00e9l.<\/strong> 04 68 69 99 00<br \/><strong>Mobile :<\/strong> 06 15 07 52 59<br \/><strong>Fax:<\/strong> 04 68 69 91 75<br \/><strong>Adresse :<\/strong> 5, rue du lieutenant Paul Swank, 11580 Alet les Bains<\/p>\n<p>&nbsp;<\/p>\n<div class=\"alert alert-primary\" role=\"alert\"><strong><svg class=\"svg-inline--fa fa-info-circle fa-w-16 fa-2x\" aria-hidden=\"true\" data-prefix=\"fas\" data-icon=\"info-circle\" role=\"img\" xmlns=\"http:\/\/www.w3.org\/2000\/svg\" viewbox=\"0 0 512 512\" data-fa-i2svg=\"\"><path fill=\"currentColor\" d=\"M256 8C119.043 8 8 119.083 8 256c0 136.997 111.043 248 248 248s248-111.003 248-248C504 119.083 392.957 8 256 8zm0 110c23.196 0 42 18.804 42 42s-18.804 42-42 42-42-18.804-42-42 18.804-42 42-42zm56 254c0 6.627-5.373 12-12 12h-88c-6.627 0-12-5.373-12-12v-24c0-6.627 5.373-12 12-12h12v-64h-12c-6.627 0-12-5.373-12-12v-24c0-6.627 5.373-12 12-12h64c6.627 0 12 5.373 12 12v100h12c6.627 0 12 5.373 12 12v24z\"><\/path><\/svg><!-- <i class=\"fas fa-info-circle fa-2x\"><\/i> --> Prestations<\/strong><br \/>V\u00e9hicules climatis\u00e9s<br \/>Transports de malades assis<br \/>A\u00e9roports \u2013 Gares \u2013 Assistances<br \/>Parcours touristiques<br \/>Toutes distances<\/div>\n[\/et_pb_text][et_pb_text admin_label=\u00a0\u00bbtaxi Nayach\u00a0\u00bb _builder_version=\u00a0\u00bb3.27.4&Prime; global_colors_info=\u00a0\u00bb{}\u00a0\u00bb]\n<h2>L\u00e9gendes\u00a0 d&rsquo;Oc<\/h2>\n<p><strong>Buttegeg St\u00e9phanie <\/strong><\/p>\n<p><strong><\/strong><\/p>\n<p><strong>venez d\u00e9couvrir l&rsquo;Histoire du village et du territoire autrement\u00a0 autrement <\/strong><\/p>\n<p>Visites guid\u00e9es, escape games et chasses au tr\u00e9sor toute l&rsquo;ann\u00e9e \u00e0 la demande sur r\u00e9servation au 06 72 73 81 20 Programme sur <a href=\"http:\/\/www.legendes-doc.com\" class=\"external external_icon\">www.legendes-doc.com<\/a><\/p>\n<p><strong><\/strong><\/p>\n<p>&nbsp;<\/p>\n<div class=\"alert alert-primary\" role=\"alert\"><strong><svg class=\"svg-inline--fa fa-info-circle fa-w-16 fa-2x\" aria-hidden=\"true\" data-prefix=\"fas\" data-icon=\"info-circle\" role=\"img\" xmlns=\"http:\/\/www.w3.org\/2000\/svg\" viewbox=\"0 0 512 512\" data-fa-i2svg=\"\"><path fill=\"currentColor\" d=\"M256 8C119.043 8 8 119.083 8 256c0 136.997 111.043 248 248 248s248-111.003 248-248C504 119.083 392.957 8 256 8zm0 110c23.196 0 42 18.804 42 42s-18.804 42-42 42-42-18.804-42-42 18.804-42 42-42zm56 254c0 6.627-5.373 12-12 12h-88c-6.627 0-12-5.373-12-12v-24c0-6.627 5.373-12 12-12h12v-64h-12c-6.627 0-12-5.373-12-12v-24c0-6.627 5.373-12 12-12h64c6.627 0 12 5.373 12 12v100h12c6.627 0 12 5.373 12 12v24z\"><\/path><\/svg><!-- <i class=\"fas fa-info-circle fa-2x\"><\/i> --> Prestations<\/strong><br \/>chasse au tr\u00e9sor<br \/>visite guid\u00e9e<\/div>\n[\/et_pb_text][\/et_pb_column][et_pb_column type=\u00a0\u00bb1_3&Prime; _builder_version=\u00a0\u00bb3.25&Prime; custom_padding=\u00a0\u00bb|||\u00a0\u00bb global_colors_info=\u00a0\u00bb{}\u00a0\u00bb custom_padding__hover=\u00a0\u00bb|||\u00a0\u00bb][\/et_pb_column][et_pb_column type=\u00a0\u00bb1_3&Prime; _builder_version=\u00a0\u00bb3.25&Prime; custom_padding=\u00a0\u00bb|||\u00a0\u00bb global_colors_info=\u00a0\u00bb{}\u00a0\u00bb custom_padding__hover=\u00a0\u00bb|||\u00a0\u00bb][et_pb_text admin_label=\u00a0\u00bbcookies\u00a0\u00bb _builder_version=\u00a0\u00bb3.27.4&Prime; global_colors_info=\u00a0\u00bb{}\u00a0\u00bb]\n<h2>Maria Slovakova<\/h2>\n<p>&nbsp;<\/p>\n<p>artiste peintre<br \/><strong>Adresse :<\/strong> 17 Avenue Nicolas Pavillon, 11580 Alet-les-bains<br \/><strong>T\u00e9l :+33 6 28 50 24 81<\/strong><\/p>\n<p>www.maria-slovakova.net<strong><\/strong><\/p>\n<p>&nbsp;<\/p>\n<div class=\"alert alert-primary\" role=\"alert\"><strong><svg class=\"svg-inline--fa fa-info-circle fa-w-16 fa-2x\" aria-hidden=\"true\" data-prefix=\"fas\" data-icon=\"info-circle\" role=\"img\" xmlns=\"http:\/\/www.w3.org\/2000\/svg\" viewbox=\"0 0 512 512\" data-fa-i2svg=\"\"><path fill=\"currentColor\" d=\"M256 8C119.043 8 8 119.083 8 256c0 136.997 111.043 248 248 248s248-111.003 248-248C504 119.083 392.957 8 256 8zm0 110c23.196 0 42 18.804 42 42s-18.804 42-42 42-42-18.804-42-42 18.804-42 42-42zm56 254c0 6.627-5.373 12-12 12h-88c-6.627 0-12-5.373-12-12v-24c0-6.627 5.373-12 12-12h12v-64h-12c-6.627 0-12-5.373-12-12v-24c0-6.627 5.373-12 12-12h64c6.627 0 12 5.373 12 12v100h12c6.627 0 12 5.373 12 12v24z\"><\/path><\/svg><!-- <i class=\"fas fa-info-circle fa-2x\"><\/i> --> Prestations<\/strong><br \/>&#8211; V\u00eatements et articles imprim\u00e9s<br \/>&#8211; Design graphique et illustration<\/div>\n[\/et_pb_text][et_pb_text admin_label=\u00a0\u00bbcookies\u00a0\u00bb _builder_version=\u00a0\u00bb3.27.4&Prime; global_colors_info=\u00a0\u00bb{}\u00a0\u00bb]\n<h2>Ann MCLEAN<\/h2>\n<p>&nbsp;<\/p>\n<p>Cours de fran\u00e7ais et d&rsquo;anglais<\/p>\n<p>\u00a0<strong>T\u00e9l : 06 58 72 80 89<br \/><\/strong><\/p>\n<p><a href=\"mailto:anninalet@gmail.com\">anninalet@gmail.com<\/a><\/p>\n<p>https:\/www.mclean-translations.com<\/p>\n<p><strong><\/strong><\/p>\n<p>&nbsp;<\/p>\n<div class=\"alert alert-primary\" role=\"alert\"><strong><svg class=\"svg-inline--fa fa-info-circle fa-w-16 fa-2x\" aria-hidden=\"true\" data-prefix=\"fas\" data-icon=\"info-circle\" role=\"img\" xmlns=\"http:\/\/www.w3.org\/2000\/svg\" viewbox=\"0 0 512 512\" data-fa-i2svg=\"\"><path fill=\"currentColor\" d=\"M256 8C119.043 8 8 119.083 8 256c0 136.997 111.043 248 248 248s248-111.003 248-248C504 119.083 392.957 8 256 8zm0 110c23.196 0 42 18.804 42 42s-18.804 42-42 42-42-18.804-42-42 18.804-42 42-42zm56 254c0 6.627-5.373 12-12 12h-88c-6.627 0-12-5.373-12-12v-24c0-6.627 5.373-12 12-12h12v-64h-12c-6.627 0-12-5.373-12-12v-24c0-6.627 5.373-12 12-12h64c6.627 0 12 5.373 12 12v100h12c6.627 0 12 5.373 12 12v24z\"><\/path><\/svg><!-- <i class=\"fas fa-info-circle fa-2x\"><\/i> --> Prestations<\/strong><br \/>&#8211; Interpr\u00e9tariat et traduction (fran\u00e7ais\/anglais)<br \/>&#8211; Traductrice\/interpr\u00e8te asserment\u00e9e pr\u00e8s de la cour d&rsquo;Appel de Montpellier<\/div>\n[\/et_pb_text][\/et_pb_column][\/et_pb_row][\/et_pb_section][et_pb_section fb_built=\u00a0\u00bb1&Prime; _builder_version=\u00a0\u00bb4.9.7&Prime; _module_preset=\u00a0\u00bbdefault\u00a0\u00bb global_colors_info=\u00a0\u00bb{}\u00a0\u00bb][et_pb_row _builder_version=\u00a0\u00bb4.9.7&Prime; _module_preset=\u00a0\u00bbdefault\u00a0\u00bb global_colors_info=\u00a0\u00bb{}\u00a0\u00bb][et_pb_column type=\u00a0\u00bb4_4&Prime; _builder_version=\u00a0\u00bb4.9.7&Prime; _module_preset=\u00a0\u00bbdefault\u00a0\u00bb global_colors_info=\u00a0\u00bb{}\u00a0\u00bb][\/et_pb_column][\/et_pb_row][\/et_pb_section]\n","protected":false},"excerpt":{"rendered":"<p>Toute l&rsquo;activit\u00e9 \u00e9conomique d&rsquo;Alet Les Bains Ma\u00e7onnerie G\u00e9n\u00e9rale Joseph MARSELLI Adresse :Avenue Nicolas Pavillon, 11580 Alet les BainsT\u00e9l. 04 68 20 25 01Taxi Nayach Nayach G\u00e9rard 24h\/24 et 7j\/7T\u00e9l. 04 68 69 99 00Mobile : 06 15 07 52 59Fax: 04 68 69 91 75Adresse : 5, rue du lieutenant Paul Swank, 11580 Alet les [&hellip;]<\/p>\n","protected":false},"author":2,"featured_media":0,"parent":0,"menu_order":0,"comment_status":"closed","ping_status":"closed","template":"","meta":{"_et_pb_use_builder":"on","_et_pb_old_content":"","_et_gb_content_width":"","footnotes":""},"categories":[],"tags":[],"class_list":["post-1007","page","type-page","status-publish","hentry"],"yoast_head":"<!-- This site is optimized with the Yoast SEO plugin v27.1.1 - https:\/\/yoast.com\/product\/yoast-seo-wordpress\/ -->\n<title>Activit\u00e9s \u00e9conomiques - Mairie d&#039;Alet les bains - site Officiel<\/title>\n<meta name=\"robots\" content=\"index, follow, max-snippet:-1, max-image-preview:large, max-video-preview:-1\" \/>\n<link rel=\"canonical\" href=\"https:\/\/aletlesbains.com\/site\/activites-economiques\/\" \/>\n<meta property=\"og:locale\" content=\"fr_FR\" \/>\n<meta property=\"og:type\" content=\"article\" \/>\n<meta property=\"og:title\" content=\"[:fr]Activit\u00e9s \u00e9conomiques[:] - Mairie d&#039;Alet les bains - site Officiel\" \/>\n<meta property=\"og:description\" content=\"Toute l&#039;activit\u00e9 \u00e9conomique d&#039;Alet Les Bains Ma\u00e7onnerie G\u00e9n\u00e9rale Joseph MARSELLI Adresse :Avenue Nicolas Pavillon, 11580 Alet les BainsT\u00e9l. 04 68 20 25 01Taxi Nayach Nayach G\u00e9rard 24h\/24 et 7j\/7T\u00e9l. 04 68 69 99 00Mobile : 06 15 07 52 59Fax: 04 68 69 91 75Adresse : 5, rue du lieutenant Paul Swank, 11580 Alet les [&hellip;]\" \/>\n<meta property=\"og:url\" content=\"https:\/\/aletlesbains.com\/site\/activites-economiques\/\" \/>\n<meta property=\"og:site_name\" content=\"Mairie d&#039;Alet les bains - site Officiel\" \/>\n<meta property=\"article:modified_time\" content=\"2023-03-26T15:39:54+00:00\" \/>\n<meta name=\"twitter:card\" content=\"summary_large_image\" \/>\n<meta name=\"twitter:label1\" content=\"Dur\u00e9e de lecture estim\u00e9e\" \/>\n\t<meta name=\"twitter:data1\" content=\"3 minutes\" \/>\n<script type=\"application\/ld+json\" class=\"yoast-schema-graph\">{\"@context\":\"https:\/\/schema.org\",\"@graph\":[{\"@type\":\"WebPage\",\"@id\":\"https:\/\/aletlesbains.com\/site\/activites-economiques\/\",\"url\":\"https:\/\/aletlesbains.com\/site\/activites-economiques\/\",\"name\":\"[:fr]Activit\u00e9s \u00e9conomiques[:] - Mairie d&#039;Alet les bains - site Officiel\",\"isPartOf\":{\"@id\":\"https:\/\/aletlesbains.com\/site\/#website\"},\"datePublished\":\"2018-03-22T18:19:00+00:00\",\"dateModified\":\"2023-03-26T15:39:54+00:00\",\"breadcrumb\":{\"@id\":\"https:\/\/aletlesbains.com\/site\/activites-economiques\/#breadcrumb\"},\"inLanguage\":\"fr-FR\",\"potentialAction\":[{\"@type\":\"ReadAction\",\"target\":[\"https:\/\/aletlesbains.com\/site\/activites-economiques\/\"]}]},{\"@type\":\"BreadcrumbList\",\"@id\":\"https:\/\/aletlesbains.com\/site\/activites-economiques\/#breadcrumb\",\"itemListElement\":[{\"@type\":\"ListItem\",\"position\":1,\"name\":\"Accueil\",\"item\":\"https:\/\/aletlesbains.com\/site\/\"},{\"@type\":\"ListItem\",\"position\":2,\"name\":\"Activit\u00e9s \u00e9conomiques\"}]},{\"@type\":\"WebSite\",\"@id\":\"https:\/\/aletlesbains.com\/site\/#website\",\"url\":\"https:\/\/aletlesbains.com\/site\/\",\"name\":\"Mairie d&#039;Alet les bains - site Officiel\",\"description\":\"Village Mill\u00e9naire\",\"potentialAction\":[{\"@type\":\"SearchAction\",\"target\":{\"@type\":\"EntryPoint\",\"urlTemplate\":\"https:\/\/aletlesbains.com\/site\/?s={search_term_string}\"},\"query-input\":{\"@type\":\"PropertyValueSpecification\",\"valueRequired\":true,\"valueName\":\"search_term_string\"}}],\"inLanguage\":\"fr-FR\"}]}<\/script>\n<!-- \/ Yoast SEO plugin. -->","yoast_head_json":{"title":"[:fr]Activit\u00e9s \u00e9conomiques[:] - Mairie d&#039;Alet les bains - site Officiel","robots":{"index":"index","follow":"follow","max-snippet":"max-snippet:-1","max-image-preview":"max-image-preview:large","max-video-preview":"max-video-preview:-1"},"canonical":"https:\/\/aletlesbains.com\/site\/activites-economiques\/","og_locale":"fr_FR","og_type":"article","og_title":"[:fr]Activit\u00e9s \u00e9conomiques[:] - Mairie d&#039;Alet les bains - site Officiel","og_description":"Toute l'activit\u00e9 \u00e9conomique d'Alet Les Bains Ma\u00e7onnerie G\u00e9n\u00e9rale Joseph MARSELLI Adresse :Avenue Nicolas Pavillon, 11580 Alet les BainsT\u00e9l. 04 68 20 25 01Taxi Nayach Nayach G\u00e9rard 24h\/24 et 7j\/7T\u00e9l. 04 68 69 99 00Mobile : 06 15 07 52 59Fax: 04 68 69 91 75Adresse : 5, rue du lieutenant Paul Swank, 11580 Alet les [&hellip;]","og_url":"https:\/\/aletlesbains.com\/site\/activites-economiques\/","og_site_name":"Mairie d&#039;Alet les bains - site Officiel","article_modified_time":"2023-03-26T15:39:54+00:00","twitter_card":"summary_large_image","twitter_misc":{"Dur\u00e9e de lecture estim\u00e9e":"3 minutes"},"schema":{"@context":"https:\/\/schema.org","@graph":[{"@type":"WebPage","@id":"https:\/\/aletlesbains.com\/site\/activites-economiques\/","url":"https:\/\/aletlesbains.com\/site\/activites-economiques\/","name":"[:fr]Activit\u00e9s \u00e9conomiques[:] - Mairie d&#039;Alet les bains - site Officiel","isPartOf":{"@id":"https:\/\/aletlesbains.com\/site\/#website"},"datePublished":"2018-03-22T18:19:00+00:00","dateModified":"2023-03-26T15:39:54+00:00","breadcrumb":{"@id":"https:\/\/aletlesbains.com\/site\/activites-economiques\/#breadcrumb"},"inLanguage":"fr-FR","potentialAction":[{"@type":"ReadAction","target":["https:\/\/aletlesbains.com\/site\/activites-economiques\/"]}]},{"@type":"BreadcrumbList","@id":"https:\/\/aletlesbains.com\/site\/activites-economiques\/#breadcrumb","itemListElement":[{"@type":"ListItem","position":1,"name":"Accueil","item":"https:\/\/aletlesbains.com\/site\/"},{"@type":"ListItem","position":2,"name":"Activit\u00e9s \u00e9conomiques"}]},{"@type":"WebSite","@id":"https:\/\/aletlesbains.com\/site\/#website","url":"https:\/\/aletlesbains.com\/site\/","name":"Mairie d&#039;Alet les bains - site Officiel","description":"Village Mill\u00e9naire","potentialAction":[{"@type":"SearchAction","target":{"@type":"EntryPoint","urlTemplate":"https:\/\/aletlesbains.com\/site\/?s={search_term_string}"},"query-input":{"@type":"PropertyValueSpecification","valueRequired":true,"valueName":"search_term_string"}}],"inLanguage":"fr-FR"}]}},"_links":{"self":[{"href":"https:\/\/aletlesbains.com\/site\/wp-json\/wp\/v2\/pages\/1007","targetHints":{"allow":["GET"]}}],"collection":[{"href":"https:\/\/aletlesbains.com\/site\/wp-json\/wp\/v2\/pages"}],"about":[{"href":"https:\/\/aletlesbains.com\/site\/wp-json\/wp\/v2\/types\/page"}],"author":[{"embeddable":true,"href":"https:\/\/aletlesbains.com\/site\/wp-json\/wp\/v2\/users\/2"}],"replies":[{"embeddable":true,"href":"https:\/\/aletlesbains.com\/site\/wp-json\/wp\/v2\/comments?post=1007"}],"version-history":[{"count":47,"href":"https:\/\/aletlesbains.com\/site\/wp-json\/wp\/v2\/pages\/1007\/revisions"}],"predecessor-version":[{"id":2313,"href":"https:\/\/aletlesbains.com\/site\/wp-json\/wp\/v2\/pages\/1007\/revisions\/2313"}],"wp:attachment":[{"href":"https:\/\/aletlesbains.com\/site\/wp-json\/wp\/v2\/media?parent=1007"}],"wp:term":[{"taxonomy":"category","embeddable":true,"href":"https:\/\/aletlesbains.com\/site\/wp-json\/wp\/v2\/categories?post=1007"},{"taxonomy":"post_tag","embeddable":true,"href":"https:\/\/aletlesbains.com\/site\/wp-json\/wp\/v2\/tags?post=1007"}],"curies":[{"name":"wp","href":"https:\/\/api.w.org\/{rel}","templated":true}]}}